{"id":127,"date":"2023-05-04T05:52:09","date_gmt":"2023-05-04T05:52:09","guid":{"rendered":"https:\/\/conferences.ulbsibiu.ro\/bgdg\/?page_id=127"},"modified":"2023-05-04T05:52:09","modified_gmt":"2023-05-04T05:52:09","slug":"comunicat","status":"publish","type":"page","link":"https:\/\/conferences.ulbsibiu.ro\/bgdg\/comunicat\/","title":{"rendered":"Comunicat"},"content":{"rendered":"\n<p>Stima\u021bi colegi,<\/p>\n\n\n\n<p>V\u0103 invit\u0103m la conferin\u021ba &#8220;<strong>Boli Genetice \u0219i cu deteminism genetic. Abordare interdisciplinar\u0103<\/strong>&#8221; organizat\u0103 \u00een <strong>12 Mai \u00a02023<\/strong>, \u00een Sala de conferin\u021be a Clinicii <strong>Medlife Polisano Etaj 7 \u00eencep\u00e2nd cu ora 10<\/strong>.<\/p>\n\n\n\n<p>Bolile genetice reprezint\u0103 st\u0103ri patologice determinate preponderent de factori genetici ce apar ca o consecin\u021b\u0103 a erorilor ( muta\u021biilor) la nivelul materialului ereditar.<\/p>\n\n\n\n<p>Aceste boli reprezint\u0103 o problem\u0103 major\u0103 de s\u0103n\u0103tate public\u0103 ce impune ac\u021biuni concrete \u0219i eficiente de diagnostic \u0219i tratament \u00een echipe multidisciplinare.<\/p>\n\n\n\n<p>V\u0103 a\u0219tept\u0103m cu drag &nbsp;la acest eveniment<\/p>\n\n\n\n<p><strong>Oraganizatori principali:<\/strong><\/p>\n\n\n\n<p>Dr. Atasie Diter<\/p>\n\n\n\n<p>Medic primar genetica medicala<\/p>\n\n\n\n<p>\u0218ef de Lucr\u0103ri Facultatea de Medicin\u0103- Disciplina Genetica<\/p>\n\n\n\n<p>Unversitatea Lucian Blaga Sibiu<\/p>\n\n\n\n<p>Dr. Popescu Adriana<\/p>\n\n\n\n<p>Medic specialist Medicina de laborator<\/p>\n\n\n\n<p>Asistent universitar Facultatea de Medicin\u0103- Disciplina Genetica<\/p>\n\n\n\n<p>Unversitatea Lucian Blaga Sibiu<\/p>\n","protected":false},"excerpt":{"rendered":"<p>Stima\u021bi colegi, V\u0103 invit\u0103m la conferin\u021ba &#8220;Boli Genetice \u0219i cu deteminism genetic. Abordare interdisciplinar\u0103&#8221; organizat\u0103 \u00een 12 Mai \u00a02023, \u00een Sala de conferin\u021be a Clinicii Medlife Polisano Etaj 7 \u00eencep\u00e2nd cu ora 10. Bolile genetice reprezint\u0103 st\u0103ri patologice determinate preponderent de factori genetici ce apar ca o consecin\u021b\u0103 a erorilor ( muta\u021biilor) la nivelul materialului [&hellip;]<\/p>\n","protected":false},"author":1,"featured_media":0,"parent":0,"menu_order":0,"comment_status":"closed","ping_status":"closed","template":"","meta":[],"_links":{"self":[{"href":"https:\/\/conferences.ulbsibiu.ro\/bgdg\/wp-json\/wp\/v2\/pages\/127"}],"collection":[{"href":"https:\/\/conferences.ulbsibiu.ro\/bgdg\/wp-json\/wp\/v2\/pages"}],"about":[{"href":"https:\/\/conferences.ulbsibiu.ro\/bgdg\/wp-json\/wp\/v2\/types\/page"}],"author":[{"embeddable":true,"href":"https:\/\/conferences.ulbsibiu.ro\/bgdg\/wp-json\/wp\/v2\/users\/1"}],"replies":[{"embeddable":true,"href":"https:\/\/conferences.ulbsibiu.ro\/bgdg\/wp-json\/wp\/v2\/comments?post=127"}],"version-history":[{"count":1,"href":"https:\/\/conferences.ulbsibiu.ro\/bgdg\/wp-json\/wp\/v2\/pages\/127\/revisions"}],"predecessor-version":[{"id":128,"href":"https:\/\/conferences.ulbsibiu.ro\/bgdg\/wp-json\/wp\/v2\/pages\/127\/revisions\/128"}],"wp:attachment":[{"href":"https:\/\/conferences.ulbsibiu.ro\/bgdg\/wp-json\/wp\/v2\/media?parent=127"}],"curies":[{"name":"wp","href":"https:\/\/api.w.org\/{rel}","templated":true}]}}