{"id":3,"date":"2024-01-16T16:47:13","date_gmt":"2024-01-16T16:47:13","guid":{"rendered":"https:\/\/conferences.ulbsibiu.ro\/care4cancer\/?page_id=3"},"modified":"2024-06-29T17:37:33","modified_gmt":"2024-06-29T14:37:33","slug":"privacy-policy","status":"publish","type":"page","link":"https:\/\/conferences.ulbsibiu.ro\/care4cancer\/privacy-policy\/","title":{"rendered":"Privacy Policy"},"content":{"rendered":"\n<h2 class=\"wp-block-heading\">Contact<\/h2>\n\n\n\n<p><strong>Universitatea \u201eLucian Blaga\u201d din Sibiu<br><\/strong>Domeniu de activitate: Educa\u021bie\/cercetare<br>CUI 4480173<br>Adresa: Bd-ul Victoriei nr.10, Sibiu, 550024, Rom\u00e2nia<br>Telefon: +40-(269) 21.77.79 , +40-(269) 21.81.65<br>Fax: +40-(269) 21.78.87<br>Web:\u00a0<a href=\"https:\/\/www.ulbsibiu.ro\/\">https:\/\/www.ulbsibiu.ro<\/a><br>E-mail: rectorat@ulbsibiu.ro<br>Suport tehnic: support@ulbsibiu.ro<br>Suport congres: register@care4cancer.ro<\/p>\n\n\n\n<p><strong>Informatii utile<\/strong><\/p>\n\n\n\n<p>Conform cerin\u021belor Legii nr. 677\/2001 pentru protec\u021bia persoanelor cu privire la prelucrarea datelor cu caracter personal \u0219i libera circula\u021bie a acestor date, modificat\u0103 \u0219i completat\u0103, \u0219i ale Legii nr. 506\/2004 privind prelucrarea datelor cu caracter personal \u0219i protec\u021bia vie\u021bii private \u00een sectorul comunica\u021biilor electronice, Universitatea&nbsp;\u201eLucian Blaga\u201d din Sibiu are obliga\u021bia de a administra \u00een condi\u021bii de siguran\u021b\u0103 \u0219i numai pentru scopul specificat datele personale pe care ni le furniza\u021bi despre dumneavoastr\u0103. In conformitate cu prevederile Regulamentului (UE) 2016\/679, beneficiate de urm\u0103toarele drepturi: dreptul de acces, de interven\u021bie asupra datelor, dreptul de a nu fi supus unei decizii individuale, dreptul de a va adresa justi\u021biei, dreptul la portabilitatea datelor, dreptul la restric\u021bionarea prelucr\u0103rii. Pentru exercitarea acestor drepturi, v\u0103 pute\u021bi adresa cu o cerere scris\u0103, datat\u0103 \u0219i semnat\u0103, conducerii Universit\u0103\u021bii.<\/p>\n\n\n\n<p>Universitatea&nbsp;\u201eLucian Blaga\u201d din Sibiu&nbsp;este \u00eenscris\u0103 la A.N.S.P.D.C.P. \u00een registrul de eviden\u021b\u0103 a prelucr\u0103rilor de date cu caracter personal sub&nbsp;<strong>nr. 11827<\/strong>.<\/p>\n\n\n\n<p><a href=\"http:\/\/dataprotection.ro\/?page=Regulamentul_nr_679_2016\">Noul Regulament General de Protec\u021bia Datelor nr.679\/2016<\/a><\/p>\n\n\n\n<p><strong>Date personale despre tranzac\u021bii online<br><\/strong>Tranzac\u021biile online sunt protejate de certificarea SSL a acestui magazin online si de securizarea informa\u021biilor prin metode tehnologice, pe serverele ter\u021bilor, ce \u00eendeplinesc condi\u021biile legale de securitate. ULBS nu va publica niciodat\u0103 datele dumneavoastr\u0103 referitoare la tranzac\u021biile online. Informa\u021biile despre comenzile plasate sunt stocate \u00een baza de date a magazinului de pl\u0103\u021bi online, pe serverul principal, de\u021binut de c\u0103tre ULBS.<\/p>\n\n\n\n<p>Procesul de tranzac\u021bie online se realizeaz\u0103 cu ajutorul procesatorului de pl\u0103\u021bi NETOPIA MOBILPAY. Tranzac\u021biile sunt protejate prin encriptare cu 128 bi\u021bi \u0219i sunt analizate\/stocate pe serverele MobilPay. ULBS are acces la aceste date prin intermediul comenzilor plasate pe acest magazin online dar nu poate vizualiza date confiden\u021biale cum ar fi num\u0103rul cardului, data de expirare sau codul ccv. Datele personale din comenzile dumneavoastr\u0103 includ NUME, PRENUME, ADRESA EMAIL. <\/p>\n\n\n\n<p><strong>Date personale integrate cu instrumente analitice \u0219i de comunicare<br><\/strong>ULBS nu folose\u0219te pentru acest magazin online instrumente tehnice de analizare a performantelor \u0219i comportamentului utilizatorilor.<\/p>\n\n\n\n<p><strong>Autentificare<br><\/strong>Prin autentificarea \u00een acest magazin online sunte\u021bi de acord cu stocarea adresei dumneavoastr\u0103 de email, numelui, prenumelui.<\/p>\n\n\n\n<p><strong>Cookie-uri<br><\/strong>Dac\u0103 ave\u021bi un cont \u0219i v\u0103 autentifica\u021bi \u00een acest magazin online, vom seta 1 cookie temporar pentru a determina dac\u0103 navigatorul t\u0103u accepta cookie-uri. Acest cookie nu con\u021bine date personale si este eliminat c\u00e2nd \u00eenchizi navigatorul.<br>C\u00e2nd va autentifica\u021bi, vom seta 2 cookie-uri pentru a va salva informa\u021biile de autentificare. Cookie-urile de autentificare sunt p\u0103strate 14 zile. Daca va deconecta\u021bi din cont, cookie-urile de autentificare vor fi eliminate.<\/p>\n\n\n\n<p><strong>Con\u021binut \u00eenglobat de pe alte situri web<br><\/strong>Articolele din acest site nu include con\u021binut \u00eenglobat pe alte site-uri<\/p>\n\n\n\n<p><strong>Cu cine partaj\u0103m datele dvs.<br><\/strong>\u00cen afara procesatorului de pl\u0103\u021bi, datele personale introduse pe acest magazin online nu sunt partajate cu ter\u021bi.<\/p>\n\n\n\n<p><strong>C\u00e2t timp v\u0103 p\u0103stram datele<br><\/strong>\u00cenregistr\u0103rile privind cump\u0103r\u0103turile clien\u021bilor sunt stocate pe o perioada nelimitat\u0103.<\/p>\n\n\n\n<p>To\u021bi utilizatorii \u00ee\u0219i pot vizualiza informa\u021biile personale oric\u00e2nd.<\/p>\n\n\n\n<p><strong>Ce drepturi ave\u021bi asupra datelor dvs.<br><\/strong><a href=\"https:\/\/www.ulbsibiu.ro\/wp-content\/uploads\/documents\/generale\/Nota%20de%20informare-v2.pdf\">Nota de informare referitoare la drepturile persoanelor vizate<\/a><\/p>\n\n\n\n<p><strong>Informa\u021biile de contact<br><\/strong>\u00cen cazul \u00een care dori\u021bi sa ne contacta\u021bi, datele de contact le reg\u0103si\u021bi in sec\u021biunea&nbsp;<strong>CONTACT<\/strong>.<\/p>\n","protected":false},"excerpt":{"rendered":"<p>Contact Universitatea \u201eLucian Blaga\u201d din SibiuDomeniu de activitate: Educa\u021bie\/cercetareCUI 4480173Adresa: Bd-ul Victoriei nr.10, Sibiu, 550024, Rom\u00e2niaTelefon: +40-(269) 21.77.79 , +40-(269) 21.81.65Fax: +40-(269) 21.78.87Web:\u00a0https:\/\/www.ulbsibiu.roE-mail: rectorat@ulbsibiu.roSuport tehnic: support@ulbsibiu.roSuport congres: register@care4cancer.ro Informatii utile Conform cerin\u021belor Legii nr. 677\/2001 pentru protec\u021bia persoanelor cu privire la prelucrarea datelor cu caracter personal \u0219i libera circula\u021bie a acestor date, modificat\u0103 \u0219i completat\u0103, [&hellip;]<\/p>\n","protected":false},"author":1,"featured_media":0,"parent":0,"menu_order":0,"comment_status":"closed","ping_status":"open","template":"","meta":{"footnotes":""},"_links":{"self":[{"href":"https:\/\/conferences.ulbsibiu.ro\/care4cancer\/wp-json\/wp\/v2\/pages\/3"}],"collection":[{"href":"https:\/\/conferences.ulbsibiu.ro\/care4cancer\/wp-json\/wp\/v2\/pages"}],"about":[{"href":"https:\/\/conferences.ulbsibiu.ro\/care4cancer\/wp-json\/wp\/v2\/types\/page"}],"author":[{"embeddable":true,"href":"https:\/\/conferences.ulbsibiu.ro\/care4cancer\/wp-json\/wp\/v2\/users\/1"}],"replies":[{"embeddable":true,"href":"https:\/\/conferences.ulbsibiu.ro\/care4cancer\/wp-json\/wp\/v2\/comments?post=3"}],"version-history":[{"count":4,"href":"https:\/\/conferences.ulbsibiu.ro\/care4cancer\/wp-json\/wp\/v2\/pages\/3\/revisions"}],"predecessor-version":[{"id":61,"href":"https:\/\/conferences.ulbsibiu.ro\/care4cancer\/wp-json\/wp\/v2\/pages\/3\/revisions\/61"}],"wp:attachment":[{"href":"https:\/\/conferences.ulbsibiu.ro\/care4cancer\/wp-json\/wp\/v2\/media?parent=3"}],"curies":[{"name":"wp","href":"https:\/\/api.w.org\/{rel}","templated":true}]}}