{"id":57,"date":"2020-10-19T19:51:06","date_gmt":"2020-10-19T19:51:06","guid":{"rendered":"https:\/\/conferences.ulbsibiu.ro\/concef\/?page_id=57"},"modified":"2020-10-21T13:25:03","modified_gmt":"2020-10-21T13:25:03","slug":"keynote-speakers","status":"publish","type":"page","link":"https:\/\/conferences.ulbsibiu.ro\/concef\/en\/keynote-speakers\/","title":{"rendered":"Keynote Speakers"},"content":{"rendered":"<p>&nbsp;<\/p>\n<h4>Prof. univ. dr. dr. h. c. Andrei CORBEA-HOI\u0218IE<\/h4>\n<p><img loading=\"lazy\" class=\"size-medium wp-image-61 alignnone\" src=\"https:\/\/conferences.ulbsibiu.ro\/concef\/wp-content\/uploads\/Andrei-Corbea-300x200.png\" alt=\"\" width=\"300\" height=\"200\" srcset=\"https:\/\/conferences.ulbsibiu.ro\/concef\/wp-content\/uploads\/Andrei-Corbea-300x200.png 300w, https:\/\/conferences.ulbsibiu.ro\/concef\/wp-content\/uploads\/Andrei-Corbea.png 414w\" sizes=\"(max-width: 300px) 100vw, 300px\" \/>Licen\u021biat \u00een germanistic\u0103, rom\u00e2nistic\u0103 \u0219i istorie, doctor \u00een filologie al Universit\u0103\u021bii din Bucure\u0219ti, profesor la Universitatea \u201eAlexandru Ioan Cuza\u201c din Ia\u0219i, director de proiect la Institutul de Cercet\u0103ri Socio-umane din Sibiu al Academiei Rom\u00e2ne, fost bursier al Funda\u021biei \u201eAlexander von Humboldt\u201c, titular al Catedrei \u201eBlaise Pascal\u201c a Funda\u021biei \u201eEcole Normale Sup\u00e9rieure\u201c din Paris, fost profesor invitat\/asociat al universit\u0103\u021bilor Paris 8, Siegen, Fribourg (Elve\u021bia), Viena, Konstanz, Montpellier \u0219i al Ecole Pratique des Hautes Etudes (Sorbonne), membru al Academiei de \u0218tiin\u021be din Erfurt \u0219i \u00een Academia Europaea, laureat al Premiului Herder \u0219i al Premiului Jakob-und-Wilhelm-Grimm. Autor a numeroase lucr\u0103ri ap\u0103rute \u00een edituri \u0219i reviste rom\u00e2ne\u0219ti \u0219i str\u0103ine \u00een domeniul istoriei literaturii \u0219i culturii germane \u0219i austriece din secolele al XIX-lea \u0219i XX, ca \u0219i al teoriei literaturii \u0219i esteticii, traduc\u0103tor al lui Theodor W. Adorno \u0219i Paul Celan \u00een limba rom\u00e2n\u0103.<\/p>\n<p>Cele mai recente titluri publicate: <em>Paul Celans \u00abunbequemes Zuhause\u00bb. Sein erstes Jahrzehnt in Paris<\/em> (Rimbaud Verlag, Aachen 2017), <em>\u201eNu vrea\/cicatrice\u201c. Studii despre Paul Celan la \u00eemplinirea a 100 de ani de la na\u0219terea poetului<\/em> (Polirom, Ia\u0219i 2020) \u0219i edi\u021bia comentat\u0103 <em>Immanuel Weissglas: Gottes M\u00fchlen in Berlin<\/em> (Rimbaud Verlag, Aachen 2020).<\/p>\n<hr \/>\n<h4><strong>Prof. univ. dr. dr. h. c.<\/strong><strong> Alexandru GAFTON<\/strong><\/h4>\n<p><strong><img loading=\"lazy\" class=\"size-medium wp-image-60 alignnone\" src=\"https:\/\/conferences.ulbsibiu.ro\/concef\/wp-content\/uploads\/Alexandru-Gafton-300x280.png\" alt=\"\" width=\"300\" height=\"280\" srcset=\"https:\/\/conferences.ulbsibiu.ro\/concef\/wp-content\/uploads\/Alexandru-Gafton-300x280.png 300w, https:\/\/conferences.ulbsibiu.ro\/concef\/wp-content\/uploads\/Alexandru-Gafton.png 332w\" sizes=\"(max-width: 300px) 100vw, 300px\" \/><\/strong>Profesor \u0219i decan al Facult\u0103\u021bii de Litere din cadrul Universit\u0103\u021bii \u201eAlexandru Ioan Cuza\u201d din Ia\u0219i, expert ARACIS al Comisiei de Limbi \u0219i Literaturi, membru al Comisiei de coordonare al Institutului Limbii Rom\u00e2ne, membru al Comisiei de filologie a C.N.A.T.D.C.U \u0219i al Observatoire Europeen du Plurilinguisme, editor-\u0219ef al \u201eDiacronia\u201d \u0219i parte din multiple comitete de redac\u021bie, Alexandru Gafton este autorul a importante articole \u0219i studii ap\u0103rute \u00een spa\u021biul na\u021bional \u0219i interna\u021bional \u00een domeniul limbii rom\u00e2ne \u0219i al lingvisticii, precum \u0219i traduc\u0103torul a peste zece volume de specialitate.<\/p>\n<p>Printre numeroasele titluri publicate se afl\u0103 <em>Hipercorectitudinea <\/em>(Editura Universit\u0103\u021bii de Vest, Timi\u0219oara, 2019, ed. rev\u0103zut\u0103), <em>De la traducere la norma literar\u0103<\/em> (Editura Universit\u0103\u0163ii \u201eAlexandru Ioan Cuza\u201d, Ia\u015fi, 2012), <em>Dup\u0103 Luther. Edificarea normei literare rom\u00e2ne\u015fti prin traduceri biblice<\/em> (Editura Universit\u0103\u0163ii \u201eAlexandru Ioan Cuza\u201d, Ia\u015fi, 2005), <em>Introducere \u00een paleografia rom\u00e2no-chirilic\u0103<\/em> (Editura Universit\u0103\u0163ii \u201eAlexandru Ioan Cuza\u201d, Ia\u015fi, 2003, ed. a II-a), <em>Elemente de istorie a limbii rom\u00e2ne<\/em> (Editura Restitutio, Ia\u015fi, 2001).<\/p>\n<hr \/>\n<h4><strong>Laurent GAUTIER, <\/strong><strong>Professeur de Linguistique Allemande et Appliqu\u00e9e<\/strong><\/h4>\n<p><strong><img loading=\"lazy\" class=\"size-medium wp-image-59 alignnone\" src=\"https:\/\/conferences.ulbsibiu.ro\/concef\/wp-content\/uploads\/Laurent-Gautier-283x300.png\" alt=\"\" width=\"283\" height=\"300\" srcset=\"https:\/\/conferences.ulbsibiu.ro\/concef\/wp-content\/uploads\/Laurent-Gautier-283x300.png 283w, https:\/\/conferences.ulbsibiu.ro\/concef\/wp-content\/uploads\/Laurent-Gautier.png 294w\" sizes=\"(max-width: 283px) 100vw, 283px\" \/><\/strong>Laurent Gautier est professeur de linguistique allemande et appliqu\u00e9e \u00e0 l&#8217;UFR (unit\u00e9 de formation et de recherche) <em>Langues &amp; Communication<\/em> de l&#8217;Universit\u00e9 de Bourgogne. Il est directeur du laboratoire <em>Centre Interlangues Texte Image Langage<\/em> (EA4182) et directeur-adjoint de la <em>Maison des Sciences de l&#8217;Homme de Dijon <\/em>(USR uB CNRS 3516).\u00a0 Il coordonne par ailleurs le <em>Lab Multilingualism<\/em> de l&#8217;Universit\u00e9 Europ\u00e9enne ForThem, laur\u00e9ate de l&#8217;appel 2019 et regroupant les Universit\u00e9s Dijon, Jyv\u00e4skyl\u00e4 (Finlande), Mayence (Allemagne), Opole (Pologne), Palerme (Italie), Riga (Lettonie), S\u00e9ville (Espagne). Depuis mars 2020, il est Vice-Pr\u00e9sident de l\u2019Universit\u00e9 d\u00e9l\u00e9gu\u00e9 \u00e0 la valorisation de la recherche.<\/p>\n<p>De 2015 \u00e0 2018, il a pr\u00e9sid\u00e9 le jury de l&#8217;agr\u00e9gation externe d&#8217;allemand et est, depuis d\u00e9cembre 2018, membre nomm\u00e9 du Internationaler Wissenschaftlicher Rat du Leibniz Institut f\u00fcr Deutsche Sprache. Par ailleurs, il a \u00e9t\u00e9 de 2016 \u00e0 2020 d\u00e9l\u00e9gu\u00e9 scientifique au D\u00e9partement d&#8217;Evaluation des Formations au Hc\u00e9res.<\/p>\n<p>Laurent Gautier dirige des th\u00e8ses \u00e0 la fois en Etudes Germaniques et en Sciences du Langage, tr\u00e8s souvent dans le cadre de cotutelles internationales (Allemagne, Autriche, Espagne, Roumanie). Les th\u00e8ses en Etudes Germaniques sont le plus souvent inscrites dans le cadre du coll\u00e8ge doctoral franco-allemand Dijon-Mayence labellis\u00e9 par l&#8217;Universit\u00e9 franco-allemande.<\/p>\n<p>Les sujets inscrits rel\u00e8vent sans exception des trois th\u00e9matiques de recherche: linguistique int\u00e9grative des discours sp\u00e9cialis\u00e9s, pragma-s\u00e9mantique cognitive, analyse de discours.<\/p>\n<hr \/>\n<h4><strong>Prof. univ. dr. Michaela PRAISLER<\/strong><\/h4>\n<p><strong><img loading=\"lazy\" class=\"alignnone size-full wp-image-78\" src=\"https:\/\/conferences.ulbsibiu.ro\/concef\/wp-content\/uploads\/s200_michaela.praisler.jpg\" alt=\"\" width=\"200\" height=\"200\" srcset=\"https:\/\/conferences.ulbsibiu.ro\/concef\/wp-content\/uploads\/s200_michaela.praisler.jpg 200w, https:\/\/conferences.ulbsibiu.ro\/concef\/wp-content\/uploads\/s200_michaela.praisler-150x150.jpg 150w\" sizes=\"(max-width: 200px) 100vw, 200px\" \/>Michaela Praisler <\/strong>este profesor universitar doctor \u00een cadrul Departamentului de englez\u0103 al Facult\u0103\u0163ii de Litere, Universitatea \u201eDun\u0103rea de Jos\u201d din Gala\u0163i, unde pred\u0103 din 1990. Titlul de Doctor in Filologie, specializarea Literatur\u0103 englez\u0103 \u015fi american\u0103, i-a fost conferit de Universitatea \u201eAl. I. Cuza\u201d din Ia\u015fi, \u00een anul 1998. Domeniile sale de interes \u015fi de cercetare sunt romanul modern \u015fi contemporan de expresie englez\u0103, teoria \u015fi critica literar\u0103, studiile culturale \u015fi de film.<\/p>\n<p>Michaela Praisler a publicat peste 80 de c\u0103r\u0163i, capitole, articole, eseuri \u015fi recenzii. De-a lungul anilor, a sus\u0163inut numeroase prezent\u0103ri la conferin\u0163e organizate \u00een \u0163ar\u0103 \u015fi str\u0103in\u0103tate, a participat la proiecte interna\u0163ionale de cercetare \u015fi a condus peste 15 de teze de doctorat. Din 2014 este editor general al revistei <em>Cultural Intertexts<\/em>.<\/p>\n","protected":false},"excerpt":{"rendered":"<p>&nbsp; Prof. univ. dr. dr. h. c. Andrei CORBEA-HOI\u0218IE Licen\u021biat \u00een germanistic\u0103, rom\u00e2nistic\u0103 \u0219i istorie, doctor \u00een filologie al Universit\u0103\u021bii din Bucure\u0219ti, profesor la Universitatea \u201eAlexandru Ioan Cuza\u201c din Ia\u0219i, director de proiect la Institutul de Cercet\u0103ri Socio-umane din Sibiu al Academiei Rom\u00e2ne, fost bursier al Funda\u021biei \u201eAlexander von Humboldt\u201c, titular al Catedrei \u201eBlaise Pascal\u201c [&hellip;]<\/p>\n","protected":false},"author":1,"featured_media":0,"parent":0,"menu_order":0,"comment_status":"closed","ping_status":"closed","template":"","meta":[],"_links":{"self":[{"href":"https:\/\/conferences.ulbsibiu.ro\/concef\/wp-json\/wp\/v2\/pages\/57"}],"collection":[{"href":"https:\/\/conferences.ulbsibiu.ro\/concef\/wp-json\/wp\/v2\/pages"}],"about":[{"href":"https:\/\/conferences.ulbsibiu.ro\/concef\/wp-json\/wp\/v2\/types\/page"}],"author":[{"embeddable":true,"href":"https:\/\/conferences.ulbsibiu.ro\/concef\/wp-json\/wp\/v2\/users\/1"}],"replies":[{"embeddable":true,"href":"https:\/\/conferences.ulbsibiu.ro\/concef\/wp-json\/wp\/v2\/comments?post=57"}],"version-history":[{"count":9,"href":"https:\/\/conferences.ulbsibiu.ro\/concef\/wp-json\/wp\/v2\/pages\/57\/revisions"}],"predecessor-version":[{"id":79,"href":"https:\/\/conferences.ulbsibiu.ro\/concef\/wp-json\/wp\/v2\/pages\/57\/revisions\/79"}],"wp:attachment":[{"href":"https:\/\/conferences.ulbsibiu.ro\/concef\/wp-json\/wp\/v2\/media?parent=57"}],"curies":[{"name":"wp","href":"https:\/\/api.w.org\/{rel}","templated":true}]}}