{"id":69,"date":"2020-10-19T19:57:46","date_gmt":"2020-10-19T19:57:46","guid":{"rendered":"https:\/\/conferences.ulbsibiu.ro\/concef\/?page_id=69"},"modified":"2020-10-23T07:07:42","modified_gmt":"2020-10-23T07:07:42","slug":"organizers","status":"publish","type":"page","link":"https:\/\/conferences.ulbsibiu.ro\/concef\/en\/organizers\/","title":{"rendered":"Organizers"},"content":{"rendered":"<h4>Organizing Committee (Lucian Blaga University of Sibiu)<\/h4>\n<p>Prof. univ. dr. habil. Silvia Florea<\/p>\n<p>Prof. univ. dr. Maria Sass<\/p>\n<p>Prof. univ. dr. habil. Andrei Terian<\/p>\n<p>Conf. univ. dr. habil. Radu Dr\u0103gulescu<\/p>\n<p>Conf. univ. dr. habil. Maria-Elena Milcu<\/p>\n<p>Conf. univ. dr. habil. Doris Sava<\/p>\n<p><strong>\u00a0<\/strong><\/p>\n<h4><strong>Scientific Board<\/strong><\/h4>\n<p>Prof. univ. dr. Andr\u00e1s\u00a0 F. Balogh (Universitatea \u201eBabe\u0219-Bolyai\u201d din Cluj-Napoca)<\/p>\n<p>Prof. univ. dr. Albumi\u021ba Mugura\u0219-Constantinescu (Universitatea \u201eStefan cel Mare\u201d din Suceava)<\/p>\n<p>Prof. univ. dr. dr. h.c. Andrei Corbea-Hoi\u0219ie (Universitatea \u201eAlexandru Ioan Cuza\u201d din Ia\u0219i)<\/p>\n<p>Prof. univ. dr. habil. Markus Fischer (Universitatea din Bucure\u0219ti)<\/p>\n<p>Prof. univ. dr. dr. h.c. Alexandru Gafton (Universitatea \u201eAlexandru Ioan Cuza\u201d din Ia\u0219i)<\/p>\n<p>Prof. univ. dr. Laurent Gautier (Universitatea din Bourgogne)<\/p>\n<p>Prof. univ. dr. Michaela Praisler (Universitatea \u201eDun\u0103rea de Jos\u201d din Gala\u021bi)<\/p>\n<p>Conf. univ. dr. habil. Bianca Bican (Universitatea \u201eBabe\u0219-Bolyai\u201d din Cluj-Napoca)<\/p>\n<p>Conf. univ. dr. habil. Cecilia-Mihaela Popescu (Universitatea din Craiova)<\/p>\n<p>Conf. univ. dr. Dumitra Baron (Universitatea \u201eLucian Blaga\u201d din Sibiu)<\/p>\n<p>&nbsp;<\/p>\n<p><strong>\u00a0<\/strong><\/p>\n<h4><strong>Conference Assistants<\/strong><\/h4>\n<p>Dr. Anca-Simina Martin<\/p>\n<p>Dr. \u0218tefan Baghiu<\/p>\n<p>Drd. Vlad Pojoga<\/p>\n<p>Drd. C\u0103t\u0103lina R\u0103descu<\/p>\n<p>Drd. Bianca Arion<\/p>\n<p>Drd. Ovio Olaru<\/p>\n","protected":false},"excerpt":{"rendered":"<p>Organizing Committee (Lucian Blaga University of Sibiu) Prof. univ. dr. habil. Silvia Florea Prof. univ. dr. Maria Sass Prof. univ. dr. habil. Andrei Terian Conf. univ. dr. habil. Radu Dr\u0103gulescu Conf. univ. dr. habil. Maria-Elena Milcu Conf. univ. dr. habil. Doris Sava \u00a0 Scientific Board Prof. univ. dr. Andr\u00e1s\u00a0 F. Balogh (Universitatea \u201eBabe\u0219-Bolyai\u201d din Cluj-Napoca) [&hellip;]<\/p>\n","protected":false},"author":1,"featured_media":0,"parent":0,"menu_order":0,"comment_status":"closed","ping_status":"closed","template":"","meta":[],"_links":{"self":[{"href":"https:\/\/conferences.ulbsibiu.ro\/concef\/wp-json\/wp\/v2\/pages\/69"}],"collection":[{"href":"https:\/\/conferences.ulbsibiu.ro\/concef\/wp-json\/wp\/v2\/pages"}],"about":[{"href":"https:\/\/conferences.ulbsibiu.ro\/concef\/wp-json\/wp\/v2\/types\/page"}],"author":[{"embeddable":true,"href":"https:\/\/conferences.ulbsibiu.ro\/concef\/wp-json\/wp\/v2\/users\/1"}],"replies":[{"embeddable":true,"href":"https:\/\/conferences.ulbsibiu.ro\/concef\/wp-json\/wp\/v2\/comments?post=69"}],"version-history":[{"count":4,"href":"https:\/\/conferences.ulbsibiu.ro\/concef\/wp-json\/wp\/v2\/pages\/69\/revisions"}],"predecessor-version":[{"id":91,"href":"https:\/\/conferences.ulbsibiu.ro\/concef\/wp-json\/wp\/v2\/pages\/69\/revisions\/91"}],"wp:attachment":[{"href":"https:\/\/conferences.ulbsibiu.ro\/concef\/wp-json\/wp\/v2\/media?parent=69"}],"curies":[{"name":"wp","href":"https:\/\/api.w.org\/{rel}","templated":true}]}}