{"id":1263,"date":"2024-11-04T11:57:57","date_gmt":"2024-11-04T11:57:57","guid":{"rendered":"https:\/\/conferences.ulbsibiu.ro\/hstapa\/?page_id=1263"},"modified":"2024-11-04T12:57:51","modified_gmt":"2024-11-04T12:57:51","slug":"agenda-hstapa-2024","status":"publish","type":"page","link":"https:\/\/conferences.ulbsibiu.ro\/hstapa\/agenda-hstapa-2024\/","title":{"rendered":"Agenda HSTAPA 2024"},"content":{"rendered":"<p style=\"font-weight: 400;\">Thank you\u00a0for your interest in our academic event!<\/p>\n<ul style=\"font-weight: 400;\">\n<li>Each panel&#8217;s presentations will start at 2:30 p.m.; please access the connection link at\u00a0<b>2:25 p.m.<\/b> and be ready to share your screen if you are going to provide PowerPoint presentation or poster presentation;\u00a0<\/li>\n<li>The time you will have at your\u00a0disposal for the presentation is\u00a0<strong>7 minutes<\/strong>. We ask you to design it in a concrete manner, with emphasis on the research premise, the research methods used and the conclusions you have reached\/want to reach;<\/li>\n<li>We remind you that the deadline for submitting the\u00a0<strong>articles proposals<\/strong>\u00a0for publishing in the &#8220;Studia Securitatis&#8221; Journal is\u00a0<strong>November 12, 2024<\/strong>; the proposals will be sent <strong>journal.studiasecuritatis@ulbsibiu.ro<\/strong>. Only the proposals that meet the criteria will be sent to the peer review process; please see the details:\u00a0<a href=\"https:\/\/conferences.ulbsibiu.ro\/hstapa\/2023-2\/publication-2024\/\">Publication \u2013 HSTAPA Conference<\/a>; also you can access the Studia Securitatis Journal` official site: https:\/\/magazines.ulbsibiu.ro\/studiasecuritatis\/. We insist on downloading the template: https:\/\/magazines.ulbsibiu.ro\/studiasecuritatis\/recommendations\/.<\/li>\n<li>For those who will participate physically, you can consult the menu on the university restaurants&#8217; website:\u00a0<a href=\"https:\/\/cantina.ulbsibiu.ro\/meniul-saptamanii\/\">Meniul s\u0103pt\u0103m\u00e2nii \u2013 Comenzi online \u2013 Cantina ULBS<\/a><\/li>\n<\/ul>\n\n\n<div class=\"wp-block-file\"><a href=\"https:\/\/conferences.ulbsibiu.ro\/hstapa\/wp-content\/uploads\/HSTAPA-2024-AGENDA-site.pdf\">HSTAPA-2024-AGENDA-site<\/a><a href=\"https:\/\/conferences.ulbsibiu.ro\/hstapa\/wp-content\/uploads\/HSTAPA-2024-AGENDA-site.pdf\" class=\"wp-block-file__button\" download>Download<\/a><\/div>\n","protected":false},"excerpt":{"rendered":"<p>Thank you\u00a0for your interest in our academic event! Each panel&#8217;s presentations will start at 2:30 p.m.; please access the connection link at\u00a02:25 p.m. and be ready to share your screen if you are going to provide PowerPoint presentation or poster presentation;\u00a0 The time you will have at your\u00a0disposal for the presentation is\u00a07 minutes. We ask [&hellip;]<\/p>\n","protected":false},"author":2,"featured_media":0,"parent":0,"menu_order":0,"comment_status":"closed","ping_status":"closed","template":"","meta":[],"_links":{"self":[{"href":"https:\/\/conferences.ulbsibiu.ro\/hstapa\/wp-json\/wp\/v2\/pages\/1263"}],"collection":[{"href":"https:\/\/conferences.ulbsibiu.ro\/hstapa\/wp-json\/wp\/v2\/pages"}],"about":[{"href":"https:\/\/conferences.ulbsibiu.ro\/hstapa\/wp-json\/wp\/v2\/types\/page"}],"author":[{"embeddable":true,"href":"https:\/\/conferences.ulbsibiu.ro\/hstapa\/wp-json\/wp\/v2\/users\/2"}],"replies":[{"embeddable":true,"href":"https:\/\/conferences.ulbsibiu.ro\/hstapa\/wp-json\/wp\/v2\/comments?post=1263"}],"version-history":[{"count":8,"href":"https:\/\/conferences.ulbsibiu.ro\/hstapa\/wp-json\/wp\/v2\/pages\/1263\/revisions"}],"predecessor-version":[{"id":1280,"href":"https:\/\/conferences.ulbsibiu.ro\/hstapa\/wp-json\/wp\/v2\/pages\/1263\/revisions\/1280"}],"wp:attachment":[{"href":"https:\/\/conferences.ulbsibiu.ro\/hstapa\/wp-json\/wp\/v2\/media?parent=1263"}],"curies":[{"name":"wp","href":"https:\/\/api.w.org\/{rel}","templated":true}]}}