{"id":1499,"date":"2025-08-26T07:48:26","date_gmt":"2025-08-26T07:48:26","guid":{"rendered":"https:\/\/conferences.ulbsibiu.ro\/hstapa\/?page_id=1499"},"modified":"2025-10-15T12:56:50","modified_gmt":"2025-10-15T12:56:50","slug":"deadlines","status":"publish","type":"page","link":"https:\/\/conferences.ulbsibiu.ro\/hstapa\/hstapa-2025\/deadlines\/","title":{"rendered":"Deadlines and Fee"},"content":{"rendered":"\n<p class=\"has-text-align-center\"><strong>Registration deadline: 20<sup>th<\/sup>&nbsp;of October 2025<\/strong><\/p>\n\n\n\n<div class=\"wp-block-media-text alignwide is-stacked-on-mobile\" style=\"grid-template-columns:42% auto\"><figure class=\"wp-block-media-text__media\"><img loading=\"lazy\" width=\"300\" height=\"168\" src=\"https:\/\/conferences.ulbsibiu.ro\/hstapa\/wp-content\/uploads\/download-1.jpg\" alt=\"\" class=\"wp-image-331 size-full\"\/><\/figure><div class=\"wp-block-media-text__content\">\n<figure class=\"wp-block-table\"><table><tbody><tr><td><strong>Submission of the Registration Form<\/strong>: 20<sup>th<\/sup>&nbsp;of October 2025 (<a href=\"mailto:centru.ccsprise@ulbsibiu.ro\">conf.hstapa@ulbsibiu.ro<\/a>)<br><strong>Fee payment<\/strong>: 20<sup>th<\/sup>&nbsp;of October 2025<\/td><\/tr><tr><td><strong>Confirmation of the Registration Form<\/strong>: 21<sup>st&nbsp;<\/sup>of October 2025<\/td><\/tr><tr><td><strong>Submission of the workpapers<\/strong>: 14<sup>th<\/sup>&nbsp;of November 2025<\/td><\/tr><tr><td><\/td><\/tr><\/tbody><\/table><\/figure>\n\n\n\n<p><\/p>\n<\/div><\/div>\n\n\n\n<div class=\"wp-block-media-text alignwide is-stacked-on-mobile\" style=\"grid-template-columns:26% auto\"><figure class=\"wp-block-media-text__media\"><img loading=\"lazy\" width=\"122\" height=\"113\" src=\"https:\/\/conferences.ulbsibiu.ro\/hstapa\/wp-content\/uploads\/fundatie-logo-3.png\" alt=\"\" class=\"wp-image-522 size-full\"\/><\/figure><div class=\"wp-block-media-text__content\">\n<p class=\"has-text-color\" style=\"color:#0700a3;font-size:19px\">200 Ron or 40 Euro\/person on the <strong>Registration Form\/in person<\/strong> (includes conference materials, lunch, coffee break). <\/p>\n\n\n\n<p class=\"has-text-color\" style=\"color:#0700a3;font-size:19px\">100 Ron or 20 Euro\/article on the <strong>Registration Form\/online.<\/strong><\/p>\n\n\n\n<p class=\"has-text-color\" style=\"color:#0700a3;font-size:19px\">If the submission has more than one participant in person<strong> <\/strong>(for example, two or more authors submitting one article), the fee must be paid by each of them. For the online participation, there is a single fee\/article.<\/p>\n\n\n\n<p class=\"has-text-color\" style=\"color:#0700a3;font-size:19px\">The payment is made to the&nbsp;<strong>\u201cAcademia Ardelean\u0103\u201d Foundation, Lucian Blaga University of Sibiu, 10 Victoriei Blvd., 550024, Sibiu<\/strong><\/p>\n\n\n\n<p class=\"has-text-color\" style=\"color:#0700a3;font-size:19px\"><strong>Fiscal Code<\/strong>: &nbsp;25691904<\/p>\n\n\n\n<p class=\"has-text-color\" style=\"color:#0700a3;font-size:19px\"><strong>Beneficiary<\/strong>: \u201cAcademia Ardelean\u0103\u201d Foundation<\/p>\n\n\n\n<p class=\"has-text-color\" style=\"color:#0700a3;font-size:19px\"><strong>IBAN<\/strong>: RO92RNCB0227110136530001&nbsp;<strong>RON<\/strong>, Banca Comercial\u0103 Rom\u00e2n\u0103<\/p>\n\n\n\n<p class=\"has-text-color\" style=\"color:#0700a3;font-size:19px\"><strong>IBAN<\/strong>: RO65RNCB0227110136530002&nbsp;<strong>EURO<\/strong>, Banca Comercial\u0103 Rom\u00e2n\u0103<\/p>\n\n\n\n<p class=\"has-text-color\" style=\"color:#0700a3;font-size:19px\">In the transfer form will be mentioned:&nbsp;<strong>NAME and SURNAME of the participant&nbsp;<\/strong>and the text \u201c<strong>Conference Fee HSTAPA 2025<\/strong>\u201c <strong>&nbsp;&nbsp;&nbsp; <\/strong><\/p>\n<\/div><\/div>\n","protected":false},"excerpt":{"rendered":"<p>Registration deadline: 20th&nbsp;of October 2025 Submission of the Registration Form: 20th&nbsp;of October 2025 (conf.hstapa@ulbsibiu.ro)Fee payment: 20th&nbsp;of October 2025 Confirmation of the Registration Form: 21st&nbsp;of October 2025 Submission of the workpapers: 14th&nbsp;of November 2025 200 Ron or 40 Euro\/person on the Registration Form\/in person (includes conference materials, lunch, coffee break). 100 Ron or 20 Euro\/article on [&hellip;]<\/p>\n","protected":false},"author":3,"featured_media":0,"parent":1475,"menu_order":0,"comment_status":"closed","ping_status":"closed","template":"","meta":[],"_links":{"self":[{"href":"https:\/\/conferences.ulbsibiu.ro\/hstapa\/wp-json\/wp\/v2\/pages\/1499"}],"collection":[{"href":"https:\/\/conferences.ulbsibiu.ro\/hstapa\/wp-json\/wp\/v2\/pages"}],"about":[{"href":"https:\/\/conferences.ulbsibiu.ro\/hstapa\/wp-json\/wp\/v2\/types\/page"}],"author":[{"embeddable":true,"href":"https:\/\/conferences.ulbsibiu.ro\/hstapa\/wp-json\/wp\/v2\/users\/3"}],"replies":[{"embeddable":true,"href":"https:\/\/conferences.ulbsibiu.ro\/hstapa\/wp-json\/wp\/v2\/comments?post=1499"}],"version-history":[{"count":11,"href":"https:\/\/conferences.ulbsibiu.ro\/hstapa\/wp-json\/wp\/v2\/pages\/1499\/revisions"}],"predecessor-version":[{"id":1680,"href":"https:\/\/conferences.ulbsibiu.ro\/hstapa\/wp-json\/wp\/v2\/pages\/1499\/revisions\/1680"}],"up":[{"embeddable":true,"href":"https:\/\/conferences.ulbsibiu.ro\/hstapa\/wp-json\/wp\/v2\/pages\/1475"}],"wp:attachment":[{"href":"https:\/\/conferences.ulbsibiu.ro\/hstapa\/wp-json\/wp\/v2\/media?parent=1499"}],"curies":[{"name":"wp","href":"https:\/\/api.w.org\/{rel}","templated":true}]}}