{"id":13,"date":"2021-05-24T10:39:30","date_gmt":"2021-05-24T10:39:30","guid":{"rendered":"https:\/\/conferences.ulbsibiu.ro\/inec\/?page_id=13"},"modified":"2025-09-06T06:14:36","modified_gmt":"2025-09-06T06:14:36","slug":"acasa","status":"publish","type":"page","link":"https:\/\/conferences.ulbsibiu.ro\/inec\/ro\/","title":{"rendered":"Acasa"},"content":{"rendered":"\n<div class=\"wp-block-getwid-media-text-slider alignfull eliminare-header wp-block-getwid-media-text-slider--current-slide-1 has-arrows-none has-dots-outside\" data-labels=\"[&quot;Slide 1&quot;]\" data-animation=\"fadeIn\" data-duration=\"1500ms\" data-delay=\"0ms\"><div class=\"wp-block-getwid-media-text-slider__slides-wrapper\"><div class=\"wp-block-getwid-media-text-slider__content\" data-slide-autoplay=\"true\" data-slide-pause-on-hover=\"false\" data-slide-autoplay-speed=\"5000\" data-slide-speed=\"1000\" data-infinite=\"true\">\n<div style=\"min-height:640px\" class=\"wp-block-getwid-media-text-slider-slide wp-block-getwid-media-text-slider-slide__content-wrapper slide-1\"><div style=\"min-height:640px\" class=\"wp-block-getwid-media-text-slider-slide__content\">\n<div class=\"wp-block-getwid-media-text-slider-slide-content\"><figure class=\"wp-block-getwid-media-text-slider-slide-content__media\"><img loading=\"lazy\" width=\"1920\" height=\"640\" src=\"https:\/\/conferences.ulbsibiu.ro\/inec\/wp-content\/uploads\/slider-toamna-1.jpg\" alt=\"\" class=\"wp-block-getwid-media-text-slider-slide-content__image wp-image-58\" srcset=\"https:\/\/conferences.ulbsibiu.ro\/inec\/wp-content\/uploads\/slider-toamna-1.jpg 1920w, https:\/\/conferences.ulbsibiu.ro\/inec\/wp-content\/uploads\/slider-toamna-1-300x100.jpg 300w, https:\/\/conferences.ulbsibiu.ro\/inec\/wp-content\/uploads\/slider-toamna-1-1024x341.jpg 1024w, https:\/\/conferences.ulbsibiu.ro\/inec\/wp-content\/uploads\/slider-toamna-1-768x256.jpg 768w, https:\/\/conferences.ulbsibiu.ro\/inec\/wp-content\/uploads\/slider-toamna-1-1536x512.jpg 1536w, https:\/\/conferences.ulbsibiu.ro\/inec\/wp-content\/uploads\/slider-toamna-1-1200x400.jpg 1200w\" sizes=\"(max-width: 1920px) 100vw, 1920px\" \/><div class=\"wp-block-getwid-media-text-slider-slide-content__media-overlay\" style=\"opacity:0.35\"><\/div><\/figure><div class=\"wp-block-getwid-media-text-slider-slide-content__content\"><div class=\"wp-block-getwid-media-text-slider-slide-content__content-wrapper\">\n<h2 class=\"has-text-align-center\">Conferin\u021ba Interna\u0163ional\u0103 de Educa\u0163ie Nonformal\u0103<\/h2>\n\n\n\n<p class=\"has-text-align-center\"><strong>INEC 202<\/strong>5<\/p>\n\n\n\n<p class=\"has-text-align-center\"><strong>BOR\u0218A &#8211; MOISEI, MARAMURE\u0218, 19 &#8211; 21 septembrie 202<\/strong>5<\/p>\n<\/div><\/div><\/div>\n<\/div><\/div>\n<\/div><\/div><\/div>\n\n\n\n<div class=\"wp-block-image\"><figure class=\"aligncenter size-large\"><img loading=\"lazy\" width=\"724\" height=\"1024\" src=\"https:\/\/conferences.ulbsibiu.ro\/inec\/wp-content\/uploads\/Afis_INEC_2025-724x1024.jpg\" alt=\"\" class=\"wp-image-871\" srcset=\"https:\/\/conferences.ulbsibiu.ro\/inec\/wp-content\/uploads\/Afis_INEC_2025-724x1024.jpg 724w, https:\/\/conferences.ulbsibiu.ro\/inec\/wp-content\/uploads\/Afis_INEC_2025-212x300.jpg 212w, https:\/\/conferences.ulbsibiu.ro\/inec\/wp-content\/uploads\/Afis_INEC_2025-768x1086.jpg 768w, https:\/\/conferences.ulbsibiu.ro\/inec\/wp-content\/uploads\/Afis_INEC_2025-1086x1536.jpg 1086w, https:\/\/conferences.ulbsibiu.ro\/inec\/wp-content\/uploads\/Afis_INEC_2025-1200x1697.jpg 1200w, https:\/\/conferences.ulbsibiu.ro\/inec\/wp-content\/uploads\/Afis_INEC_2025.jpg 1240w\" sizes=\"(max-width: 724px) 100vw, 724px\" \/><\/figure><\/div>\n\n\n\n<h2 class=\"has-text-align-center\"><strong>Parteneri<\/strong><\/h2>\n\n\n\n<div class=\"wp-block-columns\">\n<div class=\"wp-block-column\">\n<div class=\"wp-block-image\"><figure class=\"aligncenter size-large\"><img loading=\"lazy\" width=\"1024\" height=\"98\" src=\"https:\/\/conferences.ulbsibiu.ro\/inec\/wp-content\/uploads\/Afis_INEC_2024-02-1024x98.jpg\" alt=\"\" class=\"wp-image-788\" srcset=\"https:\/\/conferences.ulbsibiu.ro\/inec\/wp-content\/uploads\/Afis_INEC_2024-02-1024x98.jpg 1024w, https:\/\/conferences.ulbsibiu.ro\/inec\/wp-content\/uploads\/Afis_INEC_2024-02-300x29.jpg 300w, https:\/\/conferences.ulbsibiu.ro\/inec\/wp-content\/uploads\/Afis_INEC_2024-02-768x74.jpg 768w, https:\/\/conferences.ulbsibiu.ro\/inec\/wp-content\/uploads\/Afis_INEC_2024-02-1200x115.jpg 1200w, https:\/\/conferences.ulbsibiu.ro\/inec\/wp-content\/uploads\/Afis_INEC_2024-02.jpg 1240w\" sizes=\"(max-width: 1024px) 100vw, 1024px\" \/><\/figure><\/div>\n<\/div>\n<\/div>\n","protected":false},"excerpt":{"rendered":"<p>Parteneri<\/p>\n","protected":false},"author":1,"featured_media":0,"parent":0,"menu_order":0,"comment_status":"closed","ping_status":"closed","template":"","meta":[],"_links":{"self":[{"href":"https:\/\/conferences.ulbsibiu.ro\/inec\/wp-json\/wp\/v2\/pages\/13"}],"collection":[{"href":"https:\/\/conferences.ulbsibiu.ro\/inec\/wp-json\/wp\/v2\/pages"}],"about":[{"href":"https:\/\/conferences.ulbsibiu.ro\/inec\/wp-json\/wp\/v2\/types\/page"}],"author":[{"embeddable":true,"href":"https:\/\/conferences.ulbsibiu.ro\/inec\/wp-json\/wp\/v2\/users\/1"}],"replies":[{"embeddable":true,"href":"https:\/\/conferences.ulbsibiu.ro\/inec\/wp-json\/wp\/v2\/comments?post=13"}],"version-history":[{"count":42,"href":"https:\/\/conferences.ulbsibiu.ro\/inec\/wp-json\/wp\/v2\/pages\/13\/revisions"}],"predecessor-version":[{"id":971,"href":"https:\/\/conferences.ulbsibiu.ro\/inec\/wp-json\/wp\/v2\/pages\/13\/revisions\/971"}],"wp:attachment":[{"href":"https:\/\/conferences.ulbsibiu.ro\/inec\/wp-json\/wp\/v2\/media?parent=13"}],"curies":[{"name":"wp","href":"https:\/\/api.w.org\/{rel}","templated":true}]}}