{"id":204,"date":"2023-08-10T09:11:42","date_gmt":"2023-08-10T09:11:42","guid":{"rendered":"https:\/\/conferences.ulbsibiu.ro\/inec\/?page_id=204"},"modified":"2025-08-05T11:50:30","modified_gmt":"2025-08-05T11:50:30","slug":"program","status":"publish","type":"page","link":"https:\/\/conferences.ulbsibiu.ro\/inec\/ro\/program\/","title":{"rendered":"Program"},"content":{"rendered":"\n<div class=\"wp-block-buttons is-content-justification-center\">\n<div class=\"wp-block-button\"><a class=\"wp-block-button__link\" href=\"https:\/\/conferences.ulbsibiu.ro\/inec\/wp-content\/uploads\/Program-INEC_2025.pdf\">Descarc\u0103 program<\/a><\/div>\n<\/div>\n\n\n\n<p><strong>S\u00e2mb\u0103t\u0103, 20 septembrie 2025<\/strong><\/p>\n\n\n\n<ul id=\"block-9e7a5388-564d-4297-b4ff-35dfdeae514e\"><li>9:00 &#8211; 9:30 \u00ceNREGISTRAREA PARTICIPAN\u021aILOR<\/li><li>9:30 &#8211; 10:30 CONFERIN\u021aA \u00ceN PLEN<ul><li>Daniel MARA, Mu\u0219ata BOCO\u0218 &#8211; <em>Modele ale \u00eenv\u0103\u021b\u0103rii eficiente \u00een educa\u021bia nonformal\u0103 (\u00eenv\u0103\u021barea experien\u021bial\u0103 \u0219i \u00eenv\u0103\u021barea transformativ\u0103)<\/em><\/li><li>Johannes KLEIN &#8211; <em>Educa\u021bie nonformal\u0103 \u00een cadrul Universit\u0103\u021bii copiilor din B\u0103rcut <\/em><\/li><\/ul><\/li><li>10:30 &#8211; 11:00 COFFEE BREAK<\/li><li>11:00 &#8211; 13:00 WORKSHOP-URI<ul><li>Liana Regina IUNESCH &#8211; <em>Pedagogia experien\u021bial\u0103 \u2013 \u00eenv\u0103\u021bare procedural\u0103<\/em><\/li><li>Alina-Maria MOLDOVAN &#8211; <em>Creativitate \u0219i participare activ\u0103 prin teatru \u0219i joc<\/em><\/li><li>Teresa LEONHARD &#8211; <em>M<sup>3<\/sup>: Muzic\u0103 + Mi\u0219care + Matematic\u0103 sau: cum sun\u0103 matematica?<\/em><\/li><li>Eveline CIOFLEC &#8211; <em>G\u00e2ndire creativ\u0103: proximitate \u0219i distan\u021bare<\/em><\/li><li>Renate KLEIN, Johannes KLEIN &#8211; <em>\u00cenv\u0103\u021barea experien\u021bial\u0103 la Universitatea copiilor din B\u0103rcut<\/em><\/li><li>Claudia-Aurora ZAMFIR, Simona-Violeta BUCUR &#8211; <em>Vibe de litera\u021bie pentru orice disciplin\u0103 de studiu, cu o nou\u0103 genera\u021bie<\/em><\/li><li>Roxana-Maria BLIDARU, Liliana-Daniela CHIVULESCU&nbsp;&#8211;&nbsp;<em>V\u00e2n\u0103toare de comori \u0219i alfabetizare<\/em><\/li><li>Alin Florin DANCIU, Adina RO\u0218CA&nbsp;&#8211;&nbsp;<em>Predarea \u2013 evaluarea altfel folosind platforma Digitaliada<\/em><\/li><\/ul><\/li><li>13:00 &#8211; 13:30 CONCLUZII WORKSHOP-URI<\/li><li>13:30 &#8211; 15:00 PR\u00c2NZ<\/li><li>15:00 &#8211; 18:00 PROGRAM ECO-SOCIO-CULTURAL<\/li><li>19:00 &#8211; 21:00 CINA FESTIV\u0102<\/li><\/ul>\n\n\n\n<p id=\"block-17e6c1bb-9c54-400c-95e8-731b248a8f5b\"><strong>Duminic\u0103, 21 septembrie 2025<\/strong><\/p>\n\n\n\n<ul id=\"block-aa11805c-8105-466c-b479-9e114ea2cb80\"><li>9:30 &#8211; 11:30 WORKSHOP-URI<ul><li>Alina Geanina IONESCU &#8211; <em>Atelier de art\u0103 plastic\u0103<\/em><\/li><\/ul><ul><li>Veronica-Oana IRIMIA &#8211; <em>Haide\u021bi la joac\u0103! Jocuri de cre\u0219tere a coeziunii grupului<\/em><\/li><li>Alin Florin DANCIU, Adina Elena RO\u0218CA &#8211; <em>Laboratorul vie\u021bii \u2013 educa\u021bie pentru via\u021b\u0103<\/em><\/li><li>Dorina GRIGOR &#8211; <em>Cum s\u0103 fim mai mari, mai puternici, mai \u00een\u021belep\u021bi \u0219i mai bl\u00e2nzi pentru copilul nostru? Program de educa\u021bie Cercul siguran\u021bei pentru p\u0103rin\u021bi<\/em><\/li><li>Paolo FRIGNANI, Alessio PODIANI e Silvia DE MOYA &#8211; <em>Inteligen\u021ba artificial\u0103 \u0219i formarea \u00een \u0219coal\u0103 \u0219i \u00een afara \u0219colii: instrumente, idei \u0219i reflec\u021bii<\/em><\/li><li>Tamara ZAPPATERRA, Loredana LA VECCHIA, Giovanni GANINO &#8211; <em>Activit\u0103\u021bi media-educative pentru combaterea violen\u021bei bazate pe gen<\/em><\/li><li>Vlad GOGELESCU, Ana Maria GR\u0102DINARIU &#8211; <em>Cum dezvolt\u0103m g\u00e2ndirea critic\u0103 prin \u00een\u021belegere de perspective \u00een situa\u021bii complexe \u0219i cum folosim metode de compromis \u0219i negociere<\/em><\/li><\/ul><\/li><li>11:30 &#8211; 12:00 CONCLUZII WORKSHOP-URI<\/li><li>12:00 &#8211; 12:30 \u00ceNCHEIEREA CONFERIN\u021aEI<\/li><\/ul>\n\n\n\n<p><\/p>\n","protected":false},"excerpt":{"rendered":"<p>S\u00e2mb\u0103t\u0103, 20 septembrie 2025 9:00 &#8211; 9:30 \u00ceNREGISTRAREA PARTICIPAN\u021aILOR 9:30 &#8211; 10:30 CONFERIN\u021aA \u00ceN PLEN Daniel MARA, Mu\u0219ata BOCO\u0218 &#8211; Modele ale \u00eenv\u0103\u021b\u0103rii eficiente \u00een educa\u021bia nonformal\u0103 (\u00eenv\u0103\u021barea experien\u021bial\u0103 \u0219i \u00eenv\u0103\u021barea transformativ\u0103) Johannes KLEIN &#8211; Educa\u021bie nonformal\u0103 \u00een cadrul Universit\u0103\u021bii copiilor din B\u0103rcut 10:30 &#8211; 11:00 COFFEE BREAK 11:00 &#8211; 13:00 WORKSHOP-URI Liana Regina IUNESCH [&hellip;]<\/p>\n","protected":false},"author":2,"featured_media":0,"parent":0,"menu_order":0,"comment_status":"closed","ping_status":"closed","template":"","meta":[],"_links":{"self":[{"href":"https:\/\/conferences.ulbsibiu.ro\/inec\/wp-json\/wp\/v2\/pages\/204"}],"collection":[{"href":"https:\/\/conferences.ulbsibiu.ro\/inec\/wp-json\/wp\/v2\/pages"}],"about":[{"href":"https:\/\/conferences.ulbsibiu.ro\/inec\/wp-json\/wp\/v2\/types\/page"}],"author":[{"embeddable":true,"href":"https:\/\/conferences.ulbsibiu.ro\/inec\/wp-json\/wp\/v2\/users\/2"}],"replies":[{"embeddable":true,"href":"https:\/\/conferences.ulbsibiu.ro\/inec\/wp-json\/wp\/v2\/comments?post=204"}],"version-history":[{"count":59,"href":"https:\/\/conferences.ulbsibiu.ro\/inec\/wp-json\/wp\/v2\/pages\/204\/revisions"}],"predecessor-version":[{"id":950,"href":"https:\/\/conferences.ulbsibiu.ro\/inec\/wp-json\/wp\/v2\/pages\/204\/revisions\/950"}],"wp:attachment":[{"href":"https:\/\/conferences.ulbsibiu.ro\/inec\/wp-json\/wp\/v2\/media?parent=204"}],"curies":[{"name":"wp","href":"https:\/\/api.w.org\/{rel}","templated":true}]}}