{"id":248,"date":"2023-08-10T12:08:36","date_gmt":"2023-08-10T12:08:36","guid":{"rendered":"https:\/\/conferences.ulbsibiu.ro\/inec\/?page_id=248"},"modified":"2025-06-29T16:04:39","modified_gmt":"2025-06-29T16:04:39","slug":"scientific-committee","status":"publish","type":"page","link":"https:\/\/conferences.ulbsibiu.ro\/inec\/en\/scientific-committee\/","title":{"rendered":"Scientific Committee"},"content":{"rendered":"\n<div style=\"height:63px\" aria-hidden=\"true\" class=\"wp-block-spacer\"><\/div>\n\n\n\n<ul><li><strong><strong>Olaya \u00c1LVAREZ GARC\u00cdA,<\/strong><\/strong> Ph.D., University of the Balearic Islands, Spain<\/li><li><strong><strong>Wanda BARANOWSKA, <\/strong><\/strong>Ph.D., University of Lodz, Poland<\/li><li><strong><strong>Fabio BOCCI, <\/strong><\/strong>Ph.D., University Roma Tre, Italy<\/li><li><strong><strong>Mu\u0219ata BOCO\u0218, <\/strong><\/strong>Ph.D., Babe\u0219-Bolyai University, Cluj-Napoca, Romania<\/li><li><strong><strong>Marco CATARCI, <\/strong><\/strong>Ph.D., University Roma Tre, Italy<\/li><li><strong><strong>Lucian CIOLAN, <\/strong><\/strong>Ph.D., University of Bucharest, Romania<\/li><li><strong><strong>Giorgio CRESCENZA<\/strong>, <\/strong>Ph.D., University of Tuscia, Italy<\/li><li><strong><strong>Donatella FANTOZZI, <\/strong><\/strong>Ph.D., University of Pisa, Italy<\/li><li><strong><strong>Massimiliano FIORUCCI, <\/strong><\/strong>Ph.D., University Roma Tre, Italy<\/li><li><strong><strong>Romi\u0163\u0103 IUCU, <\/strong><\/strong>Ph.D., University of Bucharest, Romania<\/li><li><strong><strong>Daniel MARA, <\/strong><\/strong>Ph.D., \u201cLucian Blaga\u201d University of Sibiu, Romania<\/li><li><strong><strong>Merc\u00e8 MOREY L\u00d3PEZ, <\/strong><\/strong>Ph.D., University of the Balearic Islands, Spain<\/li><li><strong><strong>Arianna Lodovica MORINI, <\/strong><\/strong>Ph.D., University Roma Tre, Italy<\/li><li><strong><strong>Mihaela-Gabriela NEAC\u0218U<\/strong>, <\/strong>Ph.D., National University of Science<strong> <\/strong>and Technology Politehnica Bucharest, University Center Pitesti<\/li><li><strong><strong>Dorin OPRI\u0218, <\/strong><\/strong>Ph.D., \u201c1 Decembrie 1918&#8243; University, Alba Iulia, Romania<\/li><li><strong><strong>Georgeta P\u00c2NI\u0218OAR\u0102, <\/strong><\/strong>Ph.D., University of Bucharest, Romania<\/li><li><strong><strong>Roc\u00edo P\u00c9REZ SOL\u00cdS<\/strong>, <\/strong>Ph.D., University of Las Palmas de Gran Canaria, Spain<\/li><li><strong><strong>Dana RAD, <\/strong><\/strong>Ph.D., \u201cAurel Vlaicu\u201d University of Arad, Romania<\/li><li><strong><strong>Sorin RADU, <\/strong><\/strong>Ph.D., \u201cLucian Blaga\u201d University of Sibiu, Romania<\/li><li><strong><strong>Alina ROMAN, <\/strong><\/strong>Ph.D., \u201cAurel Vlaicu\u201d University of Arad, Romania<\/li><li><strong><strong>Liana T\u0102U\u0218AN, <\/strong><\/strong>Ph.D., Technical University of Cluj-Napoca, Romania<\/li><li><strong><strong>Margareta M. THOMSON,<\/strong><\/strong> Ph.D., North Carolina State University, Raleigh, USA<\/li><li><strong><strong>Ioana TODOR, <\/strong><\/strong>Ph.D., \u201c1 Decembrie 1918&#8243; University, Alba Iulia, Romania<\/li><li><strong><strong>\u0141ukasz TOMCZYK, <\/strong><\/strong>Ph.D., Jagiellonian University, Poland<\/li><li><strong><strong>Giusi Antonia TOTO<\/strong>, <\/strong>Ph.D., University of Foggia, Italy<\/li><li><strong><strong>Patrizia SANDRI<\/strong>, <\/strong>Ph.D., University of Bologna, Italy<\/li><li><strong><strong>Raluca SASSU, <\/strong><\/strong>Ph.D., \u201cLucian Blaga\u201d University of Sibiu, Romania<\/li><li><strong><strong>Lucia SAVA, <\/strong><\/strong>\u201cIon Creang\u0103\u201d State Pedagogical University of Chi\u0219in\u0103u, Moldova<\/li><li><strong><strong>Simona SAVA, <\/strong><\/strong>Ph.D., West University of Timi\u015foara, Romania<\/li><li><strong><strong>Thor Andr\u00e9 SKREFSRUD,<\/strong><\/strong> Inland Norway University of Applied Sciences, Norway<\/li><li><strong><strong>Rosa Eva VALLE, <\/strong><\/strong>Ph.D., University of Leon, Spain<\/li><li><strong><strong>Simona VELEA, <\/strong><\/strong>Ph.D., National University for Political Studies and Public Administration, Bucharest, Romania<\/li><li><strong><strong>Mihaela VOINEA<\/strong>,<\/strong> Ph.D., Transilvania University of Bra\u0219ov, Romania<\/li><li><strong><strong>Tamara ZAPPATERRA, <\/strong><\/strong>Ph.D., University of Ferrara, Italy<\/li><li><strong><strong>Johanna Z\u00d6LLNER, <\/strong><\/strong>University of Education Karlsruhe, Germany<\/li><\/ul>\n","protected":false},"excerpt":{"rendered":"<p>Olaya \u00c1LVAREZ GARC\u00cdA, Ph.D., University of the Balearic Islands, Spain Wanda BARANOWSKA, Ph.D., University of Lodz, Poland Fabio BOCCI, Ph.D., University Roma Tre, Italy Mu\u0219ata BOCO\u0218, Ph.D., Babe\u0219-Bolyai University, Cluj-Napoca, Romania Marco CATARCI, Ph.D., University Roma Tre, Italy Lucian CIOLAN, Ph.D., University of Bucharest, Romania Giorgio CRESCENZA, Ph.D., University of Tuscia, Italy Donatella FANTOZZI, Ph.D., [&hellip;]<\/p>\n","protected":false},"author":2,"featured_media":0,"parent":0,"menu_order":0,"comment_status":"closed","ping_status":"closed","template":"","meta":[],"_links":{"self":[{"href":"https:\/\/conferences.ulbsibiu.ro\/inec\/wp-json\/wp\/v2\/pages\/248"}],"collection":[{"href":"https:\/\/conferences.ulbsibiu.ro\/inec\/wp-json\/wp\/v2\/pages"}],"about":[{"href":"https:\/\/conferences.ulbsibiu.ro\/inec\/wp-json\/wp\/v2\/types\/page"}],"author":[{"embeddable":true,"href":"https:\/\/conferences.ulbsibiu.ro\/inec\/wp-json\/wp\/v2\/users\/2"}],"replies":[{"embeddable":true,"href":"https:\/\/conferences.ulbsibiu.ro\/inec\/wp-json\/wp\/v2\/comments?post=248"}],"version-history":[{"count":8,"href":"https:\/\/conferences.ulbsibiu.ro\/inec\/wp-json\/wp\/v2\/pages\/248\/revisions"}],"predecessor-version":[{"id":884,"href":"https:\/\/conferences.ulbsibiu.ro\/inec\/wp-json\/wp\/v2\/pages\/248\/revisions\/884"}],"wp:attachment":[{"href":"https:\/\/conferences.ulbsibiu.ro\/inec\/wp-json\/wp\/v2\/media?parent=248"}],"curies":[{"name":"wp","href":"https:\/\/api.w.org\/{rel}","templated":true}]}}