{"id":303,"date":"2023-08-10T14:12:57","date_gmt":"2023-08-10T14:12:57","guid":{"rendered":"https:\/\/conferences.ulbsibiu.ro\/inec\/?page_id=303"},"modified":"2025-08-05T11:46:57","modified_gmt":"2025-08-05T11:46:57","slug":"inregistrare","status":"publish","type":"page","link":"https:\/\/conferences.ulbsibiu.ro\/inec\/ro\/inregistrare\/","title":{"rendered":"\u00cenregistrare"},"content":{"rendered":"\n<div style=\"height:70px\" aria-hidden=\"true\" class=\"wp-block-spacer\"><\/div>\n\n\n\n<p>Pentru a putea participa la conferin\u021b\u0103, v\u0103 rug\u0103m s\u0103 achita\u021bi taxa de participare \u0219i apoi s\u0103 completa\u021bi formularul de \u00eenregistrare, ap\u0103s\u00e2nd butonul <strong>\u00ceNREGISTRARE<\/strong>, p\u00e2n\u0103 \u00een data de 13 septembrie 2025.<\/p>\n\n\n\n<p>Conferin\u021ba va avea loc la <strong>Hotel Iva\u015fcu<\/strong>, Str. Izvorul Drago\u0219 664, Moisei 437195.<\/p>\n\n\n\n<p>Valoarea taxei de participare este:<\/p>\n\n\n\n<ul><li><strong>300LEI<\/strong> &#8211;  taxa acoper\u0103 mapa conferin\u021bei, participarea la sesiuni \u00een plen, participarea la workshop-urile de s\u00e2mb\u0103t\u0103 \u0219i duminic\u0103, precum \u0219i cheltuielile de mas\u0103 (<strong><em>exclusiv cina festiv\u0103<\/em><\/strong>).<\/li><li><strong>400LEI<\/strong> &#8211; taxa acoper\u0103 mapa conferin\u021bei, participarea la sesiuni \u00een plen, participarea la workshop-urile de s\u00e2mb\u0103t\u0103 \u0219i duminic\u0103, precum \u0219i cheltuielile de mas\u0103 (<strong><em>inclusiv cina festiv\u0103<\/em><\/strong>).<\/li><\/ul>\n\n\n\n<p>Taxa se achit\u0103 \u00een contul bancar al:&nbsp;<strong>LICEULUI BOR\u0218A, deschis la TREZORERIA VI\u0218EU DE SUS, cod IBAN RO75TREZ44121E370100XXXX, CUI: 3695263<\/strong>, cu men\u021biunea TAX\u0102 CONFERIN\u0162\u0102 INTERNA\u0162IONAL\u0102 DE EDUCA\u0162IE NONFORMAL\u0102.<\/p>\n\n\n\n<p>Dovada pl\u0103\u021bii (<strong>chitan\u021b\u0103 scanat\u0103 \/ foto<\/strong>) se trimite \u00eempreun\u0103 cu fi\u0219a de \u00eenscriere la adresa de email: <a href=\"inec.mm2025@gmail.com\">inec.mm2025@gmail.com<\/a><\/p>\n\n\n\n<p>Op\u021biuni de cazare: Pensiunea Capra Neagr\u0103, Pensiunea Lido, Pensiunea Vox, Alpina Delux, Pensiunea Agroturistic\u0103 Moisei<\/p>\n\n\n\n<div class=\"wp-block-buttons is-content-justification-center\">\n<div class=\"wp-block-button\"><a class=\"wp-block-button__link\" href=\"https:\/\/forms.gle\/XFkbtK5n2E3sMREx5\">\u00eenregistrare<\/a><\/div>\n<\/div>\n\n\n\n<p><\/p>\n","protected":false},"excerpt":{"rendered":"<p>Pentru a putea participa la conferin\u021b\u0103, v\u0103 rug\u0103m s\u0103 achita\u021bi taxa de participare \u0219i apoi s\u0103 completa\u021bi formularul de \u00eenregistrare, ap\u0103s\u00e2nd butonul \u00ceNREGISTRARE, p\u00e2n\u0103 \u00een data de 13 septembrie 2025. Conferin\u021ba va avea loc la Hotel Iva\u015fcu, Str. Izvorul Drago\u0219 664, Moisei 437195. Valoarea taxei de participare este: 300LEI &#8211; taxa acoper\u0103 mapa conferin\u021bei, participarea [&hellip;]<\/p>\n","protected":false},"author":2,"featured_media":0,"parent":0,"menu_order":0,"comment_status":"closed","ping_status":"closed","template":"","meta":[],"_links":{"self":[{"href":"https:\/\/conferences.ulbsibiu.ro\/inec\/wp-json\/wp\/v2\/pages\/303"}],"collection":[{"href":"https:\/\/conferences.ulbsibiu.ro\/inec\/wp-json\/wp\/v2\/pages"}],"about":[{"href":"https:\/\/conferences.ulbsibiu.ro\/inec\/wp-json\/wp\/v2\/types\/page"}],"author":[{"embeddable":true,"href":"https:\/\/conferences.ulbsibiu.ro\/inec\/wp-json\/wp\/v2\/users\/2"}],"replies":[{"embeddable":true,"href":"https:\/\/conferences.ulbsibiu.ro\/inec\/wp-json\/wp\/v2\/comments?post=303"}],"version-history":[{"count":16,"href":"https:\/\/conferences.ulbsibiu.ro\/inec\/wp-json\/wp\/v2\/pages\/303\/revisions"}],"predecessor-version":[{"id":948,"href":"https:\/\/conferences.ulbsibiu.ro\/inec\/wp-json\/wp\/v2\/pages\/303\/revisions\/948"}],"wp:attachment":[{"href":"https:\/\/conferences.ulbsibiu.ro\/inec\/wp-json\/wp\/v2\/media?parent=303"}],"curies":[{"name":"wp","href":"https:\/\/api.w.org\/{rel}","templated":true}]}}