{"id":45,"date":"2021-05-24T11:04:53","date_gmt":"2021-05-24T11:04:53","guid":{"rendered":"https:\/\/conferences.ulbsibiu.ro\/inec\/?page_id=45"},"modified":"2025-07-07T06:17:08","modified_gmt":"2025-07-07T06:17:08","slug":"contact","status":"publish","type":"page","link":"https:\/\/conferences.ulbsibiu.ro\/inec\/ro\/contact\/","title":{"rendered":"Contact"},"content":{"rendered":"\n<p>Prof. Timi\u015f-Mure\u015fan Liana&nbsp;<\/p>\n\n\n\n<p>Liceul Bor\u015fa: 0262342186<\/p>\n\n\n\n<p>E-mail:\u00a0<a rel=\"noreferrer noopener\" href=\"mailto:conf.inec@pedagogicmures.ro\" target=\"_blank\"><\/a><a href=\"inec.mm2025@gmail.com\">inec.mm2025@gmail.com<\/a><\/p>\n","protected":false},"excerpt":{"rendered":"<p>Prof. Timi\u015f-Mure\u015fan Liana&nbsp; Liceul Bor\u015fa: 0262342186 E-mail:\u00a0inec.mm2025@gmail.com<\/p>\n","protected":false},"author":1,"featured_media":0,"parent":0,"menu_order":0,"comment_status":"closed","ping_status":"closed","template":"","meta":[],"_links":{"self":[{"href":"https:\/\/conferences.ulbsibiu.ro\/inec\/wp-json\/wp\/v2\/pages\/45"}],"collection":[{"href":"https:\/\/conferences.ulbsibiu.ro\/inec\/wp-json\/wp\/v2\/pages"}],"about":[{"href":"https:\/\/conferences.ulbsibiu.ro\/inec\/wp-json\/wp\/v2\/types\/page"}],"author":[{"embeddable":true,"href":"https:\/\/conferences.ulbsibiu.ro\/inec\/wp-json\/wp\/v2\/users\/1"}],"replies":[{"embeddable":true,"href":"https:\/\/conferences.ulbsibiu.ro\/inec\/wp-json\/wp\/v2\/comments?post=45"}],"version-history":[{"count":6,"href":"https:\/\/conferences.ulbsibiu.ro\/inec\/wp-json\/wp\/v2\/pages\/45\/revisions"}],"predecessor-version":[{"id":942,"href":"https:\/\/conferences.ulbsibiu.ro\/inec\/wp-json\/wp\/v2\/pages\/45\/revisions\/942"}],"wp:attachment":[{"href":"https:\/\/conferences.ulbsibiu.ro\/inec\/wp-json\/wp\/v2\/media?parent=45"}],"curies":[{"name":"wp","href":"https:\/\/api.w.org\/{rel}","templated":true}]}}