{"id":47,"date":"2021-05-24T11:05:07","date_gmt":"2021-05-24T11:05:07","guid":{"rendered":"https:\/\/conferences.ulbsibiu.ro\/inec\/?page_id=47"},"modified":"2025-07-07T06:17:34","modified_gmt":"2025-07-07T06:17:34","slug":"contact-2","status":"publish","type":"page","link":"https:\/\/conferences.ulbsibiu.ro\/inec\/en\/contact-2\/","title":{"rendered":"Contact"},"content":{"rendered":"\n<div style=\"height:56px\" aria-hidden=\"true\" class=\"wp-block-spacer\"><\/div>\n\n\n\n<p>Prof. Timi\u015f-Mure\u015fan Liana&nbsp;<\/p>\n\n\n\n<p>Liceul Bor\u015fa: 0262342186<\/p>\n\n\n\n<p>E-mail:\u00a0<a href=\"inec.mm2025@gmail.com\" target=\"_blank\" rel=\"noreferrer noopener\"><a href=\"mailto:conf.inec@pedagogicmures.ro\">inec.mm2025@gmail.com<\/a><\/a><\/p>\n","protected":false},"excerpt":{"rendered":"<p>Prof. Timi\u015f-Mure\u015fan Liana&nbsp; Liceul Bor\u015fa: 0262342186 E-mail:\u00a0inec.mm2025@gmail.com<\/p>\n","protected":false},"author":1,"featured_media":0,"parent":0,"menu_order":0,"comment_status":"closed","ping_status":"closed","template":"","meta":[],"_links":{"self":[{"href":"https:\/\/conferences.ulbsibiu.ro\/inec\/wp-json\/wp\/v2\/pages\/47"}],"collection":[{"href":"https:\/\/conferences.ulbsibiu.ro\/inec\/wp-json\/wp\/v2\/pages"}],"about":[{"href":"https:\/\/conferences.ulbsibiu.ro\/inec\/wp-json\/wp\/v2\/types\/page"}],"author":[{"embeddable":true,"href":"https:\/\/conferences.ulbsibiu.ro\/inec\/wp-json\/wp\/v2\/users\/1"}],"replies":[{"embeddable":true,"href":"https:\/\/conferences.ulbsibiu.ro\/inec\/wp-json\/wp\/v2\/comments?post=47"}],"version-history":[{"count":7,"href":"https:\/\/conferences.ulbsibiu.ro\/inec\/wp-json\/wp\/v2\/pages\/47\/revisions"}],"predecessor-version":[{"id":943,"href":"https:\/\/conferences.ulbsibiu.ro\/inec\/wp-json\/wp\/v2\/pages\/47\/revisions\/943"}],"wp:attachment":[{"href":"https:\/\/conferences.ulbsibiu.ro\/inec\/wp-json\/wp\/v2\/media?parent=47"}],"curies":[{"name":"wp","href":"https:\/\/api.w.org\/{rel}","templated":true}]}}