{"id":632,"date":"2024-06-21T15:09:03","date_gmt":"2024-06-21T15:09:03","guid":{"rendered":"https:\/\/conferences.ulbsibiu.ro\/inec\/?page_id=632"},"modified":"2024-06-21T15:50:21","modified_gmt":"2024-06-21T15:50:21","slug":"acasa-2023","status":"publish","type":"page","link":"https:\/\/conferences.ulbsibiu.ro\/inec\/ro\/acasa-2023\/","title":{"rendered":"Acasa 2023"},"content":{"rendered":"\n<div class=\"wp-block-getwid-media-text-slider alignfull eliminare-header wp-block-getwid-media-text-slider--current-slide-1 has-arrows-none has-dots-outside\" data-labels=\"[&quot;Slide 1&quot;]\" data-animation=\"fadeIn\" data-duration=\"1500ms\" data-delay=\"0ms\"><div class=\"wp-block-getwid-media-text-slider__slides-wrapper\"><div class=\"wp-block-getwid-media-text-slider__content\" data-slide-autoplay=\"true\" data-slide-pause-on-hover=\"false\" data-slide-autoplay-speed=\"5000\" data-slide-speed=\"1000\" data-infinite=\"true\">\n<div style=\"min-height:640px\" class=\"wp-block-getwid-media-text-slider-slide wp-block-getwid-media-text-slider-slide__content-wrapper slide-1\"><div style=\"min-height:640px\" class=\"wp-block-getwid-media-text-slider-slide__content\">\n<div class=\"wp-block-getwid-media-text-slider-slide-content\"><figure class=\"wp-block-getwid-media-text-slider-slide-content__media\"><img loading=\"lazy\" width=\"1920\" height=\"640\" src=\"https:\/\/conferences.ulbsibiu.ro\/inec\/wp-content\/uploads\/slider-toamna-1.jpg\" alt=\"\" class=\"wp-block-getwid-media-text-slider-slide-content__image wp-image-58\" srcset=\"https:\/\/conferences.ulbsibiu.ro\/inec\/wp-content\/uploads\/slider-toamna-1.jpg 1920w, https:\/\/conferences.ulbsibiu.ro\/inec\/wp-content\/uploads\/slider-toamna-1-300x100.jpg 300w, https:\/\/conferences.ulbsibiu.ro\/inec\/wp-content\/uploads\/slider-toamna-1-1024x341.jpg 1024w, https:\/\/conferences.ulbsibiu.ro\/inec\/wp-content\/uploads\/slider-toamna-1-768x256.jpg 768w, https:\/\/conferences.ulbsibiu.ro\/inec\/wp-content\/uploads\/slider-toamna-1-1536x512.jpg 1536w, https:\/\/conferences.ulbsibiu.ro\/inec\/wp-content\/uploads\/slider-toamna-1-1200x400.jpg 1200w\" sizes=\"(max-width: 1920px) 100vw, 1920px\" \/><div class=\"wp-block-getwid-media-text-slider-slide-content__media-overlay\" style=\"opacity:0.35\"><\/div><\/figure><div class=\"wp-block-getwid-media-text-slider-slide-content__content\"><div class=\"wp-block-getwid-media-text-slider-slide-content__content-wrapper\">\n<h2 class=\"has-text-align-center\">Conferin\u021ba Interna\u0163ional\u0103 de Educa\u0163ie Nonformal\u0103<\/h2>\n\n\n\n<p class=\"has-text-align-center\"><strong>INEC 2023<\/strong><\/p>\n\n\n\n<p class=\"has-text-align-center\"><strong>T\u00e2rgu Mure\u0219, 29 septembrie \u2013 1 octombrie 2023<\/strong><\/p>\n<\/div><\/div><\/div>\n<\/div><\/div>\n<\/div><\/div><\/div>\n\n\n\n<div class=\"wp-block-image\"><figure class=\"aligncenter size-large\"><img loading=\"lazy\" width=\"724\" height=\"1024\" src=\"https:\/\/conferences.ulbsibiu.ro\/inec\/wp-content\/uploads\/Afis_INEC-01_final-724x1024.jpg\" alt=\"\" class=\"wp-image-544\" srcset=\"https:\/\/conferences.ulbsibiu.ro\/inec\/wp-content\/uploads\/Afis_INEC-01_final-724x1024.jpg 724w, https:\/\/conferences.ulbsibiu.ro\/inec\/wp-content\/uploads\/Afis_INEC-01_final-212x300.jpg 212w, https:\/\/conferences.ulbsibiu.ro\/inec\/wp-content\/uploads\/Afis_INEC-01_final-768x1086.jpg 768w, https:\/\/conferences.ulbsibiu.ro\/inec\/wp-content\/uploads\/Afis_INEC-01_final-1086x1536.jpg 1086w, https:\/\/conferences.ulbsibiu.ro\/inec\/wp-content\/uploads\/Afis_INEC-01_final-1200x1697.jpg 1200w, https:\/\/conferences.ulbsibiu.ro\/inec\/wp-content\/uploads\/Afis_INEC-01_final.jpg 1240w\" sizes=\"(max-width: 724px) 100vw, 724px\" \/><\/figure><\/div>\n\n\n\n<h2 class=\"has-text-align-center\"><strong>Program<\/strong><\/h2>\n\n\n\n<div class=\"wp-block-columns\">\n<div class=\"wp-block-column\" style=\"flex-basis:100%\">\n<p class=\"has-text-align-left has-large-font-size\"><strong>Vineri, 29 septembrie 2023<\/strong><\/p>\n\n\n\n<p>19:00 &#8211; 21.00 ANIVERSAREA A 90 DE ANI DE EDUCA\u021aIE PEDAGOGIC\u0102 \u00ceN T\u00c2RGU MURE\u0218 \u0219i SPECTACOL DE MUZIC\u0102 FOLK &#8211;  <em>Sala Mic\u0103 de Concerte a Palatului Culturii, T\u00e2rgu Mure\u0219<\/em><\/p>\n\n\n\n<p class=\"has-text-align-left has-large-font-size\"><strong>S\u00e2mb\u0103t\u0103, 30 septembrie 2023<\/strong><\/p>\n<\/div>\n<\/div>\n\n\n\n<ul><li>9:00 &#8211; 9:30 \u00ceNREGISTRARE PARTICIPAN\u021aI &#8211; <em>Sal\u0103 de Conferin\u021be Hotelul Continental Forum <\/em><\/li><li>9:30 &#8211; 10:00 DESCHIDEREA CONFERIN\u021aEI<ul><li>DORIN CRISTIAN LOBON\u021a,<em> Colegiul Na\u021bional Pedagogic<\/em> <em>\u201cMihai Eminescu\u201d, T\u00e2rgu Mure\u0219<\/em><\/li><li>REPREZENTANTUL <em>Inspectoratului \u0218colar al Jude\u021bului Mure\u0219<\/em><\/li><li>REPREZENTANTUL <em>Prim\u0103riei Municipiului T\u00e2rgu Mure\u0219<\/em><\/li><li>CRISTINA PU\u0218CA\u0218, <em>Director Executiv Corporativ, Banca Comercial\u0103 Rom\u00e2n\u0103 \u2013 BCR<\/em><\/li><li>LILIANA-DANIELA CHIVULESCU, <em>Profesor \u0218coala General\u0103 nr. 2 Picior de Munte, Jude\u021bul D\u00e2mbovi\u021ba<\/em><\/li><\/ul><\/li><li>10:00 &#8211; 13:00 SESIUNE \u00ceN PLEN. KEYNOTE SPEAKERS &#8211; <em>Sal\u0103 de Conferin\u021be Hotel Continental Forum<\/em><ul><li>10:00 &#8211; 10:15 PAOLO FRIGNANI, Ph.D., Academy of Sciences of Ferrara, Italy &#8211; <em>Role of Corporative Universities as a model of non-formal training<\/em><\/li><\/ul><ul><li>10:15 &#8211; 10:30 MU\u0218ATA BOCO\u0218, Ph.D., \u201cBabe\u0219-Bolyai\u201d University, Cluj-Napoca, Romania, DANIEL MARA, Ph.D., \u201cLucian Blaga\u201d University of Sibiu, Romania &#8211; <em>Implications of mentoring in non-formal education activities<\/em><\/li><li>10:30 &#8211; 10:45 GIOVANNI GANINO, Ph.D., LOREDANA LA VECCHIA, Ph.D., TAMARA ZAPPATERRA, Ph.D., University of Ferrara, Italy &#8211; <em>Between formal and nonformal: creative practices, digital storytelling, media education. Storytelling through multimedia in secondary school<\/em><\/li><li>10:45 &#8211; 11:00 ISTV\u00c1N ZSIGMOND, Ph.D., K\u00e1roli G\u00e1sp\u00e1r University of the Reformed Church in Hungary, Hungary &#8211; <em>Developing flipped methods for teaching<\/em><\/li><\/ul><\/li><li>11:00 &#8211; 11:30 PAUZ\u0102<\/li><li>11:30 &#8211; 13:00 SESIUNE \u00ceN PLEN. KEYNOTE SPEAKERS<ul><li>11:30 &#8211; 11:45 DONATELLA FANTOZZI, Ph.D., University of Pisa, Italy &#8211; <em>Gianni Rodari&#8217;s grammar of imagination for teaching reading and writing to pupils with DSA<\/em><\/li><li>11:45 &#8211; 12:00 FABIO BOCCI, Ph.D., RomaTre University, Italy &#8211;  <em>Educating for creativity in nonformal to creatively transform formal education<\/em><\/li><li>12:00 &#8211; 12:15 MOIRA SANNIPOLI, Ph.D., University of Perugia, Italy &#8211; <em>Beyond educational poverty supporting families in special minutes<\/em><\/li><li>12:15 &#8211; 12:30 GIORGIO CRESCENZA, Ph.D., University of Tuscia, Italy &#8211; <em>The educating community as a counter to the culture of hate. Pedagogical reflections on educational practices in the formal and nonformal<\/em><\/li><li>12:30 &#8211; 12:45 GIOVANNI GANINO, Ph.D., LOREDANA LA VECCHIA, Ph.D., TAMARA ZAPPATERRA, Ph.D., University of Ferrara, Italy &#8211; <em>New digital media professions straddling formal and nonformal environments: the Master&#8217;s Degree in Communication, Education, and Digital Citizenship<\/em><\/li><li>12:45 &#8211; 13:00 OVIDIU B\u00c2RSAN, Ph.D., Romanian Orthodox Parish \u201eSf\u00e2nta Ana\u201d T\u00e2rgu Mure\u0219, Romania &#8211; <em>Doing to be<\/em><\/li><\/ul><\/li><li>13:00 &#8211; 15:00 PAUZ\u0102 DE PR\u00c2NZ<\/li><li>15:00 &#8211; 17:00 ATELIERE &#8211; <em>Colegiul Na\u021bional Pedagogic &#8220;Mihai Eminescu&#8221;<\/em><ul><li>LIANA REGINA IUNESCH &#8211; <em>Pedagogia experien\u021bial\u0103 &#8211; \u00eenv\u0103\u021bare procedural\u0103<\/em><\/li><li>JOHANNA Z\u00d6LLNER, FRIEDERIKE REUTER &#8211; <em>\u00cenv\u0103\u021bare procedural\u0103 a matematicii cu materiale din p\u0103dure<\/em><\/li><li>ROBERT PF\u00dcTZNER &#8211; <em><em>Dezvoltarea spiritului de echip\u0103 cu piese lego<\/em><\/em><\/li><li>EVELINE CIOFLEC &#8211; <em><em>Exerci\u021bii de dezvoltare a g\u00e2ndirii critice<\/em><\/em><\/li><li>VIOLETA-SIMONA BUCUR &#8211; <em>Rutine de g\u00e2ndire vizibil\u0103 \u2013 Construirea sensului \u00eenv\u0103\u021b\u0103rii<\/em><\/li><li>CIPRIAN ITTU, ADINA RO\u0218CA &#8211; <em>Life lab \u2013 Educa\u021bie pentru via\u021b\u0103<\/em><\/li><\/ul><\/li><li>17:00 &#8211; 18:00 CONCLUZII ATELIERE<\/li><li>19:00 &#8211; 22:00 CIN\u0102<\/li><\/ul>\n\n\n\n<p><\/p>\n\n\n\n<p class=\"has-large-font-size\"><strong>Duminic\u0103, 1 octombrie 2023<\/strong><\/p>\n\n\n\n<ul id=\"block-c4824d0b-948f-477d-9949-ffabf011f97e\"><li>10:00 &#8211; 12:00 <em>ATELIERE &#8211; <em>Colegiul Na\u021bional Pedagogic &#8220;Mihai Eminescu&#8221;<\/em><\/em><ul><li>ALINA GEORGETA MAG &#8211; <em><em>Cum (nu) se aude vocea ta \u00een comunitate? un atelier cu umor, carism\u0103 \u0219i altfel de exerci\u021bii de \u00eenv\u0103\u021bare colegial\u0103<\/em><\/em><\/li><li>ROXANA-MARIA BLIDARU, LILIANA-DANIELA CHIVULESCU &#8211; <em><em>\u00cenv\u0103\u021bare experien\u021bial\u0103 cu joc, litera\u021bie \u0219i inspira\u021bie<\/em><\/em><\/li><li>ALINA GEANINA IONESCU<em> &#8211; <em>Atelier de crea\u021bie plastic\u0103<\/em><\/em><\/li><li>ANNE HERMANN &#8211; <em><em>\u00cenv\u0103\u021bare experien\u021bial\u0103 prin crearea unui podcast<\/em><\/em><\/li><li>ALINA MOLDOVAN &#8211; <em><em>Cmunicare nonverbal\u0103 prin teatru \u0219i joc<\/em><\/em><\/li><li>ALIN FLORIN DANCIU, CIPRIAN ITTU, ADINA RO\u0218CA &#8211; <em><em>Platforma digitaliada \u2013sus\u021binem educa\u021bia digital\u0103<\/em><\/em><\/li><\/ul><\/li><\/ul>\n\n\n\n<ul id=\"block-c4824d0b-948f-477d-9949-ffabf011f97e\"><li>12:00 &#8211; 12:30 CONCLUZII ATELIERE<\/li><li>12:30 &#8211; 13:00 CEREMONIA DE \u00ceNCHIDERE<\/li><\/ul>\n\n\n\n<p><\/p>\n\n\n\n<h2 class=\"has-text-align-center\"><strong>Comitet \u0218tiin\u021bific<\/strong><\/h2>\n\n\n\n<ul><li><strong>Olaya \u00c1LVAREZ GARC\u00cdA<\/strong>, Ph.D., University of the Balearic Islands, Spain<\/li><li><strong>Wanda BARANOWSKA<\/strong>, Ph.D., University of Lodz, Poland<\/li><li><strong>Karla BARTH<\/strong>, Ph.D., University of Oradea, Romania<\/li><li><strong>Fabio BOCCI<\/strong>, Ph.D., University Roma Tre, Italy<\/li><li><strong>Mu\u0219ata BOCO\u0218<\/strong>, Ph.D., Babe\u0219-Bolyai University, Cluj-Napoca, Romania<\/li><li><strong>Marco CATARCI<\/strong>, Ph.D., University Roma Tre, Italy<\/li><li><strong>Andr\u00e9 EPP<\/strong>, University of Education Karlsruhe, Germany<\/li><li><strong>Donatella FANTOZZI<\/strong>, Ph.D., University of Pisa, Italy<\/li><li><strong>Massimiliano FIORUCCI<\/strong>, Ph.D., University Roma Tre, Italy<\/li><li><strong>Romi\u0163\u0103 IUCU<\/strong>, Ph.D., University of Bucharest, Romania<\/li><li><strong>Susanne JONSSON<\/strong>, Inland Norway University of Applied Sciences, Norway<\/li><li><strong>Daniel MARA<\/strong>, Ph.D., \u201cLucian Blaga\u201d University of Sibiu, Romania<\/li><li><strong>Merc\u00e8 MOREY L\u00d3PEZ<\/strong>, Ph.D., University of the Balearic Islands, Spain<\/li><li><strong>Dorin OPRI\u0218<\/strong>, Ph.D., \u201c1 Decembrie 1918&#8243; University, Alba Iulia, Romania<\/li><li><strong>Georgeta P\u00c2NI\u0218OAR\u0102<\/strong>, Ph.D., University of Bucharest, Romania<\/li><li><strong>Dana RAD<\/strong>, Ph.D., \u201cAurel Vlaicu\u201d University of Arad, Romania<\/li><li><strong>Sorin RADU<\/strong>, Ph.D., \u201cLucian Blaga\u201d University of Sibiu, Romania<\/li><li><strong>Alina ROMAN<\/strong>, Ph.D., \u201cAurel Vlaicu\u201d University of Arad, Romania<\/li><li><strong>Liana T\u0102U\u0218AN<\/strong>, Ph.D., Technical University of Cluj-Napoca, Romania<\/li><li><strong>Margareta M. THOMSON<\/strong>, Ph.D., North Carolina State University, Raleigh, USA<\/li><li><strong>Ioana TODOR<\/strong>, Ph.D., \u201c1 Decembrie 1918&#8243; University, Alba Iulia, Romania<\/li><li><strong>Raluca SASSU<\/strong>, Ph.D., \u201cLucian Blaga\u201d University of Sibiu, Romania<\/li><li><strong>Simona SAVA<\/strong>, PhD, West University of Timi\u015foara, Romania<\/li><li><strong>Rosa Eva VALLE<\/strong>, Ph.D., University of Leon, Spain<\/li><li><strong>Simona VELEA<\/strong>, Ph.D., National University for Political Studies and Public Administration, Bucharest, Romania<\/li><li><strong>Tamara ZAPPATERRA<\/strong>, Ph.D., University of Ferrara, Italy<\/li><\/ul>\n\n\n\n<h2 class=\"has-text-align-center\"><strong>Comitet de Organizare<\/strong><\/h2>\n\n\n\n<p id=\"block-e70208a8-19dc-4251-a9d0-e8dd73ddffeb\"><strong><br>ORGANIZATORI PRINCIPALI<\/strong><\/p>\n\n\n\n<ul id=\"block-f00db8bd-685f-48f6-bb5b-df5a3a9d4e21\"><li><strong>Daniel MARA<\/strong>, Professor Ph.D., \u201cLucian Blaga\u201d University of Sibiu, Romania<\/li><li><strong>Mu\u0219ata BOCO\u0218<\/strong>, Professor Ph.D., \u201cBabe\u0219-Bolyai\u201d University, Cluj-Napoca, Romania<\/li><li><strong>Dorin Cristian LOBON\u021a<\/strong>, Ph.D. student \u201cBabe\u0219-Bolyai\u201d University, Cluj-Napoca, High-school teacher, \u201cMihai&nbsp;Eminescu\u201d National Pedagogic College, T\u00e2rgu Mure\u0219, Romania<\/li><li><strong>Liliana-Daniela CHIVULESCU<\/strong>, \u201c\u0218tefan \u0219i Chivulescu\u201d &#8211; Professional Civil Society of Psychology, Secondary school teacher, School no. 2 Picior de Munte, Romania<\/li><li><strong>Ioan Daniel HUNYADI<\/strong>, Lecturer Ph.D., \u201cLucian Blaga\u201d University of Sibiu, Romania<\/li><li><strong>Liana Regina IUNESCH<\/strong>, Associate professor, Ph.D., \u201cLucian Blaga\u201d University of Sibiu, Romania<\/li><\/ul>\n\n\n\n<hr class=\"wp-block-separator\" id=\"block-eeb63a02-afbc-4995-ac3b-43b6e6b99083\"\/>\n\n\n\n<p id=\"block-1b89604a-28ff-4428-8422-7daf01a81fdf\"><strong>MEMBRII<\/strong><\/p>\n\n\n\n<ul id=\"block-0ed88c95-cfc4-4eee-9249-7880fcd9674a\"><li><strong>Alin Florin DANCIU<\/strong>, Secondary school teacher, S\u00e2ncraiu de Mure\u0219 Secondary School, Romania<\/li><li><strong>Carmen-Sonia DU\u0218E<\/strong>,&nbsp;Professor Ph.D., \u201cLucian Blaga\u201d University of Sibiu, Romania<\/li><li><strong>Alina Geanina IONESCU<\/strong>, Associate professor, Ph.D., \u201cLucian Blaga\u201d University of Sibiu, Romania<\/li><li><strong>Alina MAG<\/strong>, Lecturer Ph.D., \u201cLucian Blaga\u201d University of Sibiu, Romania<\/li><li><strong>Elena-Lucia MARA<\/strong>, Professor Ph.D., \u201cLucian Blaga\u201d University of Sibiu, Romania<\/li><li><strong>Veronica-Oana IRIMIA<\/strong>, Ph.D., \u201cBabe\u0219-Bolyai\u201d University, Cluj-Napoca, High-school teacher, \u201cMihai Eminescu\u201d National Pedagogic College, T\u00e2rgu Mure\u0219, Romania<\/li><li><strong>Mih\u00e1ly-Marcel VERE\u0218<\/strong>, Secondary school teacher, S\u00e2ncraiu de Mure\u0219 Secondary School, Romania<\/li><li><strong>Ana-Maria PURCAR<\/strong>, Ph.D. student \u201cBabe\u0219-Bolyai\u201d University, Cluj-Napoca, Primary school teacher, &#8220;Lucian Blaga&#8221; High-School, Cluj-Napoca, Romania<\/li><\/ul>\n","protected":false},"excerpt":{"rendered":"<p>Program Vineri, 29 septembrie 2023 19:00 &#8211; 21.00 ANIVERSAREA A 90 DE ANI DE EDUCA\u021aIE PEDAGOGIC\u0102 \u00ceN T\u00c2RGU MURE\u0218 \u0219i SPECTACOL DE MUZIC\u0102 FOLK &#8211; Sala Mic\u0103 de Concerte a Palatului Culturii, T\u00e2rgu Mure\u0219 S\u00e2mb\u0103t\u0103, 30 septembrie 2023 9:00 &#8211; 9:30 \u00ceNREGISTRARE PARTICIPAN\u021aI &#8211; Sal\u0103 de Conferin\u021be Hotelul Continental Forum 9:30 &#8211; 10:00 DESCHIDEREA CONFERIN\u021aEI [&hellip;]<\/p>\n","protected":false},"author":2,"featured_media":0,"parent":0,"menu_order":0,"comment_status":"closed","ping_status":"closed","template":"","meta":[],"_links":{"self":[{"href":"https:\/\/conferences.ulbsibiu.ro\/inec\/wp-json\/wp\/v2\/pages\/632"}],"collection":[{"href":"https:\/\/conferences.ulbsibiu.ro\/inec\/wp-json\/wp\/v2\/pages"}],"about":[{"href":"https:\/\/conferences.ulbsibiu.ro\/inec\/wp-json\/wp\/v2\/types\/page"}],"author":[{"embeddable":true,"href":"https:\/\/conferences.ulbsibiu.ro\/inec\/wp-json\/wp\/v2\/users\/2"}],"replies":[{"embeddable":true,"href":"https:\/\/conferences.ulbsibiu.ro\/inec\/wp-json\/wp\/v2\/comments?post=632"}],"version-history":[{"count":6,"href":"https:\/\/conferences.ulbsibiu.ro\/inec\/wp-json\/wp\/v2\/pages\/632\/revisions"}],"predecessor-version":[{"id":647,"href":"https:\/\/conferences.ulbsibiu.ro\/inec\/wp-json\/wp\/v2\/pages\/632\/revisions\/647"}],"wp:attachment":[{"href":"https:\/\/conferences.ulbsibiu.ro\/inec\/wp-json\/wp\/v2\/media?parent=632"}],"curies":[{"name":"wp","href":"https:\/\/api.w.org\/{rel}","templated":true}]}}