{"id":2521,"date":"2019-03-09T20:11:44","date_gmt":"2019-03-09T20:11:44","guid":{"rendered":"http:\/\/www.sibiu-labor-law-conference.ro\/?page_id=2521"},"modified":"2019-09-18T10:06:26","modified_gmt":"2019-09-18T10:06:26","slug":"conditii-inscriere","status":"publish","type":"page","link":"https:\/\/conferences.ulbsibiu.ro\/labour-law\/conditii-inscriere\/","title":{"rendered":"Conditii inscriere"},"content":{"rendered":"<p>[vc_row][vc_column][vc_column_text]<\/p>\n<h3>Condi\u00c8\u203aii \u00c3\u00aenscriere conferin\u00c8\u203a\u00c4\u0192<\/h3>\n<p>[\/vc_column_text][\/vc_column][\/vc_row][vc_row][vc_column width=&#8221;3\/4&#8243;][vc_column_text]<\/p>\n<p>[\/vc_column_text][vc_toggle title=&#8221;20 septembrie 2019- trimiterea formularului de participare completat&#8221; open=&#8221;true&#8221; animation=&#8221;fadeInLeft-1 blind&#8221;]Participan\u00c8\u203aii au oportunitatea de a \u00c3\u00aenscrie o a doua lucrare \u00c8\u2122tiin\u00c8\u203aific\u00c4\u0192 pl\u00c4\u0192tind o tax\u00c4\u0192 suplimentar\u00c4\u0192 de 200 lei.<\/p>\n<p>\u00c3\u017dn cazul lucr\u00c4\u0192rilor \u00c3\u00aen coautorat \u00c3\u00aenscrierea la Conferin\u00c8\u203a\u00c4\u0192 a coautorului se\u00c2\u00a0 face \u00c3\u00aen acelea\u00c8\u2122i condi\u00c8\u203aii ca \u00c8\u2122i \u00c3\u00aenscrierea autorului. Fiecare coautor va completa un formular de participare distinct.[\/vc_toggle][vc_toggle title=&#8221;1 octombrie 2019 &#8211; trimiterea textului integral al lucr\u00c4\u0192rii \u00c5\u0178tiin\u00c5\u00a3ifice &#8221; open=&#8221;true&#8221; animation=&#8221;fadeInRight-1 blind&#8221;]Trimiterea textului integral al lucr\u00c4\u0192rii \u00c5\u0178tiin\u00c5\u00a3ifice \u00c3\u00aen limbile rom\u00c3\u00a2n\u00c4\u0192 \u00c5\u0178i englez\u00c4\u0192, respect\u00c3\u00a2nd cerin\u00c5\u00a3ele de redactare, la adresa de e-mail: tmsib@yahoo.com[\/vc_toggle][vc_toggle title=&#8221;5 octombrie 2019&#8243; open=&#8221;true&#8221; animation=&#8221;fadeInLeft-1 blind&#8221;]\u00c3\u017dn urma evalu\u00c4\u0192rii lucr\u00c4\u0192rilor primite, evaluatorii vor putea recomanda: sus\u00c8\u203ainerea lucr\u00c4\u0192rilor \u00c3\u00aen cadrul Conferin\u00c8\u203aei; efectuarea unor modific\u00c4\u0192ri ale lucr\u00c4\u0192rilor; refuzarea motivat\u00c4\u0192 a \u00c3\u00aenscrierii lucr\u00c4\u0192rilor. Confirmarea lucr\u00c4\u0192rilor care vor fi sus\u00c8\u203ainute \u00c3\u00aen cadrul Conferin\u00c8\u203aei[\/vc_toggle][vc_toggle title=&#8221;8 octombrie 2019- Plata taxei de participare&#8221; open=&#8221;true&#8221; animation=&#8221;fadeInRight-1 blind&#8221;]Taxa de\u00c2\u00a0 participare:<\/p>\n<p>&#8211; pentru cei care doresc s\u00c4\u0192 \u00c3\u00aenscrie o lucrare \u00c8\u2122tiin\u00c8\u203aific\u00c4\u0192 la Conferin\u00c8\u203a\u00c4\u0192 este de 100 lei.<\/p>\n<p>&#8211; pentru cei care doresc s\u00c4\u0192 audieze dezbaterile, f\u00c4\u0192r\u00c4\u0192 \u00c3\u00aenscrierea unei lucr\u00c4\u0192ri \u00c8\u2122tiin\u00c8\u203aifice este de 50 lei.<\/p>\n<p>&#8211; studen\u00c8\u203aii au acces gratuit<\/p>\n<p><strong>Drepturi conferite de plata taxei de participare<\/strong><\/p>\n<p><strong>1.Auditor<\/strong><\/p>\n<p>&#8211; dreptul de a primi certificatul de participare<\/p>\n<p>&#8211; dreptul de a primi mapa cu documentele conferin\u00c5\u00a3ei<\/p>\n<p>&#8211; dreptul de a participa la activit\u00c4\u0192\u00c5\u00a3ile \u00c5\u0178tiin\u00c5\u00a3ifice cuprinse \u00c3\u00aen program<\/p>\n<p><strong>2.Participant<\/strong><\/p>\n<p>&#8211; dreptul de a primi certificatul de participare<\/p>\n<p>&#8211; dreptul de a primi mapa cu documentele conferin\u00c5\u00a3ei<\/p>\n<p>&#8211; dreptul de a participa la activit\u00c4\u0192\u00c5\u00a3ile \u00c5\u0178tiin\u00c5\u00a3ifice cuprinse \u00c3\u00aen program<\/p>\n<p>&#8211; dreptul de a participa la masa de pr\u00c3\u00a2nz<\/p>\n<p>&#8211; dreptul de a i se publica lucrarea prezentat\u00c4\u0192 \u00c3\u00aen publica\u00c8\u203aia Conferin\u00c8\u203aei, \u00c3\u00aen func\u00c8\u203aie de selec\u00c8\u203aia realizat\u00c4\u0192 de Comitetul \u00c8\u2122tiin\u00c8\u203aific .<\/p>\n<p><strong>3.Taxa de participare se va achita dup\u00c4\u0192 primirea emailului de confirmare a accept\u00c4\u0192rii sus\u00c8\u203ainerii lucr\u00c4\u0192rii \u00c3\u00aen cadrul Conferin\u00c8\u203aei.<\/strong><\/p>\n<p>Plata taxei de participare se realizeaz\u00c4\u0192 prin virament bancar \u00c3\u00aen contul bancar al Asocia\u00c8\u203aiei Societatea de Dreptul Muncii \u00c8\u2122i Securitate Social\u00c4\u0192, RO70BTRLRONCRT0435221101 deschis la Banca Transilvania.<\/p>\n<p>Dovada pl\u00c4\u0192\u00c5\u00a3ii (ordin de plat\u00c4\u0192, chitan\u00c5\u00a3\u00c4\u0192 etc.) se va scana \u00c5\u0178i se va trimite p\u00c3\u00a2n\u00c4\u0192 pe 8 octombrie 2019 la adresa de e-mail tmsib@yahoo.com[\/vc_toggle][vc_column_text]<\/p>\n<p style=\"text-align: center;\">Pentru mai multe informatii legate de conditiile de inscriere va rugam apelati la formularul de contact<\/p>\n<p>[\/vc_column_text][\/vc_column][vc_column width=&#8221;1\/4&#8243;][vc_widget_sidebar sidebar_id=&#8221;sidebar-1&#8243;][\/vc_column][\/vc_row]<\/p>\n","protected":false},"excerpt":{"rendered":"<p>[vc_row][vc_column][vc_column_text] Condi\u00c8\u203aii \u00c3\u00aenscriere conferin\u00c8\u203a\u00c4\u0192 [\/vc_column_text][\/vc_column][\/vc_row][vc_row][vc_column width=&#8221;3\/4&#8243;][vc_column_text] [\/vc_column_text][vc_toggle title=&#8221;20 septembrie 2019- trimiterea formularului de participare completat&#8221; open=&#8221;true&#8221; animation=&#8221;fadeInLeft-1 blind&#8221;]Participan\u00c8\u203aii au oportunitatea de a \u00c3\u00aenscrie o a doua lucrare \u00c8\u2122tiin\u00c8\u203aific\u00c4\u0192 pl\u00c4\u0192tind o tax\u00c4\u0192 suplimentar\u00c4\u0192 de 200 lei. \u00c3\u017dn cazul lucr\u00c4\u0192rilor \u00c3\u00aen coautorat \u00c3\u00aenscrierea la Conferin\u00c8\u203a\u00c4\u0192 a coautorului se\u00c2\u00a0 face \u00c3\u00aen acelea\u00c8\u2122i condi\u00c8\u203aii ca \u00c8\u2122i \u00c3\u00aenscrierea autorului. Fiecare coautor va completa un formular de participare distinct.[\/vc_toggle][vc_toggle title=&#8221;1 octombrie 2019 &#8211; trimiterea textului integral al lucr\u00c4\u0192rii \u00c5\u0178tiin\u00c5\u00a3ifice &#8221; open=&#8221;true&#8221; animation=&#8221;fadeInRight-1 blind&#8221;]Trimiterea textului integral al lucr\u00c4\u0192rii \u00c5\u0178tiin\u00c5\u00a3ifice \u00c3\u00aen limbile rom\u00c3\u00a2n\u00c4\u0192 \u00c5\u0178i englez\u00c4\u0192, respect\u00c3\u00a2nd cerin\u00c5\u00a3ele de [&hellip;]<\/p>\n","protected":false},"author":1,"featured_media":0,"parent":0,"menu_order":0,"comment_status":"closed","ping_status":"closed","template":"","meta":[],"_links":{"self":[{"href":"https:\/\/conferences.ulbsibiu.ro\/labour-law\/wp-json\/wp\/v2\/pages\/2521"}],"collection":[{"href":"https:\/\/conferences.ulbsibiu.ro\/labour-law\/wp-json\/wp\/v2\/pages"}],"about":[{"href":"https:\/\/conferences.ulbsibiu.ro\/labour-law\/wp-json\/wp\/v2\/types\/page"}],"author":[{"embeddable":true,"href":"https:\/\/conferences.ulbsibiu.ro\/labour-law\/wp-json\/wp\/v2\/users\/1"}],"replies":[{"embeddable":true,"href":"https:\/\/conferences.ulbsibiu.ro\/labour-law\/wp-json\/wp\/v2\/comments?post=2521"}],"version-history":[{"count":11,"href":"https:\/\/conferences.ulbsibiu.ro\/labour-law\/wp-json\/wp\/v2\/pages\/2521\/revisions"}],"predecessor-version":[{"id":2997,"href":"https:\/\/conferences.ulbsibiu.ro\/labour-law\/wp-json\/wp\/v2\/pages\/2521\/revisions\/2997"}],"wp:attachment":[{"href":"https:\/\/conferences.ulbsibiu.ro\/labour-law\/wp-json\/wp\/v2\/media?parent=2521"}],"curies":[{"name":"wp","href":"https:\/\/api.w.org\/{rel}","templated":true}]}}