{"id":2559,"date":"2019-03-10T10:08:47","date_gmt":"2019-03-10T10:08:47","guid":{"rendered":"http:\/\/www.sibiu-labor-law-conference.ro\/?page_id=2559"},"modified":"2019-09-09T08:56:28","modified_gmt":"2019-09-09T08:56:28","slug":"formular-inscriere","status":"publish","type":"page","link":"https:\/\/conferences.ulbsibiu.ro\/labour-law\/formular-inscriere\/","title":{"rendered":"Formular inscriere"},"content":{"rendered":"<p>[vc_row][vc_column][vc_column_text]<\/p>\n<p style=\"text-align: center;\"><strong>CONFERIN\u00c8\u0161A INTERNA\u00c8\u0161IONAL\u00c4\u201a<\/strong><\/p>\n<p style=\"text-align: center;\"><strong>cu tema<\/strong><\/p>\n<p style=\"text-align: center;\"><strong>\u00e2\u20ac\u017e Noile tehnologii, consecin\u00c8\u203ae asupra raportului de munc\u00c4\u0192\u00e2\u20ac\u009d<\/strong><\/p>\n<p style=\"text-align: center;\"><strong>Sibiu, 11-12 octombrie 2019<\/strong><\/p>\n<p>&nbsp;<\/p>\n<p>[\/vc_column_text]<div role=\"form\" class=\"wpcf7\" id=\"wpcf7-f2982-o1\" lang=\"ro-RO\" dir=\"ltr\">\n<div class=\"screen-reader-response\"><p role=\"status\" aria-live=\"polite\" aria-atomic=\"true\"><\/p> <ul><\/ul><\/div>\n<form action=\"\/labour-law\/wp-json\/wp\/v2\/pages\/2559#wpcf7-f2982-o1\" method=\"post\" class=\"wpcf7-form init\" novalidate=\"novalidate\" data-status=\"init\">\n<div style=\"display: none;\">\n<input type=\"hidden\" name=\"_wpcf7\" value=\"2982\" \/>\n<input type=\"hidden\" name=\"_wpcf7_version\" value=\"5.4.1\" \/>\n<input type=\"hidden\" name=\"_wpcf7_locale\" value=\"ro_RO\" \/>\n<input type=\"hidden\" name=\"_wpcf7_unit_tag\" value=\"wpcf7-f2982-o1\" \/>\n<input type=\"hidden\" name=\"_wpcf7_container_post\" value=\"0\" \/>\n<input type=\"hidden\" name=\"_wpcf7_posted_data_hash\" value=\"\" \/>\n<\/div>\n<p><label> Numele t\u00c4\u0192u (obligatoriu)<span class=\"wpcf7-form-control-wrap your-name\"><input type=\"text\" name=\"your-name\" value=\"\" size=\"40\" class=\"wpcf7-form-control wpcf7-text wpcf7-validates-as-required\" aria-required=\"true\" aria-invalid=\"false\" \/><\/span> <\/label><br \/>\n<label> Prenumele t\u00c4\u0192u (obligatoriu)<span class=\"wpcf7-form-control-wrap your-prenume\"><input type=\"text\" name=\"your-prenume\" value=\"\" size=\"40\" class=\"wpcf7-form-control wpcf7-text wpcf7-validates-as-required\" aria-required=\"true\" aria-invalid=\"false\" \/><\/span> <\/label><br \/>\n<label> Titlul academic (obligatoriu)<span class=\"wpcf7-form-control-wrap titlu-academic\"><input type=\"text\" name=\"titlu-academic\" value=\"\" size=\"40\" class=\"wpcf7-form-control wpcf7-text wpcf7-validates-as-required\" aria-required=\"true\" aria-invalid=\"false\" \/><\/span> <\/label><br \/>\n<label> Institu\u00c8\u203aia (obligatoriu)<span class=\"wpcf7-form-control-wrap institutie\"><input type=\"text\" name=\"institutie\" value=\"\" size=\"40\" class=\"wpcf7-form-control wpcf7-text wpcf7-validates-as-required\" aria-required=\"true\" aria-invalid=\"false\" \/><\/span> <\/label><br \/>\n<label> Adresa (obligatoriu)<span class=\"wpcf7-form-control-wrap adresa\"><input type=\"text\" name=\"adresa\" value=\"\" size=\"40\" class=\"wpcf7-form-control wpcf7-text wpcf7-validates-as-required\" aria-required=\"true\" aria-invalid=\"false\" \/><\/span> <\/label><br \/>\n<label> Telefon (obligatoriu)<span class=\"wpcf7-form-control-wrap telefon\"><input type=\"text\" name=\"telefon\" value=\"\" size=\"40\" class=\"wpcf7-form-control wpcf7-text wpcf7-validates-as-required\" aria-required=\"true\" aria-invalid=\"false\" \/><\/span> <\/label><br \/>\n<label> Emailul t\u00c4\u0192u (obligatoriu) <span class=\"wpcf7-form-control-wrap your-email\"><input type=\"email\" name=\"your-email\" value=\"\" size=\"40\" class=\"wpcf7-form-control wpcf7-text wpcf7-email wpcf7-validates-as-required wpcf7-validates-as-email\" aria-required=\"true\" aria-invalid=\"false\" \/><\/span> <\/label><br \/>\n<label> Titlul prezent\u00c4\u0192rii (obligatoriu) <span class=\"wpcf7-form-control-wrap titlu-prezentare\"><input type=\"text\" name=\"titlu-prezentare\" value=\"\" size=\"40\" class=\"wpcf7-form-control wpcf7-text wpcf7-validates-as-required\" aria-required=\"true\" aria-invalid=\"false\" \/><\/span> <\/label><br \/>\n<label> Abstract limba englez\u00c4\u0192 <span class=\"wpcf7-form-control-wrap abstract-en\"><textarea name=\"abstract-en\" cols=\"100\" rows=\"10\" class=\"wpcf7-form-control wpcf7-textarea\" aria-invalid=\"false\"><\/textarea><\/span>  <\/label><br \/>\n<label> Cuvinte-cheie limba englez\u00c4\u0192 <span class=\"wpcf7-form-control-wrap cuvinte-cheie-en\"><textarea name=\"cuvinte-cheie-en\" cols=\"100\" rows=\"1\" class=\"wpcf7-form-control wpcf7-textarea\" aria-invalid=\"false\"><\/textarea><\/span> <\/label><br \/>\n<label> Abstract limba rom\u00c3\u00a2n\u00c4\u0192 <span class=\"wpcf7-form-control-wrap abstract-ro\"><textarea name=\"abstract-ro\" cols=\"100\" rows=\"10\" class=\"wpcf7-form-control wpcf7-textarea\" aria-invalid=\"false\"><\/textarea><\/span> <\/label><br \/>\n<label> Cuvinte-cheie limba rom\u00c3\u00a2n\u00c4\u0192 <span class=\"wpcf7-form-control-wrap cuvinte-cheie-ro\"><textarea name=\"cuvinte-cheie-ro\" cols=\"100\" rows=\"1\" class=\"wpcf7-form-control wpcf7-textarea\" aria-invalid=\"false\"><\/textarea><\/span> <\/label><\/p>\n<div class=\"wpcf7-response-output\" aria-hidden=\"true\"><\/div><\/form><\/div>[vc_column_text]Termen pentru \u00c3\u00aenscriere:20 septembrie 2019.<\/p>\n<p>Tax\u00c4\u0192 de participare se va achita \u00c3\u00aen contul RO70BTRLRONCRT0435221101, contul Asocia\u00c8\u203aiei Societatea de Dreptul Muncii \u00c8\u2122i Securitate Social\u00c4\u0192.<\/p>\n<p>&nbsp;<\/p>\n<p><strong>Persoane de contact:<\/strong><\/p>\n<p>Prof.univ.dr.Marioara \u00c8\u0161ichindelean\u00c2\u00a0\u00c2\u00a0\u00c2\u00a0\u00c2\u00a0 <a href=\"mailto:tmsib@yahoo.com\">tmsib@yahoo.com<\/a><\/p>\n<p>Conf.univ.dr.Monica Gheorghe\u00c2\u00a0\u00c2\u00a0\u00c2\u00a0\u00c2\u00a0\u00c2\u00a0\u00c2\u00a0\u00c2\u00a0\u00c2\u00a0\u00c2\u00a0\u00c2\u00a0 <a href=\"mailto:monica.gheorghe@ulbsibiu.ro\">monica.gheorghe@ulbsibiu.ro<\/a>[\/vc_column_text][\/vc_column][\/vc_row]<\/p>\n","protected":false},"excerpt":{"rendered":"<p>[vc_row][vc_column][vc_column_text] CONFERIN\u00c8\u0161A INTERNA\u00c8\u0161IONAL\u00c4\u201a cu tema \u00e2\u20ac\u017e Noile tehnologii, consecin\u00c8\u203ae asupra raportului de munc\u00c4\u0192\u00e2\u20ac\u009d Sibiu, 11-12 octombrie 2019 &nbsp; [\/vc_column_text][vc_column_text]Termen pentru \u00c3\u00aenscriere:20 septembrie 2019. Tax\u00c4\u0192 de participare se va achita \u00c3\u00aen contul RO70BTRLRONCRT0435221101, contul Asocia\u00c8\u203aiei Societatea de Dreptul Muncii \u00c8\u2122i Securitate Social\u00c4\u0192. &nbsp; Persoane de contact: Prof.univ.dr.Marioara \u00c8\u0161ichindelean\u00c2\u00a0\u00c2\u00a0\u00c2\u00a0\u00c2\u00a0 tmsib@yahoo.com Conf.univ.dr.Monica Gheorghe\u00c2\u00a0\u00c2\u00a0\u00c2\u00a0\u00c2\u00a0\u00c2\u00a0\u00c2\u00a0\u00c2\u00a0\u00c2\u00a0\u00c2\u00a0\u00c2\u00a0 monica.gheorghe@ulbsibiu.ro[\/vc_column_text][\/vc_column][\/vc_row]<\/p>\n","protected":false},"author":1,"featured_media":0,"parent":0,"menu_order":0,"comment_status":"closed","ping_status":"closed","template":"","meta":[],"_links":{"self":[{"href":"https:\/\/conferences.ulbsibiu.ro\/labour-law\/wp-json\/wp\/v2\/pages\/2559"}],"collection":[{"href":"https:\/\/conferences.ulbsibiu.ro\/labour-law\/wp-json\/wp\/v2\/pages"}],"about":[{"href":"https:\/\/conferences.ulbsibiu.ro\/labour-law\/wp-json\/wp\/v2\/types\/page"}],"author":[{"embeddable":true,"href":"https:\/\/conferences.ulbsibiu.ro\/labour-law\/wp-json\/wp\/v2\/users\/1"}],"replies":[{"embeddable":true,"href":"https:\/\/conferences.ulbsibiu.ro\/labour-law\/wp-json\/wp\/v2\/comments?post=2559"}],"version-history":[{"count":6,"href":"https:\/\/conferences.ulbsibiu.ro\/labour-law\/wp-json\/wp\/v2\/pages\/2559\/revisions"}],"predecessor-version":[{"id":2987,"href":"https:\/\/conferences.ulbsibiu.ro\/labour-law\/wp-json\/wp\/v2\/pages\/2559\/revisions\/2987"}],"wp:attachment":[{"href":"https:\/\/conferences.ulbsibiu.ro\/labour-law\/wp-json\/wp\/v2\/media?parent=2559"}],"curies":[{"name":"wp","href":"https:\/\/api.w.org\/{rel}","templated":true}]}}