{"id":129,"date":"2018-09-24T12:28:57","date_gmt":"2018-09-24T12:28:57","guid":{"rendered":"http:\/\/conferences.ulbsibiu.ro\/lucianblagacolloquium\/?page_id=129"},"modified":"2022-10-28T19:55:20","modified_gmt":"2022-10-28T19:55:20","slug":"colocviul-international-universitar-lucian-blaga-editia-a-xx-a","status":"publish","type":"page","link":"https:\/\/conferences.ulbsibiu.ro\/lucianblagacolloquium\/","title":{"rendered":"Home"},"content":{"rendered":"<p><a href=\"https:\/\/conferences.ulbsibiu.ro\/lucianblagacolloquium\/wp-content\/uploads\/U.L.B.S-2-2.jpg\"><img loading=\"lazy\" class=\"alignright wp-image-499 \" title=\"Unknown-3\" src=\"https:\/\/conferences.ulbsibiu.ro\/lucianblagacolloquium\/wp-content\/uploads\/U.L.B.S-2-2-300x200.jpg\" alt=\"\" width=\"251\" height=\"167\" srcset=\"https:\/\/conferences.ulbsibiu.ro\/lucianblagacolloquium\/wp-content\/uploads\/U.L.B.S-2-2-300x200.jpg 300w, https:\/\/conferences.ulbsibiu.ro\/lucianblagacolloquium\/wp-content\/uploads\/U.L.B.S-2-2-1024x683.jpg 1024w, https:\/\/conferences.ulbsibiu.ro\/lucianblagacolloquium\/wp-content\/uploads\/U.L.B.S-2-2-768x512.jpg 768w, https:\/\/conferences.ulbsibiu.ro\/lucianblagacolloquium\/wp-content\/uploads\/U.L.B.S-2-2.jpg 1200w\" sizes=\"(max-width: 251px) 100vw, 251px\" \/><\/a><\/p>\n<p style=\"text-align: center;\">\nColocviul s-a n\u0103scut din dorin\u021ba de a aduce \u00a0 \u00a0 \u00a0 \u00a0 \u00a0 \u00a0 \u00a0 \u00a0 \u00a0 \u00a0 \u00a0 \u00a0 \u00a0 \u00a0 \u00a0 \u00a0 \u00a0\u00eempreun\u0103 tineri cercet\u0103tori din \u021bar\u0103 \u0219i din str\u0103in\u0103tate \u0219i de a crea un mediu academic favorabil ideilor inovatoare \u00een domeniul \u0219tiin\u021belor umaniste. Rolul s\u0103u asumat este de a genera un plus de cunoa\u0219tere \u0219i dezbatere, prin stimularea alc\u0103tuirii de echipe de cercet\u0103tori tineri \u0219i mai pu\u021bin tineri, de studen\u021bi \u0219i profesori \u00eendrum\u0103tori.<\/p>\n<p style=\"text-align: center;\">Voluntarii inimo\u0219i sprijin\u0103, \u00een fiecare an, desf\u0103\u0219urarea lucr\u0103rilor Conferin\u021bei \u0219i se implic\u0103 \u00een activit\u0103\u021bile de socializare, organizate \u00een cadrul CLB, precum spectacole, expozi\u021bii, vizionare de filme ori excursii.<\/p>\n<p style=\"text-align: center;\"><a href=\"https:\/\/conferences.ulbsibiu.ro\/lucianblagacolloquium\/wp-content\/uploads\/Unknown-41.jpeg\"><img loading=\"lazy\" class=\"size-medium wp-image-274 aligncenter\" title=\"Unknown-4\" src=\"https:\/\/conferences.ulbsibiu.ro\/lucianblagacolloquium\/wp-content\/uploads\/Unknown-41-300x225.jpg\" alt=\"\" width=\"300\" height=\"225\" srcset=\"https:\/\/conferences.ulbsibiu.ro\/lucianblagacolloquium\/wp-content\/uploads\/Unknown-41-300x225.jpg 300w, https:\/\/conferences.ulbsibiu.ro\/lucianblagacolloquium\/wp-content\/uploads\/Unknown-41.jpeg 960w\" sizes=\"(max-width: 300px) 100vw, 300px\" \/><\/a><\/p>\n","protected":false},"excerpt":{"rendered":"<p>Colocviul s-a n\u0103scut din dorin\u021ba de a aduce \u00a0 \u00a0 \u00a0 \u00a0 \u00a0 \u00a0 \u00a0 \u00a0 \u00a0 \u00a0 \u00a0 \u00a0 \u00a0 \u00a0 \u00a0 \u00a0 \u00a0\u00eempreun\u0103 tineri cercet\u0103tori din \u021bar\u0103 \u0219i din str\u0103in\u0103tate \u0219i de a crea un mediu academic favorabil &hellip; <a href=\"https:\/\/conferences.ulbsibiu.ro\/lucianblagacolloquium\/\">Continue reading <span class=\"meta-nav\">&rarr;<\/span><\/a><\/p>\n","protected":false},"author":1,"featured_media":0,"parent":0,"menu_order":1,"comment_status":"closed","ping_status":"open","template":"","meta":[],"_links":{"self":[{"href":"https:\/\/conferences.ulbsibiu.ro\/lucianblagacolloquium\/index.php?rest_route=\/wp\/v2\/pages\/129"}],"collection":[{"href":"https:\/\/conferences.ulbsibiu.ro\/lucianblagacolloquium\/index.php?rest_route=\/wp\/v2\/pages"}],"about":[{"href":"https:\/\/conferences.ulbsibiu.ro\/lucianblagacolloquium\/index.php?rest_route=\/wp\/v2\/types\/page"}],"author":[{"embeddable":true,"href":"https:\/\/conferences.ulbsibiu.ro\/lucianblagacolloquium\/index.php?rest_route=\/wp\/v2\/users\/1"}],"replies":[{"embeddable":true,"href":"https:\/\/conferences.ulbsibiu.ro\/lucianblagacolloquium\/index.php?rest_route=%2Fwp%2Fv2%2Fcomments&post=129"}],"version-history":[{"count":24,"href":"https:\/\/conferences.ulbsibiu.ro\/lucianblagacolloquium\/index.php?rest_route=\/wp\/v2\/pages\/129\/revisions"}],"predecessor-version":[{"id":501,"href":"https:\/\/conferences.ulbsibiu.ro\/lucianblagacolloquium\/index.php?rest_route=\/wp\/v2\/pages\/129\/revisions\/501"}],"wp:attachment":[{"href":"https:\/\/conferences.ulbsibiu.ro\/lucianblagacolloquium\/index.php?rest_route=%2Fwp%2Fv2%2Fmedia&parent=129"}],"curies":[{"name":"wp","href":"https:\/\/api.w.org\/{rel}","templated":true}]}}