{"id":339,"date":"2021-10-25T21:10:37","date_gmt":"2021-10-25T21:10:37","guid":{"rendered":"https:\/\/conferences.ulbsibiu.ro\/lucianblagacolloquium\/?page_id=339"},"modified":"2022-10-20T15:59:26","modified_gmt":"2022-10-20T15:59:26","slug":"program-2021","status":"publish","type":"page","link":"https:\/\/conferences.ulbsibiu.ro\/lucianblagacolloquium\/?page_id=339","title":{"rendered":"&#8211; Program 2021"},"content":{"rendered":"<p style=\"text-align: center;\"><strong>COLOCVIUL INTERNA\u0162IONAL UNIVERSITAR \u201eLUCIAN BLAGA\u201d<\/strong><\/p>\n<address style=\"text-align: center;\"><strong>Edi\u0163ia a IX-a (XXIII), 28-29 octombrie&nbsp;2021<\/strong><\/address>\n<p><span style=\"color: #000000; font-size: 1.4em;\">JOI, 28 octombrie 2021<\/span><\/p>\n<p><a href=\"https:\/\/meet.google.com\/uoi-cchv-wdk\" target=\"_blank\" rel=\"noopener\"><strong>https:\/\/meet.google.com\/uoi-cchv-wdk<\/strong><\/a><strong> <\/strong><\/p>\n<p>Orele 9<sup>30<\/sup>-9<sup>45<\/sup> \u2013&nbsp;&nbsp;\u00cenregistrarea participan\u021bilor<\/p>\n<p>Ora&nbsp;&nbsp;9<sup>45 <\/sup>\u2013&nbsp;Deschiderea oficial\u0103 a Colocviului<\/p>\n<p>Moderator: Lector univ. dr. Alina BAKO<\/p>\n<p>&#8211; Cuv\u00e2nt de deschidere:<\/p>\n<p>&#8211; Mesajul Rectoratului Universit\u0103\u0163ii \u201eLucian Blaga\u201d din Sibiu:<\/p>\n<p>Prof. univ. dr. habil. Andrei TERIAN, Prorector al ULBS<\/p>\n<p>&#8211;&nbsp;Conf. univ. dr. Drago\u015f VARGA, Decanul Facult\u0103\u0163ii de Litere \u015fi Arte din Sibiu<\/p>\n<p>&nbsp;<\/p>\n<p>Ora 10<sup>00<\/sup><sup> <\/sup>\u2013 Conferin\u0163\u0103 inaugural\u0103:<\/p>\n<p>Marta PETREU:&nbsp;<strong><em>Ce n-a fost niciodat\u0103 Blaga<\/em><\/strong><em> <\/em><\/p>\n<p>Orele 11<sup>00<\/sup>-18<sup>30 <\/sup>\u2013 Comunic\u0103ri \u015fi dezbateri \u00een sec\u0163iuni:<\/p>\n<p>I.&nbsp;<em>Lucian Blaga \u2013 Studii literare \u015fi filosofice<\/em><\/p>\n<p>II.&nbsp;<em>Metode recente \u00een abordarea textelor literare<\/em> (1)<\/p>\n<p>III.&nbsp;<em>Lucian Blaga \u2013 Atelier de traduceri<\/em> (1)<\/p>\n<p><span style=\"color: #000000; font-size: 1.4em;\">VINERI, 29 octombrie 2021<\/span><\/p>\n<p><a href=\"https:\/\/meet.google.com\/tqw-eeih-fdm\" target=\"_blank\" rel=\"noopener\"> <strong>https:\/\/meet.google.com\/tqw-eeih-fdm<\/strong><\/a><\/p>\n<p>Ora 10<sup>00<\/sup><sup> <\/sup>\u2013 Conferin\u0163\u0103:<\/p>\n<p>Delia \u0106UPURDIJA:&nbsp;<strong><em>Integrarea conceptual\u0103 \u2013 un instrument&nbsp;&nbsp;pentru viitorii traduc\u0103tori de poezie<\/em><\/strong><\/p>\n<p>Orele 10<sup>45<\/sup>-17<sup>30 <\/sup>\u2013 Comunic\u0103ri \u015fi dezbateri \u00een sec\u0163iuni:<\/p>\n<p>II.&nbsp;<em>Metode recente \u00een abordarea textelor literare<\/em> (2)<\/p>\n<p>III.&nbsp;<em>Lucian Blaga \u2013 Atelier de traduceri<\/em> (2)<\/p>\n<p>IV.&nbsp;<em>Lucian Blaga \u2013 Poetic\u0103 \u015fi stilistic\u0103<\/em><\/p>\n<p>V.&nbsp;<em>Crea\u021bie literar\u0103<\/em><\/p>\n<p>Ora 18<sup>00<\/sup><sup> <\/sup>\u2013 Premierea<\/p>\n<p>&nbsp;<\/p>\n<p>&nbsp;<\/p>\n<p><strong>Biroul sec\u021biunii de traduceri:<\/strong><\/p>\n<p>Fernando KLABIN (traduc\u0103tor)<\/p>\n<p>Rahimov DOVLETMYRAT (Turkmen State University, TURKMENISTAN)<\/p>\n<p>Roberto MERLO (Universitatea din Torino, ITALIA)<\/p>\n<p>Iulia COSMA (Universitatea din Padova, ITALIA)<\/p>\n<p>Ciprian-Lucretius SUCIU (Universitatea Macedonia, Salonic, GRECIA)<\/p>\n<p>Ioana JIEANU (Universitatea din Ljubljana, SLOVENIA)<\/p>\n<p>Nicolae HEN\u021a&nbsp;(Universitatea Carolin\u0103 din&nbsp;Praga, CEHIA)<\/p>\n<p>Jarmila HOR\u00c1KOV\u00c1&nbsp;(Universitatea Carolin\u0103 din&nbsp;Praga, CEHIA)<\/p>\n<p>Simona POPOV (Universitatea din Belgrad, SERBIA)<\/p>\n<p>Monica HU\u021aANU (Universitatea din Belgrad, SERBIA)<\/p>\n<p>Crina BUD (York University Toronto, CANADA)<\/p>\n<p>Alina IFTIME (Universitatea din Ankara, TURCIA)<\/p>\n<p>Irina DINC\u0102 (Universitatea de Vest din Timi\u0219oara)<\/p>\n<p>Wang JIONG (Universitatea \u201eLucian Blaga\u201d din Sibiu)<\/p>\n<p>Iulia C\u00ceNDEA (Universitatea \u201eLucian Blaga\u201d din Sibiu)<\/p>\n<p>Rodica GRIGORE (Universitatea \u201eLucian Blaga\u201d din Sibiu)<\/p>\n<p>Mihaela-Gen\u021biana ENACHE (Universitatea \u201eLucian Blaga\u201d din Sibiu)<\/p>\n<p>Ana-Blanca CIOCOI-POP (Universitatea \u201eLucian Blaga\u201d din Sibiu)<\/p>\n<p>&nbsp;<\/p>\n<p><strong>Sec\u0163iunea I: <\/strong><strong>LUCIAN BLAGA \u2013 STUDII LITERARE \u015eI FILOSOFICE<\/strong><\/p>\n<p><strong>Joi, 28 octombrie 2021, orele 11<sup>00 <\/sup>\u2013 13<sup>00<\/sup><\/strong><\/p>\n<p><strong>Biroul sec\u0163iunii:<\/strong><\/p>\n<p>Prof.univ.dr. Marta Petreu (Cluj)<\/p>\n<p>Conf. univ. dr. Carmen OPRI\u0218OR (Sibiu)<\/p>\n<p>Lector univ. dr. Ariana B\u0102LA\u0218A (Craiova)<\/p>\n<p>Lector univ. dr. Alina BAKO (Sibiu)<\/p>\n<p>1. Livia \u021au\u0219ca, Universitatea de Vest din Timi\u0219oara:&nbsp;<em>Forme ale c\u0103ut\u0103rii de sine \u00een lirica lui Blaga: un studiu comparativ<\/em><\/p>\n<p>2.Iulia G\u00e2ndil\u0103,&nbsp;Universitatea \u201eLucian Blaga\u201d din Sibiu:&nbsp;<em>Toposul emo\u021biilor \u2013 un itinerariu blagian<\/em><\/p>\n<p><em> <\/em>3. Adrian Badea, Gabriela-Roberta Sipanu, Universitatea din Craiova:&nbsp;<em>Feminismul \u00een poetica lui Lucian Blaga<\/em><\/p>\n<p><em> <\/em>4. Ioana-Hanna Han,&nbsp;Universitatea \u201eLucian Blaga\u201d din Sibiu<em>: \u00cendemn de poveste\u201d \u2013 o analiz\u0103 de text<\/em><\/p>\n<p><em> <\/em>5. Isabella Cre\u021ban, Universitatea de Vest din Timi\u0219oara:&nbsp;<em>Art\u0103 \u0219i valoare: limbajul aforistic \u2013 de la abisal la revelare<\/em><\/p>\n<p><strong>Sec\u0163iunea a II-a: METODE RECENTE \u00ceN ABORDAREA TEXTELOR LITERARE (1)<\/strong><\/p>\n<p><strong>Joi, <\/strong><strong>28 octombrie 2021<\/strong><strong>, orele 14<sup>30 <\/sup>\u2013 16<sup>00<\/sup><\/strong><\/p>\n<p><strong>Biroul sec\u0163iunii:<\/strong><\/p>\n<p><strong> <\/strong><\/p>\n<p>Asist. univ. dr. Roxana ROGOBETE (Timi\u0219oara)<\/p>\n<p>Asist. univ. drd. Iulia DEACONU\u2013TIC\u0102R\u0102U (Sibiu)<\/p>\n<p>Drd. Daniel COMAN (Sibiu)<\/p>\n<p>1. Teona Farmatu,&nbsp;Universitatea \u201eBabe\u0219-Bolyai\u201d din Cluj-Napoca:<strong> <\/strong><em>Dinamica romanului psihologic interbelic \u2013 un demers cantitativ<\/em><\/p>\n<p><em> <\/em>2. \u0218tefania S\u00eerbu,&nbsp;Universitatea \u201eBabe\u0219-Bolyai\u201d din Cluj-Napoca:<strong> <\/strong><em>Eu-topiile. Joc, colec\u021bionare \u0219i multiplicitate \u00een construc\u021bia postural\u0103 a Simonei Popescu<\/em><\/p>\n<p><em> <\/em>3. Victoria-Silvia \u0218erban, Universitatea din Bucure\u0219ti:&nbsp;<em>Post-adev\u0103r \u00een romanele secolului XXI<\/em><\/p>\n<p><em> <\/em>4. Mihnea B\u00e2lici,&nbsp;Universitatea \u201eBabe\u0219-Bolyai\u201d din Cluj-Napoca:<strong> <\/strong><em>Revizuirea problemei \u201eesteticului\u201d \u00een studiile Teodorei Dumitru \u0219i ale lui Andrei Terian<\/em><\/p>\n<p><strong>Sec\u0163iunea a III-a: <\/strong><strong>LUCIAN BLAGA \u2013 ATELIER DE TRADUCERI (1)<\/strong><\/p>\n<p><strong>Joi, <\/strong><strong>28 octombrie 2021<\/strong><strong>, orele 16<sup>00 <\/sup>\u2013 18<sup>30<\/sup><\/strong><\/p>\n<p><strong> <\/strong><\/p>\n<p><strong>Biroul sec\u0163iunii:<\/strong><\/p>\n<p>Nicolae HEN\u021a&nbsp;(Universitatea Carolin\u0103 din&nbsp;Praga)<\/p>\n<p>Irina DINC\u0102 (Universitatea de Vest din Timi\u0219oara)<\/p>\n<p>Ana-Blanca CIOCOI-POP (Universitatea \u201eLucian Blaga\u201d din Sibiu)<\/p>\n<p><strong>Limba englez\u0103:<\/strong><\/p>\n<p style=\"text-align: left;\"><span style=\"font-size: 16px;\">Kelly Akerman, Glendon College, York University Toronto\/&nbsp;Universitatea \u201eBabe\u0219-Bolyai\u201d din Cluj-Napoca<\/span><\/p>\n<p style=\"text-align: left;\"><span style=\"font-size: 16px;\"> <\/span><span style=\"font-size: 16px;\">Denis-Alin-Florin Diaconu, Universitatea din Craiova<\/span><\/p>\n<p style=\"text-align: left;\"><span style=\"font-size: 16px;\"> <\/span>Arazmuhammet Atayev, Turkmenistan \u0219i Mirela-Larisa Rof, Universitatea de Vest din Timi\u0219oara<\/p>\n<p style=\"text-align: left;\">Elena-Andreea B\u0103rbulescu, Universitatea din Bucure\u0219ti<\/p>\n<p style=\"text-align: left;\"><span style=\"font-size: 16px;\">Claudiu-Adrian Lungu,&nbsp;Universitatea de Medicin\u0103, Farmacie, \u0218tiin\u021be \u0219i Tehnologie \u201eGeorge Emil Palade\u201d din T\u00e2rgu-Mure\u0219<\/span><br \/>\n<span style=\"font-size: 16px;\">Ana-Francesca Pan\u0103,&nbsp;Universitatea de Medicin\u0103, Farmacie, \u0218tiin\u021be \u0219i Tehnologie \u201eGeorge Emil Palade\u201d din T\u00e2rgu-Mure\u0219<\/span><br \/>\n<span style=\"font-size: 16px;\">Alexandra Trifan,&nbsp;Universitatea de Medicin\u0103, Farmacie, \u0218tiin\u021be \u0219i Tehnologie \u201eGeorge Emil Palade\u201d din T\u00e2rgu-Mure\u0219<\/span><br \/>\n<span style=\"font-size: 16px;\">Alina-Elena Artenie, Universitatea \u201eLucian Blaga\u201d din Sibiu<\/span><br \/>\n<span style=\"font-size: 16px;\">Ionela-Gabriela<\/span><em style=\"font-size: 16px;\"> <\/em><span style=\"font-size: 16px;\">Chiri\u021boiu, Universitatea \u201eLucian Blaga\u201d din Sibiu<\/span><br \/>\n<span style=\"font-size: 16px;\">Teodora Roman, Universitatea \u201eLucian Blaga\u201d din Sibiu<\/span><\/p>\n<p><strong> <\/strong><\/p>\n<p><strong> Limba german\u0103:<\/strong><\/p>\n<ol>\n<li>Oana&nbsp;Cicur, Universitatea \u201eBabe\u0219-Bolyai\u201d din Cluj-Napoca&nbsp;<strong> <\/strong><\/li>\n<\/ol>\n<p><strong> <\/strong><\/p>\n<p><strong> Limba ebraic\u0103:<\/strong><\/p>\n<ol>\n<li>Efi Magaziner, Israel \u0219i Ionela-Claudia Popescu, Universitatea de Vest din Timi\u0219oara<\/li>\n<\/ol>\n<p><strong> <\/strong><\/p>\n<p><strong> <\/strong><strong>Limba greac\u0103:<\/strong><\/p>\n<p>1.&nbsp;&nbsp;&nbsp;Ana-Maria Epure, Universitatea \u201eLucian Blaga\u201d din Sibiu<\/p>\n<p><strong> <\/strong><\/p>\n<p><strong> Limba turc\u0103: <\/strong><\/p>\n<ol>\n<li>Nur Ef\u0219an Akpinar, Universitatea din Ankara<\/li>\n<li>Canan Nur Savranlar,&nbsp;Universitatea din Ankara<\/li>\n<\/ol>\n<p><strong> <\/strong><strong> <\/strong><\/p>\n<p><strong> Limba turkmen\u0103:<\/strong><strong> <\/strong><\/p>\n<ol>\n<li>Arazmuhammet Atayev, Turkmenistan \u0219i Mirela-Larisa Rof, Universitatea de Vest din Timi\u0219oara<\/li>\n<\/ol>\n<p><strong>Limba ucrainean\u0103:<\/strong><\/p>\n<ol>\n<li>Patrisia Preotescu, Universitatea Na\u0163ional\u0103 din Cern\u0103u\u0163i<\/li>\n<li>C\u0103t\u0103lin \u015ecerb\u0103niuc, Universitatea Na\u0163ional\u0103 din Cern\u0103u\u0163i<\/li>\n<\/ol>\n<p><strong> <\/strong><\/p>\n<p><strong> Limba tamil\u0103:<\/strong><\/p>\n<ol>\n<li>Laura-Otilia Ardeleanu,&nbsp;Fran\u021ba<\/li>\n<\/ol>\n<p><strong>Limba chinez\u0103:<\/strong><\/p>\n<p><strong> <\/strong><\/p>\n<p>1.&nbsp;&nbsp;&nbsp;Zhao Xin, Universitatea din Bucure\u0219ti<\/p>\n<p><strong>Sec\u0163iunea a II-a: METODE RECENTE \u00ceN ABORDAREA TEXTELOR LITERARE (2)<\/strong><\/p>\n<p><strong> <\/strong><\/p>\n<p><strong>Vineri, <\/strong><strong>29 octombrie 2021<\/strong><strong>, orele 10<sup>45 <\/sup>\u2013 13<sup>00<\/sup><\/strong><\/p>\n<p><strong>Biroul sec\u0163iunii:<\/strong><\/p>\n<p>Asist. univ. dr. Roxana ROGOBETE (Timi\u0219oara)<\/p>\n<p>Asist. univ. drd. Iulia DEACONU\u2013TIC\u0102R\u0102U (Sibiu)<\/p>\n<p>Drd. Daniel COMAN (Sibiu)<\/p>\n<p>1. Andra G\u0103lan,&nbsp;Universitatea \u201eBabe\u0219-Bolyai\u201d din Cluj-Napoca:<strong> <\/strong><em>Distopia centrului. Transna\u021bionalizarea modernismului hispano-american<\/em><\/p>\n<p>2. Emanuel Lupa\u0219cu-Dobo\u0219,&nbsp;Universitatea \u201eBabe\u0219-Bolyai\u201d din&nbsp;&nbsp;&nbsp;&nbsp;&nbsp;&nbsp;&nbsp;&nbsp;&nbsp;&nbsp;Cluj-Napoca:<strong> <\/strong><em>Postumanul \u0219i poezia rom\u00e2neasc\u0103&nbsp;a&nbsp;ultimului deceniu<\/em><\/p>\n<p>3. Mihaela-Oana Gogo\u0219eanu, Universitatea de Vest din Timi\u0219oara:&nbsp;<em>Noul materialism: ipoteze \u0219i context<\/em><\/p>\n<p><em> <\/em>4. Ioana Toloarg\u0103,&nbsp;Universitatea \u201eBabe\u0219-Bolyai\u201d din Cluj-Napoca:<strong> <\/strong><em>Performativitatea corporal\u0103 \u0219i hiperrealismul \u00een proza dou\u0103miist\u0103 \u0219i \u00een noul val cinematografic rom\u00e2nesc<\/em><\/p>\n<p><em> <\/em><\/p>\n<p><em> <\/em><\/p>\n<p><strong> <\/strong><\/p>\n<p><strong>Sec\u0163iunea a IV-a: LUCIAN BLAGA \u2013 POETIC\u0102 \u015eI STILISTIC\u0102<\/strong><\/p>\n<p><strong>Vineri, <\/strong><strong>29 octombrie 2021<\/strong><strong>, orele 14<sup>00 <\/sup>\u2013 15<sup>30<\/sup><\/strong><\/p>\n<p><strong>Biroul sec\u0163iunii:<\/strong><\/p>\n<p>Prof. univ. dr. habil. Radu DR\u0102GULESCU (Sibiu)<\/p>\n<p>Conf. univ. dr. Lumini\u021ba CHIOREAN (T\u00e2rgu-Mure\u0219)<\/p>\n<p>Conf. univ. dr. Valerica SPORI\u0218 (Sibiu)<\/p>\n<p>Lector univ. dr. Ariana B\u0102LA\u015eA (Craiova)<\/p>\n<p>1. Andreea-Iulia Pietraru,&nbsp;Universitatea \u201eLucian Blaga\u201d din Sibiu:&nbsp;<em> Margini \u0219i metafizic\u0103 \u00een poezia blagian\u0103<\/em><\/p>\n<p><em> <\/em>2.Olivia-Maria Nec\u0219a, Universitatea de Vest din Timi\u0219oara:<em> Poetica nem\u0103rginirii \u00een&nbsp;<strong>Poemele luminii<\/strong>: transcenden\u021b\u0103 \u0219i interioritate<\/em><\/p>\n<p><em> <\/em>3.Bogdan Contea,&nbsp;Universitatea \u201eLucian Blaga\u201d din Sibiu:&nbsp;<em>Metafora lumii-cuib \u00een poemele blagiene<\/em><\/p>\n<p><em> <\/em>4. Denisa-Maria Fr\u0103tean, Universitatea \u201eLucian Blaga\u201d din Sibiu:&nbsp;<em>Lirica blagian\u0103 \u2013 (re)lecturi cantitative<\/em><\/p>\n<p><em> <\/em><strong>Sec\u0163iunea a III-a: <\/strong><strong>LUCIAN BLAGA \u2013 ATELIER DE TRADUCERI (2)<\/strong><\/p>\n<p><strong>Vineri, 29 octombrie 2021, orele 15<sup>30 <\/sup>\u2013 17<sup>30<\/sup><\/strong><\/p>\n<p><strong>Biroul sec\u0163iunii:<\/strong><\/p>\n<p>Delia \u0106UPURDIJA&nbsp;(Universitatea din Zagreb)<\/p>\n<p>Iulia COSMA (Universitatea din Padova)<\/p>\n<p>Ioana JIEANU (Universitatea&nbsp;&nbsp;din Ljubljana)<\/p>\n<p>Ana-Blanca CIOCOI-POP (Universitatea \u201eLucian Blaga\u201d)<\/p>\n<p>Mihaela-Gen\u021biana ENACHE (Universitatea \u201eLucian Blaga\u201d)<\/p>\n<p><strong> Limba italian\u0103: <\/strong><\/p>\n<ol>\n<li>Rebeca Filimon \u0219i Olga T\u0103r\u00ee\u021b\u0103, Universitatea din Padova<\/li>\n<li>Francesca Pizzinga \u0219i Elena Boro\u0219-Stanciu, Universitatea din Padova<strong> <\/strong><\/li>\n<\/ol>\n<p><strong> <\/strong><\/p>\n<p><strong> Limba spaniol\u0103:<\/strong><\/p>\n<ol>\n<li>Adrian-Dan H\u0103r\u021b\u0103u, Universitatea de Vest din Timi\u0219oara&nbsp;<em> <\/em><\/li>\n<\/ol>\n<p><strong> <\/strong><\/p>\n<p><strong> Limba portughez\u0103:<\/strong><\/p>\n<ol>\n<li>Jamilta Mendes David, S\u00e3o Tom\u00e9 \u0219i Pr\u00edncipe \u0219i Alexandru Bobic, Universitatea de Vest din Timi\u0219oara<\/li>\n<\/ol>\n<p><strong> <\/strong><\/p>\n<p><strong> Limba sloven\u0103:<\/strong><\/p>\n<ol>\n<li>Lara Poto\u010dnik, Universitatea&nbsp;&nbsp;din Ljubljana<\/li>\n<\/ol>\n<p><strong>Limba ceh\u0103:<\/strong><\/p>\n<p><strong> <\/strong><\/p>\n<ol>\n<li> Eva Milea,&nbsp;Universitatea Carolin\u0103 din&nbsp;Praga<\/li>\n<li>Mihaela T\u0103nase,&nbsp;Universitatea Carolin\u0103 din&nbsp;Praga<\/li>\n<li>Jan Cermak,&nbsp;Universitatea Carolin\u0103 din&nbsp;Praga<\/li>\n<li>Lubo\u0161 Kol\u00e1\u0159,&nbsp;Universitatea Carolin\u0103 din&nbsp;Praga<\/li>\n<li>Eliska Belinova,&nbsp;Universitatea Carolin\u0103 din&nbsp;Praga<\/li>\n<li>Victoria Wolfov\u00e1,&nbsp;Universitatea Carolin\u0103 din&nbsp;Praga<\/li>\n<li>Jan Bergl, Universitatea Carolin\u0103 din Praga<\/li>\n<\/ol>\n<p><strong> <\/strong><\/p>\n<p><strong> Limba s\u00e2rb\u0103:<\/strong><strong> <\/strong><\/p>\n<p>1.&nbsp;&nbsp;&nbsp;&nbsp;Aleksandar Gajic,<strong> <\/strong>Universitatea din Belgrad<\/p>\n<p><strong>Limba francez\u0103:<\/strong><\/p>\n<ol>\n<li>Michel Gloire Nkolo, Congo \u0219i Livia \u021au\u0219ca, Universitatea de Vest din Timi\u0219oara<\/li>\n<li>Antalia-Celestina St\u0103nescu, Universitatea din Craiova<\/li>\n<li>Antonia Muraru,&nbsp;Universitatea \u201eBabe\u0219-Bolyai\u201d din Cluj-Napoca<\/li>\n<li>Adina-Maria Gherghin, Universitatea \u201eLucian Blaga\u201d din Sibiu<\/li>\n<li>Alin-Daniel Zaharie,&nbsp;Universitatea \u201eLucian Blaga\u201d din Sibiu<\/li>\n<li>Elena-Adelina Ivan, Universitatea \u201eLucian Blaga\u201d din Sibiu<\/li>\n<li>Claudia Ianchis,&nbsp;Universitatea \u201eLucian Blaga\u201d din Sibiu<\/li>\n<\/ol>\n<p><strong>Sec\u0163iunea a V-a: CREA\u021aIE LITERAR\u0102<\/strong><\/p>\n<p><strong> <\/strong><strong>Biroul sec\u0163iunii:<\/strong><\/p>\n<p>Prof. univ. dr. Dumitru CHIOARU (Sibiu)<\/p>\n<p>Conf. univ. dr. Radu VANCU (Sibiu)<\/p>\n<p>Participan\u021bi:<\/p>\n<p>Alex-Ionu\u021b Orban,&nbsp;&nbsp;Universitatea de Medicin\u0103, Farmacie, \u0218tiin\u021be \u0219i Tehnologie \u201eGeorge Emil Palade\u201d din T\u00e2rgu-Mure\u0219<\/p>\n<p>Octavian Pl\u0103ia\u0219u-Cozan,&nbsp;Universitatea din Bucure\u0219ti<\/p>\n<p>Andreea-Iulia Pietraru,&nbsp;Universitatea \u201eLucian Blaga\u201d din Sibiu<\/p>\n<p><strong> <\/strong><\/p>\n<p><strong> <\/strong><\/p>\n<p>&nbsp;<\/p>\n","protected":false},"excerpt":{"rendered":"<p>COLOCVIUL INTERNA\u0162IONAL UNIVERSITAR \u201eLUCIAN BLAGA\u201d Edi\u0163ia a IX-a (XXIII), 28-29 octombrie&nbsp;2021 JOI, 28 octombrie 2021 https:\/\/meet.google.com\/uoi-cchv-wdk Orele 930-945 \u2013&nbsp;&nbsp;\u00cenregistrarea participan\u021bilor Ora&nbsp;&nbsp;945 \u2013&nbsp;Deschiderea oficial\u0103 a Colocviului Moderator: Lector univ. dr. Alina BAKO &#8211; Cuv\u00e2nt de deschidere: &#8211; Mesajul Rectoratului Universit\u0103\u0163ii \u201eLucian &hellip; <a href=\"https:\/\/conferences.ulbsibiu.ro\/lucianblagacolloquium\/?page_id=339\">Continue reading <span class=\"meta-nav\">&rarr;<\/span><\/a><\/p>\n","protected":false},"author":1,"featured_media":0,"parent":77,"menu_order":1,"comment_status":"closed","ping_status":"open","template":"","meta":[],"_links":{"self":[{"href":"https:\/\/conferences.ulbsibiu.ro\/lucianblagacolloquium\/index.php?rest_route=\/wp\/v2\/pages\/339"}],"collection":[{"href":"https:\/\/conferences.ulbsibiu.ro\/lucianblagacolloquium\/index.php?rest_route=\/wp\/v2\/pages"}],"about":[{"href":"https:\/\/conferences.ulbsibiu.ro\/lucianblagacolloquium\/index.php?rest_route=\/wp\/v2\/types\/page"}],"author":[{"embeddable":true,"href":"https:\/\/conferences.ulbsibiu.ro\/lucianblagacolloquium\/index.php?rest_route=\/wp\/v2\/users\/1"}],"replies":[{"embeddable":true,"href":"https:\/\/conferences.ulbsibiu.ro\/lucianblagacolloquium\/index.php?rest_route=%2Fwp%2Fv2%2Fcomments&post=339"}],"version-history":[{"count":18,"href":"https:\/\/conferences.ulbsibiu.ro\/lucianblagacolloquium\/index.php?rest_route=\/wp\/v2\/pages\/339\/revisions"}],"predecessor-version":[{"id":428,"href":"https:\/\/conferences.ulbsibiu.ro\/lucianblagacolloquium\/index.php?rest_route=\/wp\/v2\/pages\/339\/revisions\/428"}],"up":[{"embeddable":true,"href":"https:\/\/conferences.ulbsibiu.ro\/lucianblagacolloquium\/index.php?rest_route=\/wp\/v2\/pages\/77"}],"wp:attachment":[{"href":"https:\/\/conferences.ulbsibiu.ro\/lucianblagacolloquium\/index.php?rest_route=%2Fwp%2Fv2%2Fmedia&parent=339"}],"curies":[{"name":"wp","href":"https:\/\/api.w.org\/{rel}","templated":true}]}}