{"id":439,"date":"2022-10-21T20:08:53","date_gmt":"2022-10-21T20:08:53","guid":{"rendered":"https:\/\/conferences.ulbsibiu.ro\/lucianblagacolloquium\/?page_id=439"},"modified":"2022-10-29T18:37:36","modified_gmt":"2022-10-29T18:37:36","slug":"premii-2022","status":"publish","type":"page","link":"https:\/\/conferences.ulbsibiu.ro\/lucianblagacolloquium\/?page_id=439","title":{"rendered":"\u2014 PREMII \u2013 COLOCVIUL INTERNA\u021aIONAL UNIVERSITAR \u201eLUCIAN BLAGA\u201d \u2013 EDI\u021aIA XXIV \u2013 2022"},"content":{"rendered":"\n<p><strong>Marele Premiul \u201eLucian Blaga\u201d <\/strong><\/p>\n\n\n\n<p>Anca Pa\u0219ca-Saturn,&nbsp;Universitatea \u201eBabe\u0219-Bolyai\u201d din Cluj-Napoca:&nbsp;<em>Raskolnikov \u0219i frica de p\u0103duchele estetic<\/em> (coordonator prof. univ. dr. habil Corin Braga)<\/p>\n\n\n\n<p><strong>Sec\u0163iunea I: LUCIAN BLAGA \u2013 ATELIER DE TRADUCERI (1)<\/strong><strong><\/strong><\/p>\n\n\n\n<p><strong>Biroul sec\u0163iunii:<\/strong><\/p>\n\n\n\n<p>Jean PONCET (Fran\u021ba)<\/p>\n\n\n\n<p>Mihaela-Gen\u021biana ST\u0102NI\u0218OR ENACHE (Rom\u00e2nia)<\/p>\n\n\n\n<p>J\u00e9r\u00f4me COCHAND (Elve\u021bia)<\/p>\n\n\n\n<p><strong>Limba francez\u0103:<\/strong><\/p>\n\n\n\n<p>Premiul I &#8211; Alin Zaharie,&nbsp;Universitatea \u201eLucian Blaga\u201d din Sibiu<\/p>\n\n\n\n<p>Premiul II &#8211; Ionela-Gabriela Chiri\u021boiu,&nbsp;Universitatea \u201eLucian Blaga\u201d din Sibiu<\/p>\n\n\n\n<p>Premiul III &#8211; Elena-Adelina Ivan,&nbsp;Universitatea \u201eLucian Blaga\u201d din Sibiu<\/p>\n\n\n\n<p>Diplom\u0103 de participare &#8211; Lidia-Florentina Anica,&nbsp;Universitatea \u201eLucian Blaga\u201d din Sibiu<\/p>\n\n\n\n<p><strong>Premiile acestei sec\u021biuni au fost acordate de Editura \u0218coala Ardelean\u0103 \u0219i Centrul Cultural \u201eLucian Blaga\u201d din Sebe\u0219<\/strong> <\/p>\n\n\n\n<p><strong>Sec\u0163iunea a II-a: LUCIAN BLAGA &#8211; STUDII LITERARE. POETIC\u0102 \u0218I STILISTIC\u0102&nbsp;<\/strong><\/p>\n\n\n\n<p><strong>Biroul sec\u0163iunii:<\/strong><\/p>\n\n\n\n<p>Lector univ. dr. Ariana B\u0102LA\u0218A (Craiova)<\/p>\n\n\n\n<p>Conf. univ. dr. Valerica SPORI\u0218 (Sibiu)<\/p>\n\n\n\n<p>Premiul I &#8211; Georgiana Alexe, Universitatea din Bucure\u0219ti:&nbsp;<em>Peregrin\u0103ri pe \u021b\u0103rmurile misterului blagian<\/em><\/p>\n\n\n\n<p>Premiul II &#8211; Iulia Pietraru, Universitatea \u201eLucian Blaga\u201d din Sibiu:&nbsp;&nbsp;<em>Poezia lui Blaga ca ecosistem literar. O perspectiv\u0103 ecocritic\u0103<\/em><\/p>\n\n\n\n<p>Premiul III \u0219i Premiul Revistei <strong>Euphorion<\/strong>&#8211; Oana Cicur, Universitatea \u201eBabe\u0219-Bolyai\u201d din Cluj-Napoca:&nbsp;<em>Lucian Blaga, memorialistul \u0219i romancierul. Metafic\u021biune \u0219i (auto)mitologizare<\/em><\/p>\n\n\n\n<p>Men\u021biune &#8211; Iulia-Maria V\u00eerban,&nbsp;Universitatea \u201eBabe\u0219-Bolyai\u201d din Cluj-Napoca:&nbsp;<em>&nbsp;<strong>Luntrea lui Caron<\/strong>: reanimarea obsesiilor poetice \u00een registru narativ subversiv<\/em><\/p>\n\n\n\n<p>Diplom\u0103 de participare &#8211; Sevastita-Eugenia Mogo\u015fanu, Universitatea din Craiova:&nbsp;<em>Filozofia erotic\u0103 la Lucian Blaga<\/em><\/p>\n\n\n\n<p>Diplom\u0103 de participare &#8211; Adelina Ivan,&nbsp;Universitatea \u201eLucian Blaga\u201d din Sibiu:&nbsp;<em>Semnifica\u021bia m\u0103\u0219tii \u00een&nbsp;<strong>Zamolxe<\/strong>&nbsp;\u0219i&nbsp;<strong>Me\u0219terul Manole<\/strong><\/em><\/p>\n\n\n\n<p>Diplom\u0103 de participare &#8211; Laura Popan,&nbsp;Universitatea \u201eBabe\u0219-Bolyai\u201d din Cluj-Napoca:&nbsp;<em>Ipostaze \u0219i metafore ale feminit\u0103\u021bii \u00een opera lui Lucian Blaga \u00ad<\/em><\/p>\n\n\n\n<p><strong>Sec\u0163iunea a III-a: METODE RECENTE \u00ceN ABORDAREA TEXTELOR LITERARE<\/strong><\/p>\n\n\n\n<p><strong>Biroul sec\u0163iunii:<\/strong><\/p>\n\n\n\n<p>Conf. univ. dr. Rodica GRIGORE (Sibiu)<\/p>\n\n\n\n<p>Lector univ. dr. Alina BAKO (Sibiu)<\/p>\n\n\n\n<p>Premiul I &#8211; Alexandra Brici,&nbsp;Universitatea \u201eBabe\u0219-Bolyai\u201d din Cluj-Napoca:&nbsp;<em>Transcorporalit\u0103\u021bi postcoloniale \u00een era antropocenului: o analiz\u0103 a romanului&nbsp;<strong>Animal\u2019s People<\/strong>&nbsp;de Indra Sinha<\/em><\/p>\n\n\n\n<p>Premiul II &#8211; Bogdan Vi\u0219an \u0219i Gabriela Vieru, Universitatea \u201eAlexandru Ioan Cuza\u201d din Ia\u0219i:<em>&nbsp;Corp \u0219i femeie, rasializare \u0219i sexualizare. O perspectiv\u0103 a subalternului \u00een&nbsp;<strong>Platforma<\/strong>&nbsp;lui Michel Houellebecq<\/em><\/p>\n\n\n\n<p>Premiul III &#8211; Hora\u021biu Toh\u0103tan,&nbsp;Universitatea \u201eBabe\u0219-Bolyai\u201d din Cluj-Napoca:&nbsp;<em>Huizinga Reloaded. Spre o identificare a elementului ludic al culturii \u00een context postuman<\/em><\/p>\n\n\n\n<p>Men\u021biune &#8211; Anastasia Fuioag\u0103, Universitatea \u201eAlexandru Ioan Cuza\u201d din Ia\u0219i:&nbsp;<em>Analiz\u0103 feminist\u0103 asupra reprezent\u0103rilor avortului din perioada regimului ceau\u0219ist \u00een literatura contemporan\u0103<\/em><\/p>\n\n\n\n<p><strong>Sec\u0163iunea a IV-a: FRICA \u0218I LITERATURA<\/strong><\/p>\n\n\n\n<p><strong>Biroul sec\u021biunii:&nbsp;<\/strong><\/p>\n\n\n\n<p>Conf. univ. dr. George ARDELEANU (Bucure\u0219ti)<\/p>\n\n\n\n<p>Conf. univ. dr. Carmen OPRI\u0218OR (Sibiu)<\/p>\n\n\n\n<p>Premiul I &#8211; Ioana Toloarg\u0103,&nbsp;Universitatea \u201eBabe\u0219-Bolyai\u201d din Cluj-Napoca:&nbsp;<em>Gramatica fricii \u00een dramaturgia rom\u00e2neasc\u0103. Studiu de caz pe dramaturgia Alinei Nelega<\/em><\/p>\n\n\n\n<p>Premiul II &#8211; Bogdan Contea,&nbsp;Universitatea \u201eLucian Blaga\u201d din Sibiu:&nbsp;&nbsp;<em>Ioan Slavici \u2013 anxiet\u0103\u021bi sociale \u0219i viziuni ale fricii<\/em><\/p>\n\n\n\n<p>Premiul III &#8211; Hanna Han,&nbsp;Universitatea \u201eLucian Blaga\u201d din Sibiu:&nbsp;<em>Feminizarea r\u0103zboiului \u0219i trauma colectiv\u0103 \u00een&nbsp;<strong>Balaurul<\/strong>&nbsp;de Hortensia Papadat-Bengescu<\/em><\/p>\n\n\n\n<p>Men\u021biune &#8211; C\u0103t\u0103lina-Gabriela Sc\u00eentei, Universitatea din Bucure\u0219ti:&nbsp;<em>Ipostazele \u0219i motiva\u021biile fricii la Paul Celan \u0219i Lucian Blaga&nbsp;<\/em><\/p>\n\n\n\n<p>Diplom\u0103 de participare &#8211; Estera T\u0103n\u0103soiu, Universitatea din Craiova:&nbsp;<em>De la supliciu la impasul libert\u0103\u0163ii &#8211; eul biografic \u015fi cel creativ \u00een romanul&nbsp;<strong>Crim\u0103 \u015fi pedeaps\u0103<\/strong>&nbsp;al lui Dostoievski<\/em><\/p>\n\n\n\n<p><strong>Sec\u0163iunea a V-a: LUCIAN BLAGA \u2013 ATELIER DE TRADUCE<\/strong><strong>RI (2)&nbsp;<\/strong><\/p>\n\n\n\n<p><strong>Biroul sec\u0163iunii:<\/strong><\/p>\n\n\n\n<p>&nbsp;&nbsp;&nbsp;&nbsp;&nbsp;&nbsp;&nbsp;&nbsp;&nbsp;&nbsp;&nbsp;&nbsp;Nicolae HEN\u021a&nbsp;(Universitatea Carolin\u0103 din&nbsp;Praga)<\/p>\n\n\n\n<p>             Dovletmyrat RAHIMOV (Turkmen State University named after&nbsp;Magtymguly)<\/p>\n\n\n\n<p>&nbsp;&nbsp;&nbsp;&nbsp;&nbsp;&nbsp;&nbsp;&nbsp;&nbsp;&nbsp;&nbsp;&nbsp;Iulia COSMA (Universitatea din Padova)<\/p>\n\n\n\n<p>&nbsp;&nbsp;&nbsp;&nbsp;&nbsp;&nbsp;&nbsp;&nbsp;&nbsp;&nbsp;&nbsp;&nbsp;Irina DINC\u0102 (Universitatea de Vest din Timi\u0219oara)<\/p>\n\n\n\n<p>&nbsp;&nbsp;&nbsp;&nbsp;&nbsp;&nbsp;&nbsp;&nbsp;&nbsp;&nbsp;&nbsp;&nbsp;Ana-Blanca CIOCOI-POP (Universitatea \u201eLucian Blaga\u201d din Sibiu)<\/p>\n\n\n\n<p><strong>&nbsp;&nbsp;&nbsp;&nbsp;&nbsp;&nbsp;&nbsp;&nbsp;&nbsp;&nbsp;&nbsp;&nbsp;Limba ceh\u0103:<\/strong><\/p>\n\n\n\n<p>&nbsp;&nbsp;&nbsp;Premiul I &#8211; Mihaela T\u0103nase, Universitatea Carolin\u0103 din&nbsp;Praga<\/p>\n\n\n\n<p>  Premiul III &#8211; Eva Milea, Universitatea Carolin\u0103 din&nbsp;Praga<\/p>\n\n\n\n<p>&nbsp;&nbsp;&nbsp;Men\u021biune &#8211; Lubo\u0161 Kol\u00e1\u0159, Universitatea Carolin\u0103 din&nbsp;Praga<\/p>\n\n\n\n<p>&nbsp;&nbsp;&nbsp;Diplom\u0103 de participare &#8211; Mikaela Rotaru, Universitatea Carolin\u0103 din&nbsp;Praga<\/p>\n\n\n\n<p>&nbsp;&nbsp;&nbsp;&nbsp;&nbsp;&nbsp;&nbsp;&nbsp;&nbsp;&nbsp;&nbsp;&nbsp;<strong>Limba&nbsp;ucrainean\u0103:<\/strong><\/p>\n\n\n\n<p>Men\u021biune &#8211;  Violeta Olaru, Universitatea Na\u021bional\u0103 \u201eIurii Fedkovici\u201d din&nbsp;&nbsp;&nbsp;Cern\u0103u\u021bi<\/p>\n\n\n\n<p>Men\u021biune &#8211; C\u0103t\u0103lin \u0218cerb\u0103niuc, Universitatea Na\u021bional\u0103 \u201eIurii Fedkovici\u201d din&nbsp;&nbsp;&nbsp;Cern\u0103u\u021bi<\/p>\n\n\n\n<p>Men\u021biune &#8211; Patrisia Preotescu, Universitatea Na\u021bional\u0103 \u201eIurii Fedkovici\u201d din&nbsp;&nbsp;&nbsp;Cern\u0103u\u021bi<\/p>\n\n\n\n<p><strong>&nbsp;&nbsp;&nbsp;&nbsp;&nbsp;&nbsp;&nbsp;&nbsp;&nbsp;&nbsp;&nbsp;&nbsp;&nbsp;&nbsp;&nbsp;&nbsp;&nbsp;&nbsp;<\/strong><strong>Limba&nbsp;turkmen\u0103:<\/strong><\/p>\n\n\n\n<p>Premiul I &#8211; Arazmuhammet Atayev (Turkmenistan) \u0219i&nbsp;Mirela-Larisa Rof, Universitatea de Vest din Timi\u0219oara<\/p>\n\n\n\n<p><strong>&nbsp;&nbsp;&nbsp;&nbsp;&nbsp;&nbsp;&nbsp;&nbsp;&nbsp;&nbsp;&nbsp;&nbsp;Limba arab\u0103:<\/strong><\/p>\n\n\n\n<p>Premiul I &#8211; Mohammed Ali Alani (Irak)<\/p>\n\n\n\n<p>Men\u021biune &#8211; Ghaida Hannouneh,&nbsp;Universitatea \u201eLucian Blaga\u201d din Sibiu<\/p>\n\n\n\n<p><strong>&nbsp;&nbsp;&nbsp;&nbsp;&nbsp;&nbsp;&nbsp;&nbsp;&nbsp;&nbsp;&nbsp;&nbsp;Limba italian\u0103:<\/strong><strong><\/strong><\/p>\n\n\n\n<p>Premiul I &#8211; Olga T\u0103r\u00ee\u021b\u0103, Universitatea din Padova<\/p>\n\n\n\n<p>Premiul II &#8211; Francesca Pizzinga,&nbsp;&nbsp;Universitatea din Padova<\/p>\n\n\n\n<p>&nbsp;&nbsp;&nbsp;&nbsp;&nbsp;&nbsp;&nbsp;&nbsp;&nbsp;&nbsp;&nbsp;&nbsp;<strong>Limba portughez\u0103:<\/strong><strong><\/strong><\/p>\n\n\n\n<p>Premiul I&nbsp;&#8211; Edcleide Afonso (S\u00e3o Tom\u00e9 \u0219i Pr\u00edncipe)<\/p>\n\n\n\n<p>Premiul II  &#8211; Suzana Da Costa \u0219i Evguene Dias Da Silva (S\u00e3o Tom\u00e9 \u0219i Pr\u00edncipe)&nbsp;<\/p>\n\n\n\n<p>Premiul III &#8211; Edvaldo Da Costa (S\u00e3o Tom\u00e9 \u0219i Pr\u00edncipe)<\/p>\n\n\n\n<p>&nbsp;&nbsp;&nbsp;&nbsp;&nbsp;&nbsp;&nbsp;&nbsp;&nbsp;&nbsp;&nbsp;&nbsp;<strong>Limba&nbsp;creol\u0103 haitian\u0103:<\/strong><strong><\/strong><\/p>\n\n\n\n<p>Premiul I &#8211; Farah Joseph (Haiti) \u0219i Mihaela-Oana Gogo\u0219eanu, Universitatea de Vest din Timi\u0219oara<\/p>\n\n\n\n<p><strong>&nbsp;&nbsp;&nbsp;&nbsp;&nbsp;&nbsp;Limba tamil\u0103:<\/strong><\/p>\n\n\n\n<p>&nbsp;Premiul I &#8211; Laura Ardeleanu,&nbsp;Fran\u021ba<\/p>\n\n\n\n<p><strong>Sec\u0163iunea a VII-a:&nbsp;<\/strong><strong>LUCIAN BLAGA \u2013 ATELIER DE TRADUCERI (3)<\/strong><\/p>\n\n\n\n<p><strong>Vineri, 28 octombrie 2022, orele 10<sup>00&nbsp;<\/sup>\u2013 13<sup>00<\/sup>&nbsp;(online)<\/strong><\/p>\n\n\n\n<p><strong>Biroul sec\u0163iunii:<\/strong><\/p>\n\n\n\n<p>&nbsp;&nbsp;&nbsp;&nbsp;&nbsp;&nbsp;&nbsp;&nbsp;&nbsp;&nbsp;&nbsp;&nbsp;&nbsp;&nbsp;&nbsp;&nbsp;&nbsp;&nbsp;&nbsp;&nbsp;&nbsp;&nbsp;&nbsp;&nbsp;&nbsp;&nbsp;&nbsp;&nbsp;&nbsp;&nbsp;&nbsp;&nbsp;&nbsp;&nbsp;&nbsp;&nbsp;&nbsp;&nbsp;&nbsp;&nbsp;&nbsp;&nbsp;&nbsp;&nbsp;&nbsp;&nbsp;&nbsp;&nbsp;&nbsp;&nbsp;&nbsp;&nbsp;&nbsp;&nbsp;&nbsp;&nbsp;&nbsp;&nbsp;&nbsp;&nbsp;&nbsp;&nbsp;&nbsp;&nbsp;&nbsp;&nbsp;&nbsp;&nbsp;&nbsp;&nbsp;&nbsp;&nbsp;&nbsp;&nbsp;&nbsp;&nbsp;&nbsp;&nbsp;&nbsp;&nbsp;&nbsp;&nbsp;&nbsp;&nbsp;&nbsp;&nbsp;&nbsp;&nbsp;&nbsp;&nbsp;&nbsp;&nbsp;&nbsp;&nbsp;&nbsp;&nbsp;&nbsp;&nbsp;&nbsp;&nbsp;&nbsp;&nbsp;&nbsp;&nbsp;&nbsp;&nbsp;&nbsp;&nbsp;&nbsp;&nbsp;&nbsp;&nbsp;&nbsp;&nbsp;Alina IFTIME (Universitatea din Ankara)<\/p>\n\n\n\n<p>&nbsp;&nbsp;&nbsp;&nbsp;&nbsp;&nbsp;&nbsp;&nbsp;&nbsp;&nbsp;&nbsp;&nbsp;Ana-Blanca CIOCOI-POP (Universitatea \u201eLucian Blaga\u201d din Sibiu)<\/p>\n\n\n\n<p>&nbsp;&nbsp;&nbsp;&nbsp;&nbsp;&nbsp;&nbsp;&nbsp;&nbsp;&nbsp;&nbsp;&nbsp;Crina BUD (York University Toronto)<\/p>\n\n\n\n<p>Ioana SLAVCHEVA&nbsp;(Universitatea \u201eSfin\u021bii Chiril \u0219i Metodiu\u201d din Veliko T\u00e2rnovo)<\/p>\n\n\n\n<p>&nbsp;&nbsp;&nbsp;&nbsp;&nbsp;&nbsp;&nbsp;&nbsp;&nbsp;&nbsp;&nbsp;&nbsp;<strong>Limba englez\u0103:<\/strong><\/p>\n\n\n\n<p>Premiul I &#8211; Ionela-Gabriela Chiri\u021boiu,&nbsp;&nbsp;Universitatea \u201eLucian Blaga\u201d din Sibiu<\/p>\n\n\n\n<p>Premiul II &#8211; Victor-Octavian Ionescu, Universitatea din Bucure\u0219ti<\/p>\n\n\n\n<p>Premiul III &#8211; Julia Preda (Canada)<\/p>\n\n\n\n<p>Diplom\u0103 de participare &#8211; &nbsp;Laura Ardeleanu (Fran\u021ba)<\/p>\n\n\n\n<p>Diplom\u0103 de participare &#8211; Arazmuhammet Atayev (Turkmenistan) \u0219i Mirela-Larisa Rof,&nbsp;&nbsp;&nbsp;&nbsp;&nbsp;&nbsp;Universitatea de Vest din Timi\u0219oara<\/p>\n\n\n\n<p><\/p>\n\n\n\n<p><strong>&nbsp;&nbsp;&nbsp;&nbsp;&nbsp;&nbsp;&nbsp;&nbsp;&nbsp;&nbsp;&nbsp;&nbsp;&nbsp;&nbsp;&nbsp;&nbsp;&nbsp;&nbsp;<\/strong><strong>Limba german\u0103:<\/strong><\/p>\n\n\n\n<p>&nbsp;&nbsp;&nbsp;&nbsp;&nbsp;&nbsp;&nbsp;&nbsp;&nbsp;&nbsp;&nbsp;&nbsp;Premiul I &#8211; Oana Cicur,&nbsp;Universitatea \u201eBabe\u0219-Bolyai\u201d din Cluj-Napoca<\/p>\n\n\n\n<p><\/p>\n\n\n\n<p><strong>&nbsp;&nbsp;&nbsp;&nbsp;&nbsp;&nbsp;&nbsp;&nbsp;&nbsp;&nbsp;&nbsp;&nbsp;Limba turc\u0103:&nbsp;<\/strong><\/p>\n\n\n\n<p>Premiul I &#8211; Bekta\u0219 Ersan, Universitatea din Ankara<\/p>\n\n\n\n<p>Premiul II &#8211; Buse Pekkonuk,&nbsp;&nbsp;Universitatea din Ankara<\/p>\n\n\n\n<p>Premiul III &#8211; Senahan Akkaya, Universitatea din Ankara<\/p>\n\n\n\n<p><strong>&nbsp;&nbsp;&nbsp;&nbsp;&nbsp;&nbsp;&nbsp;&nbsp;&nbsp;&nbsp;&nbsp;&nbsp;Limba croat\u0103:<\/strong><\/p>\n\n\n\n<p>Premiul I &#8211; Kristina Lovrek, Universitatea din Zagreb<\/p>\n\n\n\n<p>&nbsp;&nbsp;&nbsp;&nbsp;&nbsp;&nbsp;&nbsp;&nbsp;&nbsp;&nbsp;&nbsp;&nbsp;<strong>Limba s\u00e2rb\u0103:<\/strong><\/p>\n\n\n\n<p>&nbsp;&nbsp;&nbsp;&nbsp;&nbsp;&nbsp;&nbsp;&nbsp;&nbsp;&nbsp;&nbsp;&nbsp;Premiul II &#8211; An\u0111ela Miloradovi\u0107, Universitatea din Belgrad<\/p>\n\n\n\n<p>&nbsp;&nbsp;&nbsp;&nbsp;&nbsp;&nbsp;&nbsp;&nbsp;&nbsp;&nbsp;&nbsp;&nbsp;Premiul III &#8211; Aleksandar Gaji\u0107, Universitatea din Belgrad<\/p>\n\n\n\n<p><strong>&nbsp;&nbsp;&nbsp;&nbsp;&nbsp;&nbsp;&nbsp;&nbsp;&nbsp;&nbsp;&nbsp;&nbsp;Limba bulgar\u0103:<\/strong><\/p>\n\n\n\n<p>Men\u021biune &#8211; Nikoleta Tabakova,&nbsp;Universitatea \u201eSfin\u021bii Chiril \u0219i Metodiu\u201d din Veliko T\u00e2rnovo<\/p>\n\n\n\n<p><strong>Sec\u0163iunea a VI-a: CREA\u021aIE LITERAR\u0102<\/strong><strong><\/strong><\/p>\n\n\n\n<p><strong>Biroul sec\u0163iunii:<\/strong><\/p>\n\n\n\n<p><strong>&nbsp;&nbsp;&nbsp;&nbsp;&nbsp;&nbsp;&nbsp;<\/strong>Prof. univ. dr. Dumitru CHIOARU<\/p>\n\n\n\n<p>&nbsp;&nbsp;&nbsp;&nbsp;&nbsp;&nbsp;&nbsp;Conf. univ. dr. habil. Radu VANCU<\/p>\n\n\n\n<p>&nbsp;&nbsp;&nbsp;&nbsp;&nbsp;&nbsp;&nbsp;Lector univ. dr. Andrei \u0218ERBAN <\/p>\n\n\n\n<p>Premiul I \u0219i Premiul revistei <strong>Euphorion<\/strong> &#8211; Denis Prodea<\/p>\n\n\n\n<p>Premiul II &#8211; Bogdan Vi\u0219an&nbsp;<\/p>\n\n\n\n<p>Premiul III &#8211; Ioana Toloarg\u0103<\/p>\n\n\n\n<p>Diplom\u0103 de participare &#8211; M\u0103d\u0103lina Ailenei<\/p>\n\n\n\n<p>Diplom\u0103 de participare &#8211; Adrian H\u0103r\u021b\u0103u<\/p>\n\n\n\n<p>Diplom\u0103 de participare &#8211; Paula Sp\u0103t\u0103cean&nbsp;<\/p>\n\n\n\n<p>Diplom\u0103 de participare &#8211; C\u0103t\u0103lin \u0218uteu&nbsp;&nbsp;&nbsp;<\/p>\n\n\n\n<p><strong>Premiile au fost acordate \u00een vouchere pentru achizi\u021bia de c\u0103r\u021bi de la Libr\u0103riile C\u0103rture\u0219ti.<\/strong><\/p>\n\n\n\n<p>Partenerii Evenimentului CLB 2022: Agence Universitaire de la Francophonie (AUF), Filarmonica de Stat din Sibiu, Editura \u0218coala Ardelean\u0103, Centrul Cultural \u201eLucian Blaga\u201d din Sebe\u0219, Departamentul de Art\u0103 Teatral\u0103 (Facultatea de Litere \u0219i Arte a ULBS), Libr\u0103riile C\u0103rture\u0219ti, Muzeul Astra. <\/p>\n\n\n\n<p>Proiect sus\u021binut prin Agenda activit\u0103\u021bilor extracurriculare a Ministerului Educa\u021biei.<\/p>\n","protected":false},"excerpt":{"rendered":"<p>Marele Premiul \u201eLucian Blaga\u201d Anca Pa\u0219ca-Saturn,&nbsp;Universitatea \u201eBabe\u0219-Bolyai\u201d din Cluj-Napoca:&nbsp;Raskolnikov \u0219i frica de p\u0103duchele estetic (coordonator prof. univ. dr. habil Corin Braga) Sec\u0163iunea I: LUCIAN BLAGA \u2013 ATELIER DE TRADUCERI (1) Biroul sec\u0163iunii: Jean PONCET (Fran\u021ba) Mihaela-Gen\u021biana ST\u0102NI\u0218OR ENACHE (Rom\u00e2nia) J\u00e9r\u00f4me &hellip; <a href=\"https:\/\/conferences.ulbsibiu.ro\/lucianblagacolloquium\/?page_id=439\">Continue reading <span class=\"meta-nav\">&rarr;<\/span><\/a><\/p>\n","protected":false},"author":1,"featured_media":0,"parent":367,"menu_order":0,"comment_status":"closed","ping_status":"closed","template":"","meta":[],"_links":{"self":[{"href":"https:\/\/conferences.ulbsibiu.ro\/lucianblagacolloquium\/index.php?rest_route=\/wp\/v2\/pages\/439"}],"collection":[{"href":"https:\/\/conferences.ulbsibiu.ro\/lucianblagacolloquium\/index.php?rest_route=\/wp\/v2\/pages"}],"about":[{"href":"https:\/\/conferences.ulbsibiu.ro\/lucianblagacolloquium\/index.php?rest_route=\/wp\/v2\/types\/page"}],"author":[{"embeddable":true,"href":"https:\/\/conferences.ulbsibiu.ro\/lucianblagacolloquium\/index.php?rest_route=\/wp\/v2\/users\/1"}],"replies":[{"embeddable":true,"href":"https:\/\/conferences.ulbsibiu.ro\/lucianblagacolloquium\/index.php?rest_route=%2Fwp%2Fv2%2Fcomments&post=439"}],"version-history":[{"count":13,"href":"https:\/\/conferences.ulbsibiu.ro\/lucianblagacolloquium\/index.php?rest_route=\/wp\/v2\/pages\/439\/revisions"}],"predecessor-version":[{"id":557,"href":"https:\/\/conferences.ulbsibiu.ro\/lucianblagacolloquium\/index.php?rest_route=\/wp\/v2\/pages\/439\/revisions\/557"}],"up":[{"embeddable":true,"href":"https:\/\/conferences.ulbsibiu.ro\/lucianblagacolloquium\/index.php?rest_route=\/wp\/v2\/pages\/367"}],"wp:attachment":[{"href":"https:\/\/conferences.ulbsibiu.ro\/lucianblagacolloquium\/index.php?rest_route=%2Fwp%2Fv2%2Fmedia&parent=439"}],"curies":[{"name":"wp","href":"https:\/\/api.w.org\/{rel}","templated":true}]}}