{"id":47,"date":"2017-10-07T06:28:04","date_gmt":"2017-10-07T06:28:04","guid":{"rendered":"http:\/\/conferences.ulbsibiu.ro\/lucianblagacolloquium\/?page_id=47"},"modified":"2020-10-25T11:29:57","modified_gmt":"2020-10-25T11:29:57","slug":"the-2017-edition","status":"publish","type":"page","link":"https:\/\/conferences.ulbsibiu.ro\/lucianblagacolloquium\/?page_id=47","title":{"rendered":"Keynote Speaker edi\u021bia 2018- Petre R\u0103ileanu"},"content":{"rendered":"<p style=\"text-align: justify;\"><strong><img loading=\"lazy\" class=\"alignleft size-medium wp-image-137\" title=\"44083355_1781247501974616_656948121602883584_n\" src=\"http:\/\/conferences.ulbsibiu.ro\/lucianblagacolloquium\/wp-content\/uploads\/44083355_1781247501974616_656948121602883584_n-300x263.jpg\" alt=\"\" width=\"300\" height=\"263\" srcset=\"https:\/\/conferences.ulbsibiu.ro\/lucianblagacolloquium\/wp-content\/uploads\/44083355_1781247501974616_656948121602883584_n-300x263.jpg 300w, https:\/\/conferences.ulbsibiu.ro\/lucianblagacolloquium\/wp-content\/uploads\/44083355_1781247501974616_656948121602883584_n.jpg 546w\" sizes=\"(max-width: 300px) 100vw, 300px\" \/>Dl. Petre R\u0103ileanu\u00a0(n. 1951, Br\u0103ila)<\/strong>, cercet\u0103tor independent \u0219i eseist, va sus\u021bine conferin\u021ba inaugural\u0103 a Colocviului \u201eLucian Blaga\u201d &#8211; <strong>\u201eAvangarda \u00een Rom\u00e2nia. C\u0103ru\u021ba \u0219i calul-putere\u201d<\/strong>, vineri, 26 octombrie 2018.<\/p>\n<p style=\"text-align: justify;\">Absolvent al Universit\u0103\u021bii din Bucure\u0219ti (filologie) \u00een 1974, dl. Petre R\u0103ileanu lucreaz\u0103 (dup\u0103 un scurt stagiu \u00een \u00eenv\u0103\u021b\u0103m\u00e2nt) ca redactor la Editura Militar\u0103, iar apoi este redactor, redactor \u0219ef-adjunct, redactor \u0219ef la Editura Funda\u021biei Culturale Rom\u00e2ne.<br \/>\n\u00cen 1992 se stabile\u0219te \u00een Fran\u021ba, unde continu\u0103 studiile la Universitatea Sorbonne Nouvelle, Paris 3 &#8211; DEA \u00een literatur\u0103 \u0219i civiliza\u021bie franceze secolul XX. Este, pentru mul\u021bi ani, jurnalist bilingv la Radio France Internationale, Paris. \u00cen calitate de cercet\u0103tor independent, particip\u0103 la numeroase colocvii interna\u021bionale consacrate avangardelor, este prezent cu studii \u0219i articole \u00een reviste \u0219i volume colective editate \u00een Fran\u021ba, Rom\u00e2nia, Republica Ceh\u0103, Israel, SUA.<br \/>\nMembru al Uniunii Scriitorilor din Rom\u00e2nia \u0219i al Soci\u00e9t\u00e9 des Gens de Lettres, Paris. Este laureat al Bursei \u201eSarane Alexandrian\u201d, acordat\u0103 de Soci\u00e9t\u00e9 des Gens de Lettres, Paris, 2012, pentru studiul \u201eLe Groupe surr\u00e9aliste roumain\u201d, \u00een curs de elaborare.<br \/>\nC\u0103r\u021bile ap\u0103rute \u00een Fran\u021ba \u0219i \u00een Rom\u00e2nia abordeaz\u0103 problematica zonelor de interferen\u021b\u0103 dintre cele dou\u0103 culturi \u0219i a prezen\u021bei culturii rom\u00e2ne \u00een spa\u021biul european, \u00een special \u00een epoca avangardelor literare \u0219i artistice. A fost recompensat cu premiul \u201eCartea anului 2016\u201d al Filialei Bucure\u015fti USR &#8211; Critic\u0103, Eseistic\u0103 \u015fi Istorie Literar\u0103 pentru volumul \u201eDada \u00een direct\u201d, Editura Tracus Arte.<\/p>\n<div style=\"text-align: justify;\">\n<p>C\u0103r\u021bi \u0219i articole publicate :<\/p>\n<p>Les avant-gardes en Roumanie. La charrette et le cheval-vapeur, Editions Non Lieu, Paris 2018<\/p>\n<p>Dada \u00een direct, Editura Tracus Arte, Bucuresti, 2016.<\/p>\n<p>The Avant-garde as Spontaneous Contagion: The Case of Bucharest, articol in revista Dada\/Surrealism No. 20 (2015), Yowa.<br \/>\n<a id=\"bd_nd_B937DB990D1548698380D65CF906E308_anchor_16\" href=\"http:\/\/trafficlight.bitdefender.com\/info?url=http%3A\/\/ir.uiowa.edu\/dadasur\/%3Ffbclid%3DIwAR0zsbannXinjl4zhaBbJJLSHCjI85eIhFrOIS0ihTT1G0-6St3d_a122bw&amp;language=en_US\"><img id=\"bd_nd_B937DB990D1548698380D65CF906E308_icon_16\" src=\"data:image\/png;base64,iVBORw0KGgoAAAANSUhEUgAAABAAAAAQCAYAAAAf8\/9hAAAAGXRFWHRTb2Z0d2FyZQBBZG9iZSBJbWFnZVJlYWR5ccllPAAAAyBpVFh0WE1MOmNvbS5hZG9iZS54bXAAAAAAADw\/eHBhY2tldCBiZWdpbj0i77u\/IiBpZD0iVzVNME1wQ2VoaUh6cmVTek5UY3prYzlkIj8+IDx4OnhtcG1ldGEgeG1sbnM6eD0iYWRvYmU6bnM6bWV0YS8iIHg6eG1wdGs9IkFkb2JlIFhNUCBDb3JlIDUuMC1jMDYwIDYxLjEzNDc3NywgMjAxMC8wMi8xMi0xNzozMjowMCAgICAgICAgIj4gPHJkZjpSREYgeG1sbnM6cmRmPSJodHRwOi8vd3d3LnczLm9yZy8xOTk5LzAyLzIyLXJkZi1zeW50YXgtbnMjIj4gPHJkZjpEZXNjcmlwdGlvbiByZGY6YWJvdXQ9IiIgeG1sbnM6eG1wPSJodHRwOi8vbnMuYWRvYmUuY29tL3hhcC8xLjAvIiB4bWxuczp4bXBNTT0iaHR0cDovL25zLmFkb2JlLmNvbS94YXAvMS4wL21tLyIgeG1sbnM6c3RSZWY9Imh0dHA6Ly9ucy5hZG9iZS5jb20veGFwLzEuMC9zVHlwZS9SZXNvdXJjZVJlZiMiIHhtcDpDcmVhdG9yVG9vbD0iQWRvYmUgUGhvdG9zaG9wIENTNSBXaW5kb3dzIiB4bXBNTTpJbnN0YW5jZUlEPSJ4bXAuaWlkOkY0NkY5OTQ2MDVCQjExRTQ5NDZFQzJFNEUyMTZDMzFFIiB4bXBNTTpEb2N1bWVudElEPSJ4bXAuZGlkOkY0NkY5OTQ3MDVCQjExRTQ5NDZFQzJFNEUyMTZDMzFFIj4gPHhtcE1NOkRlcml2ZWRGcm9tIHN0UmVmOmluc3RhbmNlSUQ9InhtcC5paWQ6RjQ2Rjk5NDQwNUJCMTFFNDk0NkVDMkU0RTIxNkMzMUUiIHN0UmVmOmRvY3VtZW50SUQ9InhtcC5kaWQ6RjQ2Rjk5NDUwNUJCMTFFNDk0NkVDMkU0RTIxNkMzMUUiLz4gPC9yZGY6RGVzY3JpcHRpb24+IDwvcmRmOlJERj4gPC94OnhtcG1ldGE+IDw\/eHBhY2tldCBlbmQ9InIiPz5fCW0OAAABA0lEQVR42mKs3y3JgAbUgTgNiO2B2AAqdgGIDwLxLCC+iayYCU1zERCfh9LGQMwMxcZochgGsAHxdiDuBWJOBtyAE6pmO1QP3IAuIPZgIB6A1LbDDNAF4hwG0kE+EGuBDEiG+hMvsFcqAmMkANKTzESM00EaHZVKgM5lwvAKSEQRn00wzQfv9THsv9eDboA0C7oIyBZkA\/BoBnsDZMAjIFaBicAUgjSCAB7NIPAIZMAO9FhA1oBHMwjsZgQmZV1oCmMmMRr\/ArEhKBAvA\/F0MtLBFJBeWLwUQ71CLACpLUNOyr+A2BNq0Hc8Gr9D1XhC9WCkjD6Qv6D0BSTxC2hycAAQYADRUEMJSK61tQAAAABJRU5ErkJggg==\" alt=\"\" \/><\/a><a rel=\"noopener nofollow\" href=\"http:\/\/ir.uiowa.edu\/dadasur\/?fbclid=IwAR0zsbannXinjl4zhaBbJJLSHCjI85eIhFrOIS0ihTT1G0-6St3d_a122bw\" target=\"_blank\">http:\/\/ir.uiowa.edu\/dadasur\/<\/a><\/p>\n<p>Gherasim Luca. Editions Oxus, Paris, 2004.<br \/>\nEdi\u021bie \u00een limba rom\u00e2n\u0103, Editura Junimea, Ia\u0219i, 2005.<\/p>\n<p>Fundoianu\/Fondane et L\u2019avant-garde, en collaboration avec Michel Carassou, Editions Paris-M\u00e9diterran\u00e9e, Paris, 1999.<br \/>\nEdi\u021bie \u00een limba rom\u00e2an\u0103, Iubite Fondane&#8230;, Editura Vinea, 1999.<\/p>\n<p>The Romanian Avant-garde, Plural, The Romanian Cultural Fondation, Bucarest, 1999.<\/p>\n<p>HEROLD. Maltrait\u00e9 de peinture. Traducere din francez\u0103, Prefa\u021b\u0103 \u0219i note,<br \/>\nEditura ICARE, Bucure\u0219ti, 2001.<\/p>\n<p>Europa mon amour, Editura Fundatiei Culturale Rom\u00e2ne, Bucuresti, 2003<\/p>\n<p>Fin de si\u00e8cle: Un nou \u00eenceput, interviuri cu personalit\u0103\u021bi ale vie\u021bii culturale franceze, Editura ATLAS, Bucure\u0219ti, 1999.<\/p>\n<p>L\u2019Avant-Garde Roumaine. Le Rameau d\u2019or No. 2(3), 1995, La Fondation Culturelle Roumaine, Bucarest. Texte critique, notes et bibliographie.<\/p>\n<p>Corabia lui Ghilgame\u0219, eseuri, Editura Militar\u0103, Bucure\u0219ti, 1990.<\/p>\n<\/div>\n<p style=\"text-align: justify;\">&nbsp;<\/p>\n","protected":false},"excerpt":{"rendered":"<p>Dl. Petre R\u0103ileanu\u00a0(n. 1951, Br\u0103ila), cercet\u0103tor independent \u0219i eseist, va sus\u021bine conferin\u021ba inaugural\u0103 a Colocviului \u201eLucian Blaga\u201d &#8211; \u201eAvangarda \u00een Rom\u00e2nia. C\u0103ru\u021ba \u0219i calul-putere\u201d, vineri, 26 octombrie 2018. Absolvent al Universit\u0103\u021bii din Bucure\u0219ti (filologie) \u00een 1974, dl. Petre R\u0103ileanu lucreaz\u0103 &hellip; <a href=\"https:\/\/conferences.ulbsibiu.ro\/lucianblagacolloquium\/?page_id=47\">Continue reading <span class=\"meta-nav\">&rarr;<\/span><\/a><\/p>\n","protected":false},"author":1,"featured_media":0,"parent":45,"menu_order":3,"comment_status":"closed","ping_status":"open","template":"","meta":[],"_links":{"self":[{"href":"https:\/\/conferences.ulbsibiu.ro\/lucianblagacolloquium\/index.php?rest_route=\/wp\/v2\/pages\/47"}],"collection":[{"href":"https:\/\/conferences.ulbsibiu.ro\/lucianblagacolloquium\/index.php?rest_route=\/wp\/v2\/pages"}],"about":[{"href":"https:\/\/conferences.ulbsibiu.ro\/lucianblagacolloquium\/index.php?rest_route=\/wp\/v2\/types\/page"}],"author":[{"embeddable":true,"href":"https:\/\/conferences.ulbsibiu.ro\/lucianblagacolloquium\/index.php?rest_route=\/wp\/v2\/users\/1"}],"replies":[{"embeddable":true,"href":"https:\/\/conferences.ulbsibiu.ro\/lucianblagacolloquium\/index.php?rest_route=%2Fwp%2Fv2%2Fcomments&post=47"}],"version-history":[{"count":12,"href":"https:\/\/conferences.ulbsibiu.ro\/lucianblagacolloquium\/index.php?rest_route=\/wp\/v2\/pages\/47\/revisions"}],"predecessor-version":[{"id":231,"href":"https:\/\/conferences.ulbsibiu.ro\/lucianblagacolloquium\/index.php?rest_route=\/wp\/v2\/pages\/47\/revisions\/231"}],"up":[{"embeddable":true,"href":"https:\/\/conferences.ulbsibiu.ro\/lucianblagacolloquium\/index.php?rest_route=\/wp\/v2\/pages\/45"}],"wp:attachment":[{"href":"https:\/\/conferences.ulbsibiu.ro\/lucianblagacolloquium\/index.php?rest_route=%2Fwp%2Fv2%2Fmedia&parent=47"}],"curies":[{"name":"wp","href":"https:\/\/api.w.org\/{rel}","templated":true}]}}