{"id":20,"date":"2023-09-12T14:36:12","date_gmt":"2023-09-12T14:36:12","guid":{"rendered":"https:\/\/conferences.ulbsibiu.ro\/mse\/?page_id=20"},"modified":"2025-05-09T10:31:16","modified_gmt":"2025-05-09T10:31:16","slug":"registration","status":"publish","type":"page","link":"https:\/\/conferences.ulbsibiu.ro\/mse\/index.php\/registration\/","title":{"rendered":"Registration"},"content":{"rendered":"\n<p><strong>Conference Fees for participants<\/strong>:<\/p>\n\n\n\n<p>Author or coauthor participant: <strong>270 euro<\/strong> (or equivalent in RON at NBR exchange rate). It includes:<\/p>\n\n\n\n<ul><li>Publication of the paper;<\/li><li>Admission to all Conferences sessions and exhibitions;<\/li><li>Conferences materials;<\/li><li>Welcome reception;<\/li><li>Conference banquet;<\/li><li>Lunch meals;<\/li><li>Refreshments \u2013 coffee breaks.<\/li><\/ul>\n\n\n\n<p> Second paper publication: <strong>70 euro<\/strong> (or equivalent in RON at NBR exchange rate)<\/p>\n\n\n\n<ul><li>It includes only the publication of the second paper.<\/li><\/ul>\n\n\n\n<p>Accompanying person: <strong>120 euro<\/strong> (or equivalent in RON at NBR exchange rate). It includes:<\/p>\n\n\n\n<ul><li>Admission to all Conferences sessions and exhibitions;<\/li><li>Welcome reception;<\/li><li>Conference banquet;<\/li><li>Lunch meals;<\/li><li>Refreshments \u2013&nbsp;coffee&nbsp;breaks.<\/li><\/ul>\n\n\n\n<p><strong>Please note:<\/strong><\/p>\n\n\n\n<ul><li>For MSE 2025 the maximum allowed number of papers by author is <strong>2<\/strong> <strong>papers <\/strong>as first author or as co-author.<\/li><li>Final acceptance for publication is based on the condition that at least one author will register and present the paper at the conference.<\/li><\/ul>\n\n\n\n<div class=\"wp-block-media-text alignwide is-stacked-on-mobile\" style=\"grid-template-columns:15% auto\"><figure class=\"wp-block-media-text__media\"><img loading=\"lazy\" width=\"120\" height=\"120\" src=\"https:\/\/conferences.ulbsibiu.ro\/mse\/wp-content\/uploads\/2025\/02\/academia.ardeleana1.png\" alt=\"\" class=\"wp-image-222 size-full\"\/><\/figure><div class=\"wp-block-media-text__content\">\n<p class=\"has-large-font-size\">Banking info<\/p>\n<\/div><\/div>\n\n\n\n<figure class=\"wp-block-table\"><table><tbody><tr><td><strong><em>Account in RON:<\/em><\/strong><\/td><\/tr><tr><td>FUNDA\u0162IA ACADEMIA ARDELEAN\u0102 cu sediul \u00een Sibiu, B-dul Victoriei, nr.10, \u2013 Fiscal code: 25691904<br>Swift code: RNCBROBU,<br>Account:&nbsp;RO92RNCB0227110136530001<br><em>With remark: Registration fee for MSE 2025, Your Name and Surname, Paper ID<\/em><\/td><\/tr><\/tbody><\/table><\/figure>\n\n\n\n<figure class=\"wp-block-table\"><table><tbody><tr><td><strong><em>Account in EURO:<\/em><\/strong><\/td><\/tr><tr><td>FUNDA\u0162IA ACADEMIA ARDELEAN\u0102 cu sediul \u00een Sibiu, B-dul Victoriei, nr.10, \u2013 Fiscal code: 25691904<br>Swift code: RNCBROBU,<br>Account:&nbsp;RO65RNCB0227110136530002<br><em>With remark: Registration fee for MSE 2025, Your Name and Surname, Paper ID<\/em><\/td><\/tr><\/tbody><\/table><\/figure>\n\n\n\n<p><\/p>\n\n\n\n<p>Photo by <a href=\"https:\/\/unsplash.com\/@glenncarstenspeters?utm_source=unsplash&amp;utm_medium=referral&amp;utm_content=creditCopyText\">Glenn Carstens-Peters<\/a> on <a href=\"https:\/\/unsplash.com\/photos\/npxXWgQ33ZQ?utm_source=unsplash&amp;utm_medium=referral&amp;utm_content=creditCopyText\">Unsplash<\/a><\/p>\n","protected":false},"excerpt":{"rendered":"<p>Conference Fees for participants: Author or coauthor participant: 270 euro (or equivalent in RON at NBR exchange rate). It includes: Publication of the paper; Admission to all Conferences sessions and exhibitions; Conferences materials; Welcome reception; Conference banquet; Lunch meals; Refreshments \u2013 coffee breaks. Second paper publication: 70 euro (or equivalent in RON at NBR exchange&hellip; <br \/> <a class=\"button small blue\" href=\"https:\/\/conferences.ulbsibiu.ro\/mse\/index.php\/registration\/\">Read more<\/a><\/p>\n","protected":false},"author":1,"featured_media":21,"parent":0,"menu_order":0,"comment_status":"closed","ping_status":"closed","template":"","meta":[],"_links":{"self":[{"href":"https:\/\/conferences.ulbsibiu.ro\/mse\/index.php\/wp-json\/wp\/v2\/pages\/20"}],"collection":[{"href":"https:\/\/conferences.ulbsibiu.ro\/mse\/index.php\/wp-json\/wp\/v2\/pages"}],"about":[{"href":"https:\/\/conferences.ulbsibiu.ro\/mse\/index.php\/wp-json\/wp\/v2\/types\/page"}],"author":[{"embeddable":true,"href":"https:\/\/conferences.ulbsibiu.ro\/mse\/index.php\/wp-json\/wp\/v2\/users\/1"}],"replies":[{"embeddable":true,"href":"https:\/\/conferences.ulbsibiu.ro\/mse\/index.php\/wp-json\/wp\/v2\/comments?post=20"}],"version-history":[{"count":10,"href":"https:\/\/conferences.ulbsibiu.ro\/mse\/index.php\/wp-json\/wp\/v2\/pages\/20\/revisions"}],"predecessor-version":[{"id":263,"href":"https:\/\/conferences.ulbsibiu.ro\/mse\/index.php\/wp-json\/wp\/v2\/pages\/20\/revisions\/263"}],"wp:featuredmedia":[{"embeddable":true,"href":"https:\/\/conferences.ulbsibiu.ro\/mse\/index.php\/wp-json\/wp\/v2\/media\/21"}],"wp:attachment":[{"href":"https:\/\/conferences.ulbsibiu.ro\/mse\/index.php\/wp-json\/wp\/v2\/media?parent=20"}],"curies":[{"name":"wp","href":"https:\/\/api.w.org\/{rel}","templated":true}]}}