{"id":204,"date":"2025-01-23T14:40:10","date_gmt":"2025-01-23T14:40:10","guid":{"rendered":"https:\/\/conferences.ulbsibiu.ro\/mse\/?page_id=204"},"modified":"2025-05-20T06:31:13","modified_gmt":"2025-05-20T06:31:13","slug":"scientific-committee","status":"publish","type":"page","link":"https:\/\/conferences.ulbsibiu.ro\/mse\/index.php\/scientific-committee\/","title":{"rendered":"Scientific committee"},"content":{"rendered":"\n<h2>Honorary committee<\/h2>\n\n\n\n<figure class=\"wp-block-table\"><table><tbody><tr><td>Dorel BANABIC, Romania<\/td><td>George DR\u0102GHICI, Romania<\/td><\/tr><tr><td>Petru BERCE, Romania<\/td><td>Dan Maniu DU\u015eE, Romania<\/td><\/tr><tr><td>Ioan BONDREA, Romania<\/td><td>Constantin OPREAN, Romania<\/td><\/tr><tr><td>Paul Dan BR\u00ceNDA\u015eU, Romania<\/td><td><\/td><\/tr><\/tbody><\/table><\/figure>\n\n\n\n<h2>Scientific committee<\/h2>\n\n\n\n<figure class=\"wp-block-table\"><table><tbody><tr><td>AKOS Cziszar<\/td><td>Germany<\/td><\/tr><tr><td>ALEKSI\u0106 Aleksandar<\/td><td>Serbia<\/td><\/tr><tr><td>AMZA Catalin Gheorghe<\/td><td>Romania<\/td><\/tr><tr><td>ANTUNOVI\u0106 Ranko<\/td><td>Bosnia Hertegovina<\/td><\/tr><tr><td>ARETOULIS George<\/td><td>Greece<\/td><\/tr><tr><td>ARGHIR Mariana<\/td><td>Romania<\/td><\/tr><tr><td>AVASILC\u0102I Silvia<\/td><td>Romania<\/td><\/tr><tr><td>AVRIGEAN Eugen<\/td><td>Romania<\/td><\/tr><tr><td>B\u0102DESCU Mircea<\/td><td>Romania<\/td><\/tr><tr><td>B\u00c2LC Nicolae Octavian<\/td><td>Romania<\/td><\/tr><tr><td>BANCIU Felicia<\/td><td>Romania<\/td><\/tr><tr><td>BANICA Mihai<\/td><td>Romania<\/td><\/tr><tr><td>BANI\u0106 Milan<\/td><td>Serbia<\/td><\/tr><tr><td>B\u00c2RSAN Ghi\u0163\u0103<\/td><td>Romania<\/td><\/tr><tr><td>B\u00c2RSAN Raluca<\/td><td>Romania<\/td><\/tr><tr><td>BATOG Jacek<\/td><td>Poland<\/td><\/tr><tr><td>BEHERA Amar Kumar<\/td><td>India<\/td><\/tr><tr><td>BEJINARIU Costic\u0103<\/td><td>Romania<\/td><\/tr><tr><td>BEJU Livia Dana<\/td><td>Romania<\/td><\/tr><tr><td>BIRIS Cristina<\/td><td>Romania<\/td><\/tr><tr><td>BIRK Udo<\/td><td>Switzerland<\/td><\/tr><tr><td>BLAGA Florin<\/td><td>Romania<\/td><\/tr><tr><td>BLAGOJEVI\u0106 Mirko<\/td><td>Serbia<\/td><\/tr><tr><td>BONDREA Ioan<\/td><td>Romania<\/td><\/tr><tr><td>BORZAN Cristina<\/td><td>Romania<\/td><\/tr><tr><td>BORZAN Marian<\/td><td>Romania<\/td><\/tr><tr><td>BREAZ Radu Eugen<\/td><td>Romania<\/td><\/tr><tr><td>BREAZ Teodora Odett<\/td><td>Romania<\/td><\/tr><tr><td>BUNG\u0102U Constantin<\/td><td>Romania<\/td><\/tr><tr><td>BUTLEWSKI Marcin<\/td><td>Poland<\/td><\/tr><tr><td>CAMPBELL R .Jan<\/td><td>United Kingdom<\/td><\/tr><tr><td>\u010cAVI\u0106 Maja <\/td><td>Serbia<\/td><\/tr><tr><td>CERNU\u015eC\u0102 Dan<\/td><td>USA&nbsp;<\/td><\/tr><tr><td>CHICOS Lucia<\/td><td>Romania<\/td><\/tr><tr><td>CHILIBAN Marius-Bogdan<\/td><td>Romania<\/td><\/tr><tr><td>CIOCA Lucian-Ionel<\/td><td>Romania<\/td><\/tr><tr><td>CIOCA Marius<\/td><td>Romania<\/td><\/tr><tr><td>CIUPE Valentin<\/td><td>Romania<\/td><\/tr><tr><td>COFARU Nicolae<\/td><td>Romania<\/td><\/tr><tr><td>CONSTANTIN George<\/td><td>Romania<\/td><\/tr><tr><td>CON\u0162IU Glad<\/td><td>Romania<\/td><\/tr><tr><td>COTE\u0162 Costel Emil<\/td><td>Romania<\/td><\/tr><tr><td>CRENGANI\u0218 Mihai<\/td><td>Romania<\/td><\/tr><tr><td>CRETU Daniela<\/td><td>Romania<\/td><\/tr><tr><td>CRISTEA Luciana<\/td><td>Romania<\/td><\/tr><tr><td>CROITORU Sorin<\/td><td>Romania<\/td><\/tr><tr><td>CUKOVIC Sasa<\/td><td>Switzerland<\/td><\/tr><tr><td>CZERNIACHOWICZ Barbara<\/td><td>Poland<\/td><\/tr><tr><td>DARABONT Doru-Costin<\/td><td>Romania<\/td><\/tr><tr><td>DAYNIER Rolando Delgado Sobrino<\/td><td>Slovakia<\/td><\/tr><tr><td>DE SOUSA Ricardo J. Alves<\/td><td>Portugal<\/td><\/tr><tr><td>DENE\u0218 C\u0103lin<\/td><td>Romania<\/td><\/tr><tr><td>DEZS\u00d6 Gergely<\/td><td>Hungary<\/td><\/tr><tr><td>DOBRESCU Tiberiu<\/td><td>Romania<\/td><\/tr><tr><td>DOBROTA Dan<\/td><td>Romania<\/td><\/tr><tr><td>DODUN Oana<\/td><td>Romania<\/td><\/tr><tr><td>DOICIN Cristian<\/td><td>Romania<\/td><\/tr><tr><td>DR\u0102GHICI Anca<\/td><td>Romania<\/td><\/tr><tr><td>DR\u0102GOI Mircea<\/td><td>Romania<\/td><\/tr><tr><td>DRAGOMIR Mihai<\/td><td>Romania<\/td><\/tr><tr><td>DR\u00c9GELYI-KISS \u00c1gota<\/td><td>Hungary<\/td><\/tr><tr><td>DUMITRA\u015e C\u0103t\u0103lin Gabriel<\/td><td>Romania<\/td><\/tr><tr><td>DUMITRA\u0218CU Adela-Eliza<\/td><td>Romania<\/td><\/tr><tr><td>DUMITRA\u015eCU D\u0103nu\u0163<\/td><td>Romania<\/td><\/tr><tr><td>FETEC\u0102U C\u0103t\u0103lin<\/td><td>Romania<\/td><\/tr><tr><td>FILIP Alexandru<\/td><td>Romania<\/td><\/tr><tr><td>FIRESCU Violeta<\/td><td>Romania<\/td><\/tr><tr><td>GAKI\u0106 Maja<\/td><td>Bosnia Hertegovina<\/td><\/tr><tr><td>G\u00c1L J\u00f3zsef<\/td><td>Hungary<img loading=\"lazy\" width=\"2\" height=\"2\" src=\"\"><\/td><\/tr><tr><td>GAL Marius-Lucian<\/td><td>Romania<\/td><\/tr><tr><td>G\u0102MAN Artur<\/td><td>Romania<\/td><\/tr><tr><td>GAVRUS Adinel<\/td><td>France<\/td><\/tr><tr><td>GIRJOB Claudia<\/td><td>Romania<\/td><\/tr><tr><td>GOMEZ GONZALEZ Jose Francisco<\/td><td>Spain<\/td><\/tr><tr><td>GORNY Adam<\/td><td>Poland<\/td><\/tr><tr><td>GRAMESCU Bogdan<\/td><td>Romania<\/td><\/tr><tr><td>GR\u0102MESCU Bogdan<\/td><td>Romania<\/td><\/tr><tr><td>GRBAC BABI\u0106 Sanja<\/td><td>Croatia<\/td><\/tr><tr><td>GRECU VALENTIN<\/td><td>Romania<\/td><\/tr><tr><td>GROZAV Sorin<\/td><td>Romania<\/td><\/tr><tr><td>HADAR Anton<\/td><td>Romania<\/td><\/tr><tr><td>HANCU Olimpiu<\/td><td>Romania<\/td><\/tr><tr><td>HEINISCH Martin<\/td><td>Germany<\/td><\/tr><tr><td>HOLUBEK Radovan<\/td><td>Slovakia<\/td><\/tr><tr><td>HORODINC\u0102 Mih\u0103i\u0163\u0103<\/td><td>Romania<\/td><\/tr><tr><td>ILIEVA Galina<\/td><td>Bulgaria<\/td><\/tr><tr><td>INTA Marinela<\/td><td>Romania<\/td><\/tr><tr><td>ISARIE Claudiu<\/td><td>Romania<\/td><\/tr><tr><td>IVA\u015eCU Larisa<\/td><td>Romania<\/td><\/tr><tr><td>JEREMI\u0106 Dejan<\/td><td>Bosnia Hertegovina<\/td><\/tr><tr><td>KIFOR Claudiu<\/td><td>Romania<\/td><\/tr><tr><td>KOPCZY\u0143SKI Artur<\/td><td>Poland<\/td><\/tr><tr><td>KOSTAL Peter<\/td><td>Slovakia<\/td><\/tr><tr><td>KOSTI\u0106 Nenad<\/td><td>Serbia<\/td><\/tr><tr><td>KOT Sebastian<\/td><td>Poland<\/td><\/tr><tr><td>KOVAL Viktor<\/td><td>Ukraine<\/td><\/tr><tr><td>KRAI\u0160NIK Milija<\/td><td>Bosnia Hertegovina<\/td><\/tr><tr><td>KR\u00c1LIKOV\u00c1 Ru\u017eena<\/td><td>Slovakia<\/td><\/tr><tr><td>KYRATSIS Panagiotis<\/td><td>Greece<\/td><\/tr><tr><td>LAKATOS Elena-Simina<\/td><td>Romania<\/td><\/tr><tr><td>LANCEA Camil<\/td><td>Romania<\/td><\/tr><tr><td>LAREK Roland<\/td><td>Germany<\/td><\/tr><tr><td>LATINOVI\u0106 Tihomir<\/td><td>Bosnia Hertegovina<\/td><\/tr><tr><td>LEGUTKO Stanislaw<\/td><td>Poland<\/td><\/tr><tr><td>LOBON\u021a Lucian<\/td><td>Romania<\/td><\/tr><tr><td>LUCULESCU Marius<\/td><td>Romania<\/td><\/tr><tr><td>LUKI\u0106 Dejan <\/td><td>Serbia<\/td><\/tr><tr><td>LUNGU Florin<\/td><td>Romania<\/td><\/tr><tr><td>MANESCU Gabriel<\/td><td>Romania<\/td><\/tr><tr><td>MARA Daniel<\/td><td>Romania<\/td><\/tr><tr><td>MARJANOVI\u0106 Nenad<\/td><td>Serbia&nbsp;<\/td><\/tr><tr><td>MARJANOVI\u0106 Vesna<\/td><td>Serbia<\/td><\/tr><tr><td>MARTIN GUTIERREZ Jorge<\/td><td>Spain<\/td><\/tr><tr><td>MATEJI\u0106 Milo\u0161<\/td><td>Serbia&nbsp;<\/td><\/tr><tr><td>MEIXNER Gerrit<\/td><td>Germany<\/td><\/tr><tr><td>MILETI\u0106 Ivan<\/td><td>Serbia&nbsp;<\/td><\/tr><tr><td>MILI\u0106 Davor<\/td><td>Bosnia Hertegovina<\/td><\/tr><tr><td>MILTENOVI\u0106 Aleksandar<\/td><td>Serbia<\/td><\/tr><tr><td>MILUTINOVI\u0106 Miroslav<\/td><td>Bosnia Hertegovina<\/td><\/tr><tr><td>MIRICESCU Dan<\/td><td>Romania<\/td><\/tr><tr><td>MI\u0160KOVI\u0106 \u017darko &nbsp;<\/td><td>Serbia<\/td><\/tr><tr><td>MOCAN Marian<\/td><td>Romania<\/td><\/tr><tr><td>MOHORA Cristina<\/td><td>Romania<\/td><\/tr><tr><td>MORARU Cristin Olimpiu<\/td><td>Romania<\/td><\/tr><tr><td>MORARU Gina Maria<\/td><td>Romania<\/td><\/tr><tr><td>MORARU Roland-Iosif<\/td><td>Romania<\/td><\/tr><tr><td>MOROVI\u0106 Ladislav<\/td><td>Slovakia<\/td><\/tr><tr><td>NAG\u00ce\u0162 Gheorghe<\/td><td>Romania<\/td><\/tr><tr><td>NEAM\u0162U C\u0103lin<\/td><td>Romania<\/td><\/tr><tr><td>NEDELCU Dumitru<\/td><td>Romania<\/td><\/tr><tr><td>NI\u021aU Eduard<\/td><td>Romania<\/td><\/tr><tr><td>OANCEA Gheorghe<\/td><td>Romania<\/td><\/tr><tr><td>OLEKSIK Valentin<\/td><td>Romania<\/td><\/tr><tr><td>PASCU Adrian<\/td><td>Romania<\/td><\/tr><tr><td>P\u0102SCULESCU Vlad<\/td><td>Romania<\/td><\/tr><tr><td>PETROVI\u0106 Nenad<\/td><td>Serbia&nbsp;<\/td><\/tr><tr><td>PETRUSE Radu<\/td><td>Romania<\/td><\/tr><tr><td>PIRVU BOGDAN<\/td><td>Romania<\/td><\/tr><tr><td>PISLA Doina<\/td><td>Romania<\/td><\/tr><tr><td>P\u020aSLARU Marius<\/td><td>Romania<\/td><\/tr><tr><td>POP Alin Florin<\/td><td>Romania<\/td><\/tr><tr><td>POPAN Alexandru<\/td><td>Romania<\/td><\/tr><tr><td>POPESCU Daniela<\/td><td>Romania<\/td><\/tr><tr><td>POPESCU Diana<\/td><td>Romania<\/td><\/tr><tr><td>POPESCU Dorin<\/td><td>Romania<\/td><\/tr><tr><td>PRAJOV\u00c1 Vanessa<\/td><td>Slovakia<\/td><\/tr><tr><td>PRISACARU Gheorghe<\/td><td>Romania<\/td><\/tr><tr><td>PRODANOVI\u0106 Sa\u0161a<\/td><td>Bosnia Hertegovina<\/td><\/tr><tr><td>RACKOV Milan<\/td><td>Serbia<\/td><\/tr><tr><td>RACZ Sever Gabriel<\/td><td>Romania<\/td><\/tr><tr><td>RAD Ciprian<\/td><td>Romania<\/td><\/tr><tr><td>RADU Sorin-Mihai<\/td><td>Romania<\/td><\/tr><tr><td>RAMLJAK Ivana<\/td><td>Bosnia Hertegovina<\/td><\/tr><tr><td>RANF Diana<\/td><td>Romania<\/td><\/tr><tr><td>RATH Setik<\/td><td>Cambodia<\/td><\/tr><tr><td>RO\u015eCA Liviu<\/td><td>Romania<\/td><\/tr><tr><td>RUZAROVSKY Roman<\/td><td>Slovakia<\/td><\/tr><tr><td>\u0160AKOVI\u0106-JOVANOVI\u0106 Jelena<\/td><td>Muntenegru<\/td><\/tr><tr><td>S\u00c1ROSI J\u00f3zsef<\/td><td>Hungary<\/td><\/tr><tr><td>\u0160EKULARAC-IVO\u0160EVI\u0106 Senka<\/td><td>Muntenegru<\/td><\/tr><tr><td>SEVERIN Irina<\/td><td>Romania<\/td><\/tr><tr><td>SIMION Carmen Mihaela<\/td><td>Romania<\/td><\/tr><tr><td>SL\u0102TINEANU Lauren\u021biu<\/td><td>Romania<\/td><\/tr><tr><td>SOM Ratana<\/td><td>Cambodia<\/td><\/tr><tr><td>STAN Simona<\/td><td>USA&nbsp;<\/td><\/tr><tr><td>STANCIU Radu<\/td><td>Romania<\/td><\/tr><tr><td>SUCIU Cornel<\/td><td>Romania<\/td><\/tr><tr><td>TABAKOVI\u0106 Slobodan<\/td><td>Serbia<\/td><\/tr><tr><td>T\u0102M\u0102\u015eIL\u0102 Matei<\/td><td>Romania<\/td><\/tr><tr><td>\u021aARC\u0102 Radu<\/td><td>Romania<\/td><\/tr><tr><td>TIRLEA Anca<\/td><td>Romania<\/td><\/tr><tr><td>\u021a\u00ce\u021aU Mihail Aurel<\/td><td>Romania<\/td><\/tr><tr><td>TOMOVI\u0106 Radoslav<\/td><td>Muntenegru<\/td><\/tr><tr><td>TRIF Adrian<\/td><td>Romania<\/td><\/tr><tr><td>TRZEPIECI\u0143SKI Tomasz<\/td><td>Poland<\/td><\/tr><tr><td>TUDOSE Lucian<\/td><td>Switzerland<\/td><\/tr><tr><td>TUJAROV Krasimir<\/td><td>Bulgaria<\/td><\/tr><tr><td>TULCAN Aurel<\/td><td>Romania<\/td><\/tr><tr><td>UDROIU Razvan<\/td><td>Romania<\/td><\/tr><tr><td>UNGUREANU Nicolae<\/td><td>Romania<\/td><\/tr><tr><td>Vu\u010deti\u0107 Nikola<\/td><td>Bosnia Hertegovina<\/td><\/tr><tr><td>VUJADINOVI\u0106 Radoje<\/td><td>Muntenegru<\/td><\/tr><tr><td>VUJOVI\u0106 Aleksandar<\/td><td>Muntenegru<\/td><\/tr><tr><td>ZAHARIA Sebastian<\/td><td>Romania<\/td><\/tr><tr><td>ZERBES Mihai<\/td><td>Romania<\/td><\/tr><tr><td>\u017dIVKOVI\u0106 Aleksandar <\/td><td>Serbia<\/td><\/tr><tr><td>ZUHLKE Detlef<\/td><td>Germany<\/td><\/tr><\/tbody><\/table><\/figure>\n","protected":false},"excerpt":{"rendered":"<p>Honorary committee Dorel BANABIC, Romania George DR\u0102GHICI, Romania Petru BERCE, Romania Dan Maniu DU\u015eE, Romania Ioan BONDREA, Romania Constantin OPREAN, Romania Paul Dan BR\u00ceNDA\u015eU, Romania Scientific committee AKOS Cziszar Germany ALEKSI\u0106 Aleksandar Serbia AMZA Catalin Gheorghe Romania ANTUNOVI\u0106 Ranko Bosnia Hertegovina ARETOULIS George Greece ARGHIR Mariana Romania AVASILC\u0102I Silvia Romania AVRIGEAN Eugen Romania B\u0102DESCU Mircea&hellip; <br \/> <a class=\"button small blue\" href=\"https:\/\/conferences.ulbsibiu.ro\/mse\/index.php\/scientific-committee\/\">Read more<\/a><\/p>\n","protected":false},"author":1,"featured_media":71,"parent":0,"menu_order":0,"comment_status":"closed","ping_status":"closed","template":"","meta":[],"_links":{"self":[{"href":"https:\/\/conferences.ulbsibiu.ro\/mse\/index.php\/wp-json\/wp\/v2\/pages\/204"}],"collection":[{"href":"https:\/\/conferences.ulbsibiu.ro\/mse\/index.php\/wp-json\/wp\/v2\/pages"}],"about":[{"href":"https:\/\/conferences.ulbsibiu.ro\/mse\/index.php\/wp-json\/wp\/v2\/types\/page"}],"author":[{"embeddable":true,"href":"https:\/\/conferences.ulbsibiu.ro\/mse\/index.php\/wp-json\/wp\/v2\/users\/1"}],"replies":[{"embeddable":true,"href":"https:\/\/conferences.ulbsibiu.ro\/mse\/index.php\/wp-json\/wp\/v2\/comments?post=204"}],"version-history":[{"count":9,"href":"https:\/\/conferences.ulbsibiu.ro\/mse\/index.php\/wp-json\/wp\/v2\/pages\/204\/revisions"}],"predecessor-version":[{"id":265,"href":"https:\/\/conferences.ulbsibiu.ro\/mse\/index.php\/wp-json\/wp\/v2\/pages\/204\/revisions\/265"}],"wp:featuredmedia":[{"embeddable":true,"href":"https:\/\/conferences.ulbsibiu.ro\/mse\/index.php\/wp-json\/wp\/v2\/media\/71"}],"wp:attachment":[{"href":"https:\/\/conferences.ulbsibiu.ro\/mse\/index.php\/wp-json\/wp\/v2\/media?parent=204"}],"curies":[{"name":"wp","href":"https:\/\/api.w.org\/{rel}","templated":true}]}}