{"id":13,"date":"2021-05-24T10:39:30","date_gmt":"2021-05-24T10:39:30","guid":{"rendered":"https:\/\/conferences.ulbsibiu.ro\/zbr\/?page_id=13"},"modified":"2026-02-26T09:38:30","modified_gmt":"2026-02-26T09:38:30","slug":"acasa","status":"publish","type":"page","link":"https:\/\/conferences.ulbsibiu.ro\/zbr\/","title":{"rendered":"Acasa"},"content":{"rendered":"\n<div class=\"wp-block-getwid-media-text-slider alignfull wp-block-getwid-media-text-slider--current-slide-1 has-arrows-outside has-dots-outside\" data-labels=\"[&quot;Slide 1&quot;]\" data-animation=\"fadeIn\" data-duration=\"1500ms\" data-delay=\"0ms\"><div class=\"wp-block-getwid-media-text-slider__slides-wrapper\"><div class=\"wp-block-getwid-media-text-slider__content\" data-slide-autoplay=\"false\" data-slide-pause-on-hover=\"true\" data-slide-autoplay-speed=\"5000\" data-slide-speed=\"1000\" data-infinite=\"true\">\n<div style=\"min-height:640px\" class=\"wp-block-getwid-media-text-slider-slide wp-block-getwid-media-text-slider-slide__content-wrapper slide-1\"><div style=\"min-height:640px\" class=\"wp-block-getwid-media-text-slider-slide__content\">\n<div class=\"wp-block-getwid-media-text-slider-slide-content\"><figure class=\"wp-block-getwid-media-text-slider-slide-content__media\"><img loading=\"lazy\" width=\"1920\" height=\"960\" src=\"https:\/\/conferences.ulbsibiu.ro\/zbr\/wp-content\/uploads\/cells.jpg\" alt=\"\" class=\"wp-block-getwid-media-text-slider-slide-content__image wp-image-121\" srcset=\"https:\/\/conferences.ulbsibiu.ro\/zbr\/wp-content\/uploads\/cells.jpg 1920w, https:\/\/conferences.ulbsibiu.ro\/zbr\/wp-content\/uploads\/cells-300x150.jpg 300w, https:\/\/conferences.ulbsibiu.ro\/zbr\/wp-content\/uploads\/cells-1024x512.jpg 1024w, https:\/\/conferences.ulbsibiu.ro\/zbr\/wp-content\/uploads\/cells-768x384.jpg 768w, https:\/\/conferences.ulbsibiu.ro\/zbr\/wp-content\/uploads\/cells-1536x768.jpg 1536w, https:\/\/conferences.ulbsibiu.ro\/zbr\/wp-content\/uploads\/cells-1200x600.jpg 1200w\" sizes=\"(max-width: 1920px) 100vw, 1920px\" \/><div class=\"wp-block-getwid-media-text-slider-slide-content__media-overlay\" style=\"opacity:0.3\"><\/div><\/figure><div class=\"wp-block-getwid-media-text-slider-slide-content__content\"><div class=\"wp-block-getwid-media-text-slider-slide-content__content-wrapper\">\n<h2 class=\"has-text-align-center\">Ziua Bolilor Rare 2026<\/h2>\n\n\n\n<p class=\"has-text-align-center\">Conferin\u021b\u0103 organizat\u0103 sub egida Universit\u0103\u021bii Lucian Blaga din Sibiu \u0219i a Societ\u0103\u021bii rom\u00e2ne de genetic\u0103 medical\u0103<\/p>\n\n\n\n<p class=\"has-text-align-center\"><strong>SIBIU 03.03.2026<\/strong><br><strong>Ora 10 \u2013 SALA DE CONFERINTE ,ET.7, CLINICA MEDLIFE POLISANO<\/strong><\/p>\n\n\n\n<div class=\"wp-block-buttons is-content-justification-center\">\n<div class=\"wp-block-button\"><a class=\"wp-block-button__link\" href=\"https:\/\/conferences.ulbsibiu.ro\/zbr\/comunicat\/\">COMUNICAT<\/a><\/div>\n\n\n\n<div class=\"wp-block-button\"><a class=\"wp-block-button__link has-text-color has-background\" href=\"https:\/\/conferences.ulbsibiu.ro\/zbr\/program\/\" style=\"border-radius:2px;background-color:#ba0c49;color:#fffffa\">PROGRAM<\/a><\/div>\n<\/div>\n<\/div><\/div><\/div>\n<\/div><\/div>\n<\/div><\/div><\/div>\n\n\n\n<div class=\"wp-block-image\"><figure class=\"aligncenter size-large\"><img loading=\"lazy\" width=\"940\" height=\"788\" src=\"https:\/\/conferences.ulbsibiu.ro\/zbr\/wp-content\/uploads\/zbr-2026.jpg\" alt=\"\" class=\"wp-image-287\" srcset=\"https:\/\/conferences.ulbsibiu.ro\/zbr\/wp-content\/uploads\/zbr-2026.jpg 940w, https:\/\/conferences.ulbsibiu.ro\/zbr\/wp-content\/uploads\/zbr-2026-300x251.jpg 300w, https:\/\/conferences.ulbsibiu.ro\/zbr\/wp-content\/uploads\/zbr-2026-768x644.jpg 768w\" sizes=\"(max-width: 940px) 100vw, 940px\" \/><\/figure><\/div>\n\n\n\n<p><\/p>\n","protected":false},"excerpt":{"rendered":"","protected":false},"author":1,"featured_media":0,"parent":0,"menu_order":0,"comment_status":"closed","ping_status":"closed","template":"","meta":[],"_links":{"self":[{"href":"https:\/\/conferences.ulbsibiu.ro\/zbr\/wp-json\/wp\/v2\/pages\/13"}],"collection":[{"href":"https:\/\/conferences.ulbsibiu.ro\/zbr\/wp-json\/wp\/v2\/pages"}],"about":[{"href":"https:\/\/conferences.ulbsibiu.ro\/zbr\/wp-json\/wp\/v2\/types\/page"}],"author":[{"embeddable":true,"href":"https:\/\/conferences.ulbsibiu.ro\/zbr\/wp-json\/wp\/v2\/users\/1"}],"replies":[{"embeddable":true,"href":"https:\/\/conferences.ulbsibiu.ro\/zbr\/wp-json\/wp\/v2\/comments?post=13"}],"version-history":[{"count":37,"href":"https:\/\/conferences.ulbsibiu.ro\/zbr\/wp-json\/wp\/v2\/pages\/13\/revisions"}],"predecessor-version":[{"id":292,"href":"https:\/\/conferences.ulbsibiu.ro\/zbr\/wp-json\/wp\/v2\/pages\/13\/revisions\/292"}],"wp:attachment":[{"href":"https:\/\/conferences.ulbsibiu.ro\/zbr\/wp-json\/wp\/v2\/media?parent=13"}],"curies":[{"name":"wp","href":"https:\/\/api.w.org\/{rel}","templated":true}]}}