{"id":247,"date":"2024-02-16T05:53:09","date_gmt":"2024-02-16T05:53:09","guid":{"rendered":"https:\/\/conferences.ulbsibiu.ro\/zbr\/?page_id=247"},"modified":"2026-02-26T09:34:45","modified_gmt":"2026-02-26T09:34:45","slug":"arhiva","status":"publish","type":"page","link":"https:\/\/conferences.ulbsibiu.ro\/zbr\/arhiva\/","title":{"rendered":"Arhiva"},"content":{"rendered":"\n<p><\/p>\n\n\n\n<h1 class=\"has-text-align-center\">Editia 2025<\/h1>\n\n\n\n<div class=\"wp-block-image\"><figure class=\"aligncenter size-large\"><img loading=\"lazy\" width=\"819\" height=\"1024\" src=\"https:\/\/conferences.ulbsibiu.ro\/zbr\/wp-content\/uploads\/poster-ZBR-2025-819x1024.jpg\" alt=\"\" class=\"wp-image-276\" srcset=\"https:\/\/conferences.ulbsibiu.ro\/zbr\/wp-content\/uploads\/poster-ZBR-2025-819x1024.jpg 819w, https:\/\/conferences.ulbsibiu.ro\/zbr\/wp-content\/uploads\/poster-ZBR-2025-240x300.jpg 240w, https:\/\/conferences.ulbsibiu.ro\/zbr\/wp-content\/uploads\/poster-ZBR-2025-768x960.jpg 768w, https:\/\/conferences.ulbsibiu.ro\/zbr\/wp-content\/uploads\/poster-ZBR-2025.jpg 1080w\" sizes=\"(max-width: 819px) 100vw, 819px\" \/><\/figure><\/div>\n\n\n\n<h1 class=\"has-text-align-center\"><\/h1>\n\n\n\n<p>ZIUA BOLILOR RARE \u2013SIBIU 04.03.2025<\/p>\n\n\n\n<p>&nbsp;&nbsp;&nbsp;&nbsp; Ora 10 \u2013 SALA DE CONFERINTE ,ET.7, CLINICA MEDLIFE POLISANO<\/p>\n\n\n\n<p><strong>CONFERINTA ORGANIZATA SUB EGIDA:<\/strong><\/p>\n\n\n\n<p><strong><\/strong><em>UNIVERSITATII\u201d LUCIAN BLAGA\u2033 DIN SIBIIU<\/em><\/p>\n\n\n\n<p><em>SOCIETATII ROMANE DE GENETICA MEDICALA<\/em><strong><\/strong><\/p>\n\n\n\n<p><em>COLEGIUL MEDICILOR DIN ROMANIA<\/em><\/p>\n\n\n\n<p><strong>PARTENERI:<\/strong><\/p>\n\n\n\n<p><strong>Clinica&nbsp;<\/strong><strong>MedLife Polisano<\/strong><\/p>\n\n\n\n<p><strong>Sanofi Romania<\/strong><\/p>\n\n\n\n<p><strong>Recordati Rare Diseases<\/strong><\/p>\n\n\n\n<p><strong>Asociatia D.A.R<\/strong><strong>. (Dorinta, Ajutor, Recuperare)<\/strong><\/p>\n\n\n\n<p>Ziua Bolilor Rare este mi\u0219carea coordonat\u0103 la nivel global care militeaza pentru ca persoanele cu afec\u021biuni rare sa beneficieze de oportunit\u0103\u021bile sociale, asisten\u021ba medical\u0103, accesul la diagnostic \u0219i terapii specifice.<\/p>\n\n\n\n<p>De la crearea sa \u00een anul 2008, Ziua Bolilor Rare a jucat un rol esen\u021bial \u00een construirea unei comunit\u0103\u021bi interna\u021bionale, care este multi-boli, global\u0103 \u0219i divers\u0103 \u2013 dar unit\u0103 \u00een scop.<\/p>\n\n\n\n<p>Ziua Bolilor Rare este celebrat\u0103 \u00een fiecare an \u00een 28 februarie sau 29 \u00een anii bisec\u021bi \u2013 cea mai rar\u0103 zi a anului.<\/p>\n\n\n\n<p>Ziua Bolilor Rare a fost \u00eenfiin\u021bat\u0103 \u0219i este coordonat\u0103 de EURORDIS, precum \u0219i de peste 72 de parteneri din alian\u021bele na\u021bionale ale organiza\u021biilor de pacien\u021bi.&nbsp;<\/p>\n\n\n\n<p>Aproape toate bolile genetice sunt rare, dar nu toate bolile rare sunt genetice. P\u00e2n\u0103 \u00een prezent, cauza multor boli rare este \u00eenc\u0103 necunoscut\u0103<em>.<\/em><\/p>\n\n\n\n<p>Potrivit statisticilor, la nivelul Uniunii Europene, peste 30 milioane de oameni sufer\u0103 de boli rare reprezent\u00e2nd aproximativ 8% din totalul popula\u0163iei.<\/p>\n\n\n\n<p>Domeniul bolilor rare sufer\u0103 de un deficit al cuno\u015ftin\u0163elor medicale \u015fi \u015ftiin\u0163ifice. Pentru mult timp, medicii, cercet\u0103torii \u015fi politicienii nu au fost aviza\u0163i despre bolile rare \u015fi p\u00e2n\u0103 foarte de cur\u00e2nd nu exista cercetare real\u0103 sau politic\u0103 de s\u0103n\u0103tate public\u0103 privind aspectele legate de acest domeniu.&nbsp;<\/p>\n\n\n\n<p>Echitatea, \u00een practic\u0103, reprezint\u0103 \u00een\u021belegerea nevoilor specifice ale fiec\u0103rei persoane care tr\u0103ie\u0219te cu o boal\u0103 rar\u0103 \u0219i eliminarea oric\u0103rei bariere care previne participarea complet\u0103&nbsp; \u00een societate a acelei persoane. Pentru oamenii diagnostica\u021bi cu o boal\u0103 rar\u0103, echitatea se traduce prin oportunit\u0103\u021bi sociale, non-discriminare \u00een educa\u021bie \u0219i munc\u0103, acces egal la s\u0103n\u0103tate, \u00eengrijiri, diagnostic \u0219i tratament.<\/p>\n\n\n\n<p>Obiectivul pe termen lung al Zilei Bolilor Rare este de a spori accesibilitatea la diagnostic si tratament pentru oamenii care sufer\u0103 de boli rare \u0219i familiile lor.<\/p>\n\n\n\n<p>Ziua Bolilor Rare este un exemplu excelent al modului \u00een care continu\u0103 s\u0103 se fac\u0103 progrese si mediatizare prin evenimente organizate \u00een \u00eentreaga lume, \u00een fiecare an.<\/p>\n\n\n\n<p><strong>ORGANIZATORI PRINCIPALI:<\/strong><\/p>\n\n\n\n<p>SEF LUCRARI DR. ATASIE DITER- Disciplina Genetica- Facultatea de |Medicina Sibiu<\/p>\n\n\n\n<p>Asistent Universitar Dr. Popescu Adriana- Disciplina Genetica- Facultatea de |Medicina Sibiu<\/p>\n\n\n\n<p>DEPARTAMENT II CLINIC MEDICAL<\/p>\n\n\n\n<h1 class=\"has-text-align-center\">Program<\/h1>\n\n\n\n<p><strong>04.03.2025<\/strong><\/p>\n\n\n\n<p><strong>10:00-10:30<\/strong>..\u201d Boli genetice rare cu raspandire globala-recunoastere cu ocazia Zilei Bolilor Rare\u201d- Dr. Atasie Diter, Sef Lucrari, Doctor in Stiinte Medicale, Medic Primar Genetica Medicala<\/p>\n\n\n\n<p><strong>10:30-11:00<\/strong>..\u201dHidrocefalia posthemoragica la prematuri\u201d, -Dr. Matei Claudiu- Sef Lucrari, Doctor in Stiinte Medicale, Medic Primar Neurochirurgie<\/p>\n\n\n\n<p><strong>11:00-11:30<\/strong>..\u201dHemofilia secundara\u201d- Dr. Pumnea Manuela, Conferentiar Universitar, Doctor in Stiinte Medicale, Medic Specialist Medicina Interna si Hematologie<\/p>\n\n\n\n<p><strong>11:30-12:00<\/strong>\u201dBoala Nieman Pick- Olipudaza alfa (Xenpozyme) \u2013 primul si singurul tratament disponibil pacientilor cu aceasta boala, formele A\/B si B\u201d- Dr. Varga Dan- Medic Medicina Generala<\/p>\n\n\n\n<p><strong>12:00 -12:30<\/strong>..\u201d Sindromul Dravet -noi perspective de diagnostic si tratament \u201d- Dr. Visa Gabriela, Medic Primar Neurologie Pediatrica<\/p>\n\n\n\n<p><em><strong>12:30-12:45<\/strong>&nbsp;Pauza de cafea<\/em><\/p>\n\n\n\n<p><strong>12:45-13:15<\/strong>..\u201dDistoniile-clasificare,diagnostic,tratament\u201d- Dr. Filip Dan- Medic Primar Neurologie<\/p>\n\n\n\n<p><strong>13:15-13:45<\/strong>..\u201dMastocitoza sistemica-boala rara si subdiagnosticata-de la teorie la practica\u201d- Dr. Catana Alina, Sef lucrari,&nbsp; Doctor in Stiinte Medicale, Medic Primar Hematologie<\/p>\n\n\n\n<p><strong>13:45-14:15<\/strong>..\u201dAbordarea moderna a cancerului paratiroidian\u201d- Dr. Stanciu Mihaela, Prof. Univ., Doctor in Stiinte Medicale, Medic Primar Endocrinologie, Dr. Lebada Codruta Ioana, Medic Specialist Endocrinologie<\/p>\n\n\n\n<p><strong>14:15-14:45<\/strong>..\u201d Importanta tratamentului&nbsp; si consecventa in terapia copiilor cu dizabilitati.\u201d- Cotofana Ancuta Maria- Asociatia DAR<\/p>\n\n\n\n<p><em><strong>14:45-15:00&nbsp;<\/strong>Pauza Cafea<\/em><\/p>\n\n\n\n<p><em><strong>15:00-15:30<\/strong><\/em>..\u201dProvocari in fibroza chistica\u201d- Dr. Matacuta Ioana, Sef lucrari, Doctor in Stiinte Medicale, Medic Primar Pediatrie<\/p>\n\n\n\n<p><strong>15:30-16:00<\/strong>..\u201dSindromul Mauriac-istorie sau actualitate?\u201d- Dr. Dobrota Luminita- Sef Lucrari, Doctor in Stiinte Medicale, Medic Primar Pediatrie; Dr. Stan Morar Andreea<\/p>\n\n\n\n<p><strong>16:00-16:30<\/strong>&nbsp;.. \u201dHiperamoniemia si Acidul Carglumic\u201d \u201d- Dr. Popescu Adriana \u2013 Asistent Universitar, Doctor in Stiinte Medicale, Medic Primar Medicina de Laborator, Medic specialist Genetica Medicala.<\/p>\n\n\n\n<p><strong>16:30-17:00<\/strong>.. \u201dCarcinom mamar metaplastic-o forma rara si agresiva de cancer de san. Prezentare de caz\u201d \u2013Dr. Sinea Laura , Medic specialist Oncologie<\/p>\n\n\n\n<p><strong>17:00-17:30<\/strong>\u2026\u201dConsultul si sfatul genetic- preocupari ale pacientului modern\u201d- Dr. Atasie Diter, Sef Lucrari, Doctor in Stiinte Medicale, Medic Primar Genetica Medicala<\/p>\n\n\n\n<p><strong>17:30-18:00<\/strong>..,\u201d Boala Huntington \u201d- Dr. Popescu Adriana \u2013 Asistent Universitar, Doctor in Stiinte Medicale, Medic Primar Medicina de Laborator, Medic specialist Genetica Medicala.<\/p>\n\n\n\n<h1 class=\"has-text-align-center\">Editia 2024<\/h1>\n\n\n\n<div class=\"wp-block-image\"><figure class=\"aligncenter size-large\"><img loading=\"lazy\" width=\"731\" height=\"1024\" src=\"https:\/\/conferences.ulbsibiu.ro\/zbr\/wp-content\/uploads\/afis-ZBR-2024-731x1024.jpg\" alt=\"\" class=\"wp-image-262\" srcset=\"https:\/\/conferences.ulbsibiu.ro\/zbr\/wp-content\/uploads\/afis-ZBR-2024-731x1024.jpg 731w, https:\/\/conferences.ulbsibiu.ro\/zbr\/wp-content\/uploads\/afis-ZBR-2024-214x300.jpg 214w, https:\/\/conferences.ulbsibiu.ro\/zbr\/wp-content\/uploads\/afis-ZBR-2024-768x1076.jpg 768w, https:\/\/conferences.ulbsibiu.ro\/zbr\/wp-content\/uploads\/afis-ZBR-2024.jpg 1080w\" sizes=\"(max-width: 731px) 100vw, 731px\" \/><\/figure><\/div>\n\n\n\n<p class=\"has-text-align-center\"><strong>ZIUA BOLILOR RARE \u2013SIBIU 05.03.2024<\/strong><br><strong>Ora 10 \u2013 SALA DE CONFERINTE ,ET.7, CLINICA MEDLIFE POLISANO<\/strong><\/p>\n\n\n\n<p class=\"has-text-align-center\">CONFERINTA ORGANIZATA SUB EGIDA:<br>UNIVERSITATII\u201d LUCIAN BLAGA\u2033 DIN SIBIIU<br>SOCIETATII ROMANE DE GENETICA MEDICALA<br>COLEGIUL MEDICILOR DIN ROMANIA<\/p>\n\n\n\n<p class=\"has-text-align-center\"><strong>PARTENERI:<br><\/strong>Clinica MedLife Polisano<br>Sanofi Romania<br>Recordati Rare Diseases<br>Asociatia D.A.R. (Dorinta, Ajutor, Recuperare)<\/p>\n\n\n\n<p>Ziua Bolilor Rare este mi\u0219carea coordonat\u0103 la nivel global care militeaza pentru ca persoanele cu afec\u021biuni rare sa beneficieze de oportunit\u0103\u021bile sociale, asisten\u021ba medical\u0103, accesul la diagnostic \u0219i terapii specifice.<br><br>De la crearea sa \u00een anul 2008, Ziua Bolilor Rare a jucat un rol esen\u021bial \u00een construirea unei comunit\u0103\u021bi interna\u021bionale, care este multi-boli, global\u0103 \u0219i divers\u0103 \u2013 dar unit\u0103 \u00een scop.<br><br>Ziua Bolilor Rare este celebrat\u0103 \u00een fiecare an \u00een 28 februarie sau 29 \u00een anii bisec\u021bi \u2013 cea mai rar\u0103 zi a anului.<br><br>Ziua Bolilor Rare a fost \u00eenfiin\u021bat\u0103 \u0219i este coordonat\u0103 de EURORDIS, precum \u0219i de peste 72 de parteneri din alian\u021bele na\u021bionale ale organiza\u021biilor de pacien\u021bi.<br><br>Aproape toate bolile genetice sunt rare, dar nu toate bolile rare sunt genetice. P\u00e2n\u0103 \u00een prezent, cauza multor boli rare este \u00eenc\u0103 necunoscut\u0103.<br>Potrivit statisticilor, la nivelul Uniunii Europene, peste 30 milioane de oameni sufer\u0103 de boli rare reprezent\u00e2nd aproximativ 8% din totalul popula\u0163iei.<br><br>Domeniul bolilor rare sufer\u0103 de un deficit al cuno\u015ftin\u0163elor medicale \u015fi \u015ftiin\u0163ifice. Pentru mult timp, medicii, cercet\u0103torii \u015fi politicienii nu au fost aviza\u0163i despre bolile rare \u015fi p\u00e2n\u0103 foarte de cur\u00e2nd nu exista cercetare real\u0103 sau politic\u0103 de s\u0103n\u0103tate public\u0103 privind aspectele legate de acest domeniu.<br>Echitatea, \u00een practic\u0103, reprezint\u0103 \u00een\u021belegerea nevoilor specifice ale fiec\u0103rei persoane care tr\u0103ie\u0219te cu o boal\u0103 rar\u0103 \u0219i eliminarea oric\u0103rei bariere care previne participarea complet\u0103 \u00een societate a acelei persoane. Pentru oamenii diagnostica\u021bi cu o boal\u0103 rar\u0103, echitatea se traduce prin oportunit\u0103\u021bi sociale, non-discriminare \u00een educa\u021bie \u0219i munc\u0103, acces egal la s\u0103n\u0103tate, \u00eengrijiri, diagnostic \u0219i tratament.<br><br>Obiectivul pe termen lung al Zilei Bolilor Rare este de a spori accesibilitatea la diagnostic si tratament pentru oamenii care sufer\u0103 de boli rare \u0219i familiile lor.<br><br>Ziua Bolilor Rare este un exemplu excelent al modului \u00een care continu\u0103 s\u0103 se fac\u0103 progrese si mediatizare prin evenimente organizate \u00een \u00eentreaga lume, \u00een fiecare an.<\/p>\n\n\n\n<p><strong>ORGANIZATORI PRINCIPALI:<br><\/strong>SEF LUCRARI DR. ATASIE DITER- Disciplina Genetica- Facultatea de Medicina Sibiu<br>Asistent Universitar Dr. Popescu Adriana- Disciplina Genetica- Facultatea de Medicina Sibiu<br>DEPARTAMENT II CLINIC MEDICAL<\/p>\n\n\n\n<p><\/p>\n\n\n\n<h1 class=\"has-text-align-center\">Program<\/h1>\n\n\n\n<p class=\"has-text-align-center\">05.03.2024<\/p>\n\n\n\n<p>10:00-10:30 .. \u201cZiua Bolilor Rare- Traditie, Prezent, Perspective\u201d- Dr.Atasie Diter, Sef Lucrari , Doctor in Stiinte Medicale, Medic Primar Genetica Medicala<br>10:30-11:00 .. \u201cSpina Bifida Oculta. Forme Clinice Chirurgicale\u201d, Dr. Matei Claudiu- Sef Lucrari, Doctor in Stiinte Medicale, Medic Primar Neurochirurgie<br>11:00-11:30 .. \u201cImportanta Diagnosticului Timpuriu in Evolutia Terapiei si Acceptarea Acestuia de catre Familie\u201d- Brinduse Claudia, Vicepresedinte ASOCIATA D.A.R ( Dorinta, Ajutor, Recuperare)<br>11:30-12:00 .. \u201cAxa Creier- Intestin in Sindromul Intestinului Iritabil\u201d- Dr.Pumnea Manuela, Conferentiar Universitar, Doctor in Stiinte Medicale, Medic Specialist Medicina Interna si Hematologie<\/p>\n\n\n\n<p>12:00-12:15 .. Pauza Cafea<\/p>\n\n\n\n<p>12:15-12:45 .. \u201cNeurofibromatoza tip I la varsta pediatrica\u201d- Dr. Visa Gabriela, Medic Primar Neurologie Pediatrica<br>12:45-13:15 .. \u201cFenotip si Genotip in Neuropatia senzitivo- motorie ereditara\u201d- Dr. Filip Dan- Medic Primar Neurologie<br>13:15-13:45 .. \u201cBoala Castleman\u201d- Dr. Catana Alina, Sef Lucrari, Doctor in Stiinte Medicale,Medic Primar Hematologie\u201d<\/p>\n\n\n\n<p>13:45-14:15 .. \u201cNoi abordari terapeutice in Boala Cushing\u201d- Dr. Stanciu Mihaela, Prof. Univ., Doctor in Stiinte Medicale, Medic Primar Endocrinologie<br>14:15-14:45 .. \u201cHipofosfatazia Familiala intre raritate si uitare\u201d- Dr. Dobrota Luminita- Sef Lucrari, Doctor in Stiinte Medicale, Medic Primar Pediatrie; Dr. Morar Andreea- Doctorand Facultatea de Medicina Sibiu<\/p>\n\n\n\n<p>14:45-15:00 .. Pauza Cafea<\/p>\n\n\n\n<p>15:00-15:30 .. \u201cChilomicronemia Familiaia\u201d-Dr. Matacuta Ioana, Asistent Univ. ,Doctor in Stiinte Medicale, Medic Primar Pediatrie<br>15:30-16:00 .. \u201cNoutati in Managementul Bolii Niemann-Pick- Diagnostic si Tratament\u201d-Dr. Varga Dan- Medic Medicina Generala<br>16:00-16:30 .. \u201cMeet The Heroes: ATAXIA FRIEDREICH\u201d- Dr. Popescu Adriana- Asistent Universitar, Doctor in Stiinte Medicale, Medic Primar Medicina de Laborator, Medic Specialist Genetica Medicala<br>16:30-17:00 .. \u201cDiagnosticul Genetic de Preimplantare\u201d- Dr. Atasie Diter, Sef Lucrari, Doctor in Stiinte Medicale, Medic Primar Genetica Medicala<\/p>\n\n\n\n<p>Dr Atasie Diter, Sef Lucrari, Medic Primar Genetica Medicala, Doctor in Stiinte Medicale<\/p>\n\n\n\n<h1 class=\"has-text-align-center\">Editia 2023<\/h1>\n\n\n\n<p class=\"has-text-align-center\">ZIUA BOLILOR RARE \u2013SIBIU 28.02.2023<\/p>\n\n\n\n<p class=\"has-text-align-center\">&nbsp;&nbsp;&nbsp;&nbsp; Ora 15 \u2013 Facultatea de Medicina Sibiu- Sala MPO5<\/p>\n\n\n\n<p class=\"has-text-align-center\"><strong>CONFERINTA ORGANIZATA SUB EGIDA:<\/strong><\/p>\n\n\n\n<p class=\"has-text-align-center\">UNIVERSITATII\u201d LUCIAN BLAGA\u2033 DIN SIBIU<\/p>\n\n\n\n<p class=\"has-text-align-center\">SOCIETATII ROMANE DE GENETICA MEDICALA<\/p>\n\n\n\n<p class=\"has-text-align-center\"><strong>PARTENERI:<\/strong><\/p>\n\n\n\n<p class=\"has-text-align-center\"><strong>MedLife Polisano<\/strong><\/p>\n\n\n\n<p class=\"has-text-align-center\"><strong>Sanofi Romania<\/strong><\/p>\n\n\n\n<p class=\"has-text-align-center\"><strong>Asociatia D.A.R<\/strong><strong>. (Dorinta, Ajutor, Recuperare)<\/strong><\/p>\n\n\n\n<p>Ziua Bolilor Rare este mi\u0219carea coordonat\u0103 la nivel global care militeaza pentru ca persoanele cu afec\u021biuni rare sa beneficieze de oportunit\u0103\u021bile sociale, asisten\u021ba medical\u0103, accesul la diagnostic \u0219i terapii specifice.<\/p>\n\n\n\n<p>De la crearea sa \u00een anul 2008, Ziua Bolilor Rare a jucat un rol esen\u021bial \u00een construirea unei comunit\u0103\u021bi interna\u021bionale, care este multi-boli, global\u0103 \u0219i divers\u0103 \u2013 dar unit\u0103 \u00een scop.<\/p>\n\n\n\n<p>Ziua Bolilor Rare este celebrat\u0103 \u00een fiecare an \u00een 28 februarie sau 29 \u00een anii bisec\u021bi \u2013 cea mai rar\u0103 zi a anului.<\/p>\n\n\n\n<p>Ziua Bolilor Rare a fost \u00eenfiin\u021bat\u0103 \u0219i este coordonat\u0103 de EURORDIS, precum \u0219i de peste 65 de parteneri din alian\u021bele na\u021bionale ale organiza\u021biilor de pacien\u021bi.&nbsp;<\/p>\n\n\n\n<p>Aproape toate bolile genetice sunt rare, dar nu toate bolile rare sunt genetice. P\u00e2n\u0103 \u00een prezent, cauza multor boli rare este \u00eenc\u0103 necunoscut\u0103<em>.<\/em><\/p>\n\n\n\n<p>Potrivit statisticilor, la nivelul Uniunii Europene, peste 30 milioane de oameni sufer\u0103 de boli rare reprezent\u00e2nd aproximativ 8% din totalul popula\u0163iei.<\/p>\n\n\n\n<p>Cu ocazia Zilei Bolilor Rare se transmite un mesaj puternic populatiei si societatii medicale, astfel \u00eenc\u00e2t fiecare persoan\u0103 care tr\u0103ie\u0219te cu astfel de boli s\u0103 \u00ee\u0219i poat\u0103 atinge poten\u021bialul maxim privind via\u021ba social\u0103, familial\u0103 \u0219i profesional\u0103.<\/p>\n\n\n\n<p>Obiectivul pe termen lung al Zilei Bolilor Rare este de a spori accesibilitatea la diagnostic si tratament pentru oamenii care sufer\u0103 de boli rare \u0219i familiile lor.<\/p>\n\n\n\n<p>Ziua Bolilor Rare este un exemplu excelent al modului \u00een care continu\u0103 s\u0103 se fac\u0103 progrese si mediatizare prin evenimente organizate \u00een \u00eentreaga lume, \u00een fiecare an.<\/p>\n\n\n\n<p><strong>ORGANIZATORI PRINCIPALI:<\/strong><\/p>\n\n\n\n<p>SEF LUCRARI DR. ATASIE DITER- Disciplina Genetica- Facultatea de |Medicina Sibiu<\/p>\n\n\n\n<p>Asistent Universitar Dr. Popescu Adriana- Disciplina Genetica- Facultatea de |Medicina Sibiu<\/p>\n\n\n\n<p><\/p>\n\n\n\n<h1 class=\"has-text-align-center\">Program<\/h1>\n\n\n\n<p class=\"has-text-align-center\">PROGRAM ZIUA BOLILOR RARE 2023<br>FACULTATEA DE MEDICIN\u0102<br>SALA MP 05<br>28.02.2023 ora 15<\/p>\n\n\n\n<ol><li>\u0218ef Lucr\u0103ri Dr. Diter Atasie, Carmen Oprea rezident Genetic\u0103 Medical\u0103 \u2013 ZIUA BOLILOR RARE 2023 \u2013 Semnifica\u021bii<\/li><li>\u0218ef Lucr\u0103ri Dr. Claudiu Matei \u2013 Spina bifida oculta<\/li><li>\u0218ef Lucr\u0103ri Dr. Lumini\u021ba Dobrot\u0103 \u2013 C\u00e2nd simptomele comune devin esen\u021biale \u00een diagnosticul unei boli rare<\/li><li>Conf. Univ. Dr. Manuela Pumnea \u2013 Rolul Magneziului \u00een bolile rare.<\/li><li>Dr. Dan Varga \u2013 Sanofi Romania \u2013 Boala Fabry<\/li><\/ol>\n\n\n\n<p>COFFEE BREAK<\/p>\n\n\n\n<ol><li>Cristina Mara, Ioana S\u00e2rbu \u2013 Asocia\u021bia D.A.R. (Dorin\u021b\u0103, Ajutor, Recuperare) \u2013 Repercusiunile Pandemiei \u00een cazul copiilor cu dizabilit\u0103\u021bi<\/li><li>Asist. Univ. Dr. Cristina Rezi \u2013 Forma\u021biuni nodulare hepatice -surpriza diagnostic\u0103<\/li><li>Dr. Mirela Popa \u2013 Sindrom Alport. Prezentare de caz<\/li><li>Francesca Coca \u2013 student M.G. \u2013 Muta\u021biile genetice \u00een cancerul pulmonar non-microcelular \u0219i importan\u021ba determin\u0103rii lor \u00een tratamentul acestui tip de neoplazie<\/li><li>\u0218ef Lucr\u0103ri Dr. Diter Atasie \u2013 Boli monogenice \u2013 unele rare<\/li><li>Asist. Univ. Dr. Adriana Popescu \u2013 Leucemia cu plasmocite<\/li><\/ol>\n\n\n\n<div class=\"wp-block-columns\">\n<div class=\"wp-block-column\"><\/div>\n\n\n\n<div class=\"wp-block-column\">\n<div class=\"wp-block-buttons\">\n<div class=\"wp-block-button\"><a class=\"wp-block-button__link\" href=\"https:\/\/conferences.ulbsibiu.ro\/zbr\/feedback-2023\/\/\">FEEDBACK 2023<\/a><\/div>\n<\/div>\n<\/div>\n\n\n\n<div class=\"wp-block-column\"><\/div>\n<\/div>\n","protected":false},"excerpt":{"rendered":"<p>Editia 2025 ZIUA BOLILOR RARE \u2013SIBIU 04.03.2025 &nbsp;&nbsp;&nbsp;&nbsp; Ora 10 \u2013 SALA DE CONFERINTE ,ET.7, CLINICA MEDLIFE POLISANO CONFERINTA ORGANIZATA SUB EGIDA: UNIVERSITATII\u201d LUCIAN BLAGA\u2033 DIN SIBIIU SOCIETATII ROMANE DE GENETICA MEDICALA COLEGIUL MEDICILOR DIN ROMANIA PARTENERI: Clinica&nbsp;MedLife Polisano Sanofi Romania Recordati Rare Diseases Asociatia D.A.R. (Dorinta, Ajutor, Recuperare) Ziua Bolilor Rare este mi\u0219carea coordonat\u0103 [&hellip;]<\/p>\n","protected":false},"author":1,"featured_media":0,"parent":0,"menu_order":0,"comment_status":"closed","ping_status":"closed","template":"","meta":[],"_links":{"self":[{"href":"https:\/\/conferences.ulbsibiu.ro\/zbr\/wp-json\/wp\/v2\/pages\/247"}],"collection":[{"href":"https:\/\/conferences.ulbsibiu.ro\/zbr\/wp-json\/wp\/v2\/pages"}],"about":[{"href":"https:\/\/conferences.ulbsibiu.ro\/zbr\/wp-json\/wp\/v2\/types\/page"}],"author":[{"embeddable":true,"href":"https:\/\/conferences.ulbsibiu.ro\/zbr\/wp-json\/wp\/v2\/users\/1"}],"replies":[{"embeddable":true,"href":"https:\/\/conferences.ulbsibiu.ro\/zbr\/wp-json\/wp\/v2\/comments?post=247"}],"version-history":[{"count":8,"href":"https:\/\/conferences.ulbsibiu.ro\/zbr\/wp-json\/wp\/v2\/pages\/247\/revisions"}],"predecessor-version":[{"id":286,"href":"https:\/\/conferences.ulbsibiu.ro\/zbr\/wp-json\/wp\/v2\/pages\/247\/revisions\/286"}],"wp:attachment":[{"href":"https:\/\/conferences.ulbsibiu.ro\/zbr\/wp-json\/wp\/v2\/media?parent=247"}],"curies":[{"name":"wp","href":"https:\/\/api.w.org\/{rel}","templated":true}]}}