{"id":213,"date":"2023-06-13T10:15:03","date_gmt":"2023-06-13T10:15:03","guid":{"rendered":"https:\/\/conferences.ulbsibiu.ro\/zmds\/?page_id=213"},"modified":"2023-06-13T10:31:08","modified_gmt":"2023-06-13T10:31:08","slug":"termeni-si-conditii","status":"publish","type":"page","link":"https:\/\/conferences.ulbsibiu.ro\/zmds\/termeni-si-conditii\/","title":{"rendered":"Termeni \u0219i condi\u021bii"},"content":{"rendered":"\n<p><strong>ACTUALIZARE Iunie 2023<\/strong><\/p>\n\n\n\n<p><strong>TERMENI \u0218I CONDI\u021aII DE UTILIZARE&nbsp;a platformei de \u00eenregistrare online la Congresul Zilele Medicinei Dentare Sibiene.<\/strong><\/p>\n\n\n\n<p><strong>CONTACT<\/strong><\/p>\n\n\n\n<p><strong>Universitatea \u201eLucian Blaga\u201d din Sibiu<br><\/strong>Domeniu de activitate: Educa\u021bie\/cercetare<br>CUI 4480173<br>Adresa: Bd-ul Victoriei nr.10, Sibiu, 550024, Rom\u00e2nia<br>Telefon: +40-(269) 21.77.79 , +40-(269) 21.81.65<br>Fax: +40-(269) 21.78.87<br>Web:&nbsp;<a href=\"https:\/\/www.ulbsibiu.ro\/\">https:\/\/www.ulbsibiu.ro<\/a><br>E-mail: rectorat@ulbsibiu.ro<br>Suport tehnic: support@ulbsibiu.ro<\/p>\n\n\n\n<p>Universitatea&nbsp;\u201eLucian Blaga\u201d din Sibiu&nbsp;este proprietara site-ului&nbsp;<a href=\"https:\/\/conferences.ulbsibiu.ro\/zmds\/\">https:\/\/conferences.ulbsibiu.ro\/zmds\/<\/a><\/p>\n\n\n\n<p>\u00cen cazul \u00een care utiliza\u021bi serviciile oferite prin intermediul platformei de \u00eenregistrare online la Congresul Zilele Medicinei Dentare Sibiene, \u00eenseamn\u0103 c\u0103 sunte\u021bi de acord cu termenii \u0219i condi\u021biile stipulate \u00een cele ce urmeaz\u0103:<\/p>\n\n\n\n<p><strong>ACCEPTAREA CONDI\u021aIILOR<\/strong><\/p>\n\n\n\n<p>Prin accesarea acestui site web \u0219i a paginii acestuia care cuprinde platforma de \u00eenregistrare online la Congresul Zilele Medicinei Dentare Sibiene, sunte\u021bi de acord cu aceste condi\u021bii de utilizare. Dac\u0103 nu sunte\u021bi de acord cu ace\u0219ti termeni \u0219i condi\u021bii de utilizare, nu accesa\u021bi acest site.<\/p>\n\n\n\n<p>Accesarea site-ului nu se va face prin nicio modalitate care ar putea cauza deteriorarea lui sau limitarea func\u021bionalit\u0103\u021bilor sale sau \u00eentr-o modalitate care este contrar\u0103 legii, frauduloas\u0103, d\u0103un\u0103toare sau aflat\u0103 \u00een leg\u0103tur\u0103 cu o activitate frauduloas\u0103 sau ilegal\u0103. Utilizarea site-ului nu se va face \u00een scopul g\u0103zduirii, copierii, stoc\u0103rii, transmiterii, public\u0103rii sau distribuirii oric\u0103ror materiale care con\u021bin viru\u0219i sau alte programe informatice ce au rolul de a cauza distrugeri totale sau par\u021biale.<\/p>\n\n\n\n<p><strong>DESCRIEREA SERVICIILOR<\/strong><\/p>\n\n\n\n<p>Universitatea\u00a0\u201eLucian Blaga\u201d din Sibiu\u00a0pune la dispozi\u021bia celor direct interesa\u021bi de \u00eenregistrarea online la Congresul Zilele Medicinei Dentare Sibiene, prin intermediul acestui site web \u00een scop informativ general.\u00a0<\/p>\n\n\n\n<p><strong>MODALITATI DE PLATA ACCESIBILE<\/strong><\/p>\n\n\n\n<p>Toate tarifele aferente serviciilor prezentate pe platforma, pe pagina dedicat\u0103 fiec\u0103rui produs, sunt exprimate \u00een lei (RON) .<br>Participan\u021bii la Congresul Zilele Medicinei Dentare Sibiene pot s\u0103 se \u00eenregistreze \u0219i s\u0103 achite online taxa de participare prin card bancar, utiliz\u00e2nd aceast\u0103 platform\u0103.<\/p>\n\n\n\n<p><strong>POLITICA DE LIVRARE A SERVICIILOR<\/strong><\/p>\n\n\n\n<p>Platforma func\u021bioneaza astfel:<\/p>\n\n\n\n<ul>\n<li>Participan\u021bii se \u00eenregistreaz\u0103 pe aceast\u0103 platform\u0103 \u0219i achit\u0103 taxa de participare.<\/li>\n\n\n\n<li>Confirmarea efectu\u0103rii comenzii va fi comunicat\u0103 utilizatorului prin adresa de email.<\/li>\n\n\n\n<li>Utilizatorii care au pl\u0103tit taxa primesc dreptul de a participa fizic sau online la congres; de asemenea, vor primi \u00een contul lor acces la linkul de transmisie \u00een direct.<\/li>\n<\/ul>\n\n\n\n<p><strong>POLITICA DE RETUR\/ANULARE<\/strong><\/p>\n\n\n\n<p>Taxele achitate online prin intermediul acestui site se returneaz\u0103 dup\u0103 cum urmeaz\u0103:<br>-Daca cererea de retur a sumei pl\u0103tite necuvenit este formulata si comunicata Serviciului Financiar Contabil din cadrul ULBS pana la \u00eenchiderea zilei bancare, suma se returneaz\u0103 integral, prin virament bancar in contul din care s-a efectuat plata necuvenita \u00een aceea\u0219i zi.<br>-Daca cererea de retur a sumei pl\u0103tite necuvenit este formulata si comunicata Serviciului Financiar Contabil din cadrul ULBS dup\u0103 \u00eenchiderea zilei bancare, suma diminuata cu comisionul bancar de 0,69% se returneaz\u0103 prin virament bancar in contul precizat in cererea de retur in urm\u0103toarele 7 zile de la data \u00eenregistr\u0103rii cererii de retur.<\/p>\n\n\n\n<p><strong>POLITICA DE CONFIDEN\u021aIALITATE<\/strong><\/p>\n\n\n\n<p>Accesa\u021bi pagina&nbsp;<a href=\"https:\/\/conferences.ulbsibiu.ro\/zmds\/privacy-policy\/\" data-type=\"URL\" data-id=\"https:\/\/conferences.ulbsibiu.ro\/zmds\/privacy-policy\/\">Politica de confiden\u021bialitate<\/a>.<\/p>\n\n\n\n<p><strong>NEANGAJAREA R\u0102SPUNDERII<\/strong><\/p>\n\n\n\n<p>Universitatea&nbsp;\u201eLucian Blaga\u201d din Sibiu&nbsp;nu poate fi r\u0103spunz\u0103toare \u00een nici un fel de pierderile sau daunele pe care cineva le-ar putea suferi ca urmare a folosirii necorespunz\u0103toare \u00een vreun fel a informa\u021biilor prezentate \u00een acest site web.<\/p>\n\n\n\n<p>Ca utilizator al acestei platforme online de plata taxe sunte\u021bi deplin responsabil de propriile ac\u021biuni, precum \u0219i de consecin\u021bele juridice pe care acestea le vor avea, respectiv \u00een urma pl\u0103\u021bii online \u0219i a veridicit\u0103\u021bii&nbsp;\u015fi legalit\u0103\u021bii &nbsp;informa\u021biilor pe care ni le furniza\u021bi \u00een acest sens \u0219i ni le pune\u021bi la dispozi\u021bie prin intermediul platformei online. Utilizatorul este singurul responsabil de veridicitatea, legalitatea \u0219i corectitudinea informa\u021biilor furnizate \u00een vederea efectu\u0103rii pl\u0103\u021bii online.<\/p>\n\n\n\n<p><strong>REGULI GENERALE<\/strong><\/p>\n\n\n\n<p>Orice utilizator care viziteaz\u0103 acest site o face \u00een nume personal \u0219i pe propria r\u0103spundere. Materialele \u0219i informa\u021biile con\u021binute \u00een acest site sunt furnizate \u00een scop de informare general\u0103, nefiind \u00eenso\u021bite de nici un fel de garan\u021bii, explicite sau implicite.<\/p>\n\n\n\n<p><strong>LIMIT\u0102RI DE ORDIN TEHNIC ALE SERVICIILOR<\/strong><\/p>\n\n\n\n<p>Universitatea&nbsp;\u201eLucian Blaga\u201d din Sibiu&nbsp;nu \u00ee\u0219i asum\u0103 nici o responsabilitate \u00een cazul \u00een care serviciile site-ului nu pot fi accesate de c\u0103tre utilizatori, pe o perioada nelimitat\u0103\/nedeterminat\u0103 de timp, din orice motive, tehnice sau comerciale. Universitatea&nbsp;\u201eLucian Blaga\u201d din Sibiu&nbsp;nu garanteaz\u0103 c\u0103 aspectele func\u021bionale ale acestui website nu vor fi niciodat\u0103 \u00eentrerupte sau f\u0103r\u0103 erori. Folosirea \u0219i vizitarea acestui site web se fac pe propria r\u0103spundere a utilizatorului.<\/p>\n\n\n\n<p><strong>\u00ceNCHEIEREA ACORDULUI<\/strong><\/p>\n\n\n\n<p>Universitatea&nbsp;\u201eLucian Blaga\u201d din Sibiu&nbsp;\u00ee\u0219i rezerv\u0103 dreptul de a schimba termenii, condi\u021biile \u0219i politicile \u00een orice moment, f\u0103r\u0103 notificare prealabil\u0103, prin urmare sunte\u021bi rugat s\u0103 revede\u021bi \u00een mod regulat aceast\u0103 sec\u021biune, pentru a fi informat la zi cu eventualele modific\u0103ri aduse.<\/p>\n\n\n\n<p><strong>\u00ceNREGISTRAREA \u0218I PROTEC\u021aIA DATELOR CU CARACTER PERSONAL<\/strong><\/p>\n\n\n\n<p>\u00cen conformitate cu prevederile Regulamentului (UE) 2016\/679 privind protec\u021bia persoanelor fizice in ceea ce prive\u0219te prelucrarea datelor cu caracter personal si privind libera circula\u021bie a acestor date, intrat in vigoarea la data de 25.05.2018. Universitatea&nbsp;\u201eLucian Blaga\u201d din Sibiu&nbsp;v\u0103 solicit\u0103 s\u0103 divulga\u021bi datele cu caracter personal strict necesare pentru realizarea de pl\u0103\u021bi online pentru participarea la Congresul Zilele Medicinei Dentare Sibiene, f\u0103r\u0103 ca acestea s\u0103 poat\u0103 fi divulgate sau transferate unor ter\u021be persoane f\u0103r\u0103 acordul dumneavoastr\u0103 expres. \u00cen anumite situa\u021bii expres prev\u0103zute de lege, aceste date vor putea fi furnizate autorit\u0103\u021bilor competente.<\/p>\n\n\n\n<p>Conform cerin\u021belor Legii nr. 677\/2001 pentru protec\u021bia persoanelor cu privire la prelucrarea datelor cu caracter personal \u0219i libera circula\u021bie a acestor date, modificat\u0103 \u0219i completat\u0103, \u0219i ale Legii nr. 506\/2004 privind prelucrarea datelor cu caracter personal \u0219i protec\u021bia vie\u021bii private \u00een sectorul comunica\u021biilor electronice, Universitatea&nbsp;\u201eLucian Blaga\u201d din Sibiu&nbsp;are obliga\u021bia de a administra \u00een condi\u021bii de siguran\u021b\u0103 \u0219i numai pentru scopul specificat datele personale pe care ni le furniza\u021bi despre dumneavoastr\u0103. In conformitate cu prevederile Regulamentului (UE) 2016\/679, beneficiate de urm\u0103toarele drepturi: dreptul de acces, de interven\u021bie asupra datelor, dreptul de a nu fi supus unei decizii individuale, dreptul de a va adresa justi\u021biei, dreptul la portabilitatea datelor, dreptul la restric\u021bionarea prelucr\u0103rii. Pentru exercitarea acestor drepturi, v\u0103 pute\u021bi adresa cu o cerere scrisa, datata si semnata, conducerii Universit\u0103\u021bii.<\/p>\n\n\n\n<p>Universitatea&nbsp;\u201eLucian Blaga\u201d din Sibiu&nbsp;este \u00eenscris\u0103 la A.N.S.P.D.C.P. \u00een registrul de eviden\u021b\u0103 a prelucr\u0103rilor de date cu caracter personal sub&nbsp;<strong>nr. 11827<\/strong>.<\/p>\n\n\n\n<p><strong>DREPTURI DE PROPRIETATE INTELECTUAL\u0102<\/strong><\/p>\n\n\n\n<p>Con\u021binutul acestei platforme a fost creat exclusiv \u00een scopul de a furniza informa\u021bii despre plata taxelor online pentru participarea la Congresul Zilele Medicinei Dentare Sibiene. Datele afi\u0219ate pe site nu pot fi folosite f\u0103r\u0103 acordul prealabil scris al proprietarului site-ului: Universitatea&nbsp;\u201eLucian Blaga\u201d din Sibiu. Prezentarea vizual\u0103 a acestui website \u0219i a con\u021binutului acestor pagini este protejat\u0103 prin Legea drepturilor de autor nr.8\/1996 \u00een ceea ce prive\u0219te drepturile de copiere \u0219i drepturile de proprietate intelectual\u0103. Toate drepturile sunt rezervate proprietarului site-ului. Orice reproducere total\u0103 sau par\u021bial\u0103 de pe acest site este strict interzis\u0103.<\/p>\n\n\n\n<p>Toate materialele publicate, incluz\u00e2nd, dar f\u0103r\u0103 a se limita la \u2013 articole, informa\u021bii, fotografii, date, clipuri audio \/ video \u2013 generic numite con\u021binut sunt protejate de c\u0103tre dispozi\u021biile legale incidente: Legea nr.8\/1996 privind dreptul de autor \u0219i drepturile conexe, cu modific\u0103rile \u0219i complet\u0103rile ulterioare, Legea nr.84\/1998 privind m\u0103rcile \u0219i indica\u021biile geografice, republicat\u0103 \u0219i Legea nr. 129\/1992 privind protec\u021bia desenelor \u0219i modelelor, republicat\u0103. Lipsa men\u021biunii unor texte legale ori dispozi\u021bii incidente nu conduce la inaplicabilitatea acestora.<\/p>\n\n\n\n<p>Universitatea&nbsp;\u201eLucian Blaga\u201d din Sibiu&nbsp;poate, \u00een orice moment \u0219i f\u0103r\u0103 notificare prealabil\u0103, s\u0103 revizuiasc\u0103 ace\u0219ti Termeni \u0219i Condi\u021bii de Utilizare prin actualizarea acestora. Sunte\u021bi obligat(\u0103) s\u0103 respecta\u021bi oricare \u0219i toate astfel de revizuiri \u0219i de aceea recomand\u0103m vizitarea acestei pagini a site-ului nostru \u00een mod periodic, pentru a lua cuno\u0219tin\u021b\u0103 de Termenii \u0219i Condi\u021biile de Utilizare actualizate.<\/p>\n","protected":false},"excerpt":{"rendered":"<p>ACTUALIZARE Iunie 2023 TERMENI \u0218I CONDI\u021aII DE UTILIZARE&nbsp;a platformei de \u00eenregistrare online la Congresul Zilele Medicinei Dentare Sibiene. CONTACT Universitatea \u201eLucian Blaga\u201d din SibiuDomeniu de activitate: Educa\u021bie\/cercetareCUI 4480173Adresa: Bd-ul Victoriei nr.10, Sibiu, 550024, Rom\u00e2niaTelefon: +40-(269) 21.77.79 , +40-(269) 21.81.65Fax: +40-(269) 21.78.87Web:&nbsp;https:\/\/www.ulbsibiu.roE-mail: rectorat@ulbsibiu.roSuport tehnic: support@ulbsibiu.ro Universitatea&nbsp;\u201eLucian Blaga\u201d din Sibiu&nbsp;este proprietara site-ului&nbsp;https:\/\/conferences.ulbsibiu.ro\/zmds\/ \u00cen cazul \u00een care utiliza\u021bi [&hellip;]<\/p>\n","protected":false},"author":1,"featured_media":0,"parent":0,"menu_order":0,"comment_status":"closed","ping_status":"closed","template":"","meta":[],"_links":{"self":[{"href":"https:\/\/conferences.ulbsibiu.ro\/zmds\/wp-json\/wp\/v2\/pages\/213"}],"collection":[{"href":"https:\/\/conferences.ulbsibiu.ro\/zmds\/wp-json\/wp\/v2\/pages"}],"about":[{"href":"https:\/\/conferences.ulbsibiu.ro\/zmds\/wp-json\/wp\/v2\/types\/page"}],"author":[{"embeddable":true,"href":"https:\/\/conferences.ulbsibiu.ro\/zmds\/wp-json\/wp\/v2\/users\/1"}],"replies":[{"embeddable":true,"href":"https:\/\/conferences.ulbsibiu.ro\/zmds\/wp-json\/wp\/v2\/comments?post=213"}],"version-history":[{"count":8,"href":"https:\/\/conferences.ulbsibiu.ro\/zmds\/wp-json\/wp\/v2\/pages\/213\/revisions"}],"predecessor-version":[{"id":225,"href":"https:\/\/conferences.ulbsibiu.ro\/zmds\/wp-json\/wp\/v2\/pages\/213\/revisions\/225"}],"wp:attachment":[{"href":"https:\/\/conferences.ulbsibiu.ro\/zmds\/wp-json\/wp\/v2\/media?parent=213"}],"curies":[{"name":"wp","href":"https:\/\/api.w.org\/{rel}","templated":true}]}}